{"id":2552,"date":"2025-06-25T16:33:20","date_gmt":"2025-06-25T21:33:20","guid":{"rendered":"https:\/\/www.sanboni.edu.co\/onu\/?page_id=2552"},"modified":"2025-07-02T08:27:23","modified_gmt":"2025-07-02T13:27:23","slug":"asamblea-general-2","status":"publish","type":"page","link":"https:\/\/www.sanboni.edu.co\/onu\/sblmun-2024\/comisiones\/asamblea-general-2\/","title":{"rendered":"Asamblea General: Asuntos Econ\u00f3micos y Financieros"},"content":{"rendered":"\t\t<div data-elementor-type=\"wp-page\" data-elementor-id=\"2552\" class=\"elementor elementor-2552\">\n\t\t\t\t\t\t<section class=\"elementor-section elementor-top-section elementor-element elementor-element-1b02209 elementor-section-full_width elementor-section-height-min-height elementor-section-height-default elementor-section-items-middle\" data-id=\"1b02209\" data-element_type=\"section\" data-settings=\"{&quot;background_background&quot;:&quot;classic&quot;}\">\n\t\t\t\t\t\t\t<div class=\"elementor-background-overlay\"><\/div>\n\t\t\t\t\t\t\t<div class=\"elementor-container elementor-column-gap-default\">\n\t\t\t\t\t<div class=\"elementor-column elementor-col-100 elementor-top-column elementor-element elementor-element-363bd70\" data-id=\"363bd70\" data-element_type=\"column\">\n\t\t\t<div class=\"elementor-widget-wrap elementor-element-populated\">\n\t\t\t\t\t\t<div class=\"elementor-element elementor-element-c51ade8 elementor-widget elementor-widget-heading\" data-id=\"c51ade8\" data-element_type=\"widget\" data-widget_type=\"heading.default\">\n\t\t\t\t<div class=\"elementor-widget-container\">\n\t\t\t\t\t<h2 class=\"elementor-heading-title elementor-size-default\">ASAMBLEA GENERAL: ASUNTOS ECON\u00d3MICOS Y FINANCIEROS<\/h2>\t\t\t\t<\/div>\n\t\t\t\t<\/div>\n\t\t\t\t\t<\/div>\n\t\t<\/div>\n\t\t\t\t\t<\/div>\n\t\t<\/section>\n\t\t\t\t<section class=\"elementor-section elementor-top-section elementor-element elementor-element-c5d2784 elementor-section-boxed elementor-section-height-default elementor-section-height-default\" data-id=\"c5d2784\" data-element_type=\"section\">\n\t\t\t\t\t\t<div class=\"elementor-container elementor-column-gap-default\">\n\t\t\t\t\t<div class=\"elementor-column elementor-col-66 elementor-top-column elementor-element elementor-element-b198e95\" data-id=\"b198e95\" data-element_type=\"column\">\n\t\t\t<div class=\"elementor-widget-wrap elementor-element-populated\">\n\t\t\t\t\t\t<div class=\"elementor-element elementor-element-ac0f5ba elementor-widget elementor-widget-heading\" data-id=\"ac0f5ba\" data-element_type=\"widget\" data-widget_type=\"heading.default\">\n\t\t\t\t<div class=\"elementor-widget-container\">\n\t\t\t\t\t<h2 class=\"elementor-heading-title elementor-size-default\">SOBRE LA COMISI\u00d3N<\/h2>\t\t\t\t<\/div>\n\t\t\t\t<\/div>\n\t\t\t\t<div class=\"elementor-element elementor-element-447090c elementor-widget elementor-widget-text-editor\" data-id=\"447090c\" data-element_type=\"widget\" data-widget_type=\"text-editor.default\">\n\t\t\t\t<div class=\"elementor-widget-container\">\n\t\t\t\t\t\t\t\t\t<p><span style=\"font-weight: 400;\">La Asamblea General de Asuntos Econ\u00f3micos y Financieros, tambi\u00e9n conocida como Segunda Comisi\u00f3n, forma parte de los seis comit\u00e9s principales de la Asamblea General de las Naciones Unidas. Establecida en 1945, tras el fin de la Segunda Guerra Mundial, esta comisi\u00f3n fue concebida para liderar la coordinaci\u00f3n de los temas econ\u00f3micos y sociales dentro del sistema de la ONU, trabajando en conjunto con organismos especializados y agencias internacionales.<\/span><\/p><p><span style=\"font-weight: 400;\">Su labor se centra en examinar pol\u00edticas globales relacionadas con el desarrollo econ\u00f3mico sostenible, la financiaci\u00f3n internacional, la erradicaci\u00f3n de la pobreza, el comercio, la deuda externa y otros asuntos que influyen directamente en la estabilidad econ\u00f3mica y el bienestar de los Estados miembros. A trav\u00e9s del di\u00e1logo multilateral, esta comisi\u00f3n promueve la cooperaci\u00f3n internacional y el fortalecimiento de un sistema econ\u00f3mico m\u00e1s justo y equitativo.<\/span><\/p><p><span style=\"font-weight: 400;\">La Segunda Comisi\u00f3n est\u00e1 compuesta por los 193 Estados miembros de la ONU, todos con igualdad de voto. Sin embargo, cuando se abordan decisiones dentro del marco del Consejo Econ\u00f3mico y Social (ECOSOC), este \u00f3rgano relacionado opera con 54 miembros rotativos, elegidos por la Asamblea General para mandatos de tres a\u00f1os. En este contexto, las decisiones de procedimiento requieren una mayor\u00eda simple, mientras que en cuestiones de fondo \u2014que implican implicaciones pol\u00edticas o estructurales significativas\u2014 se exige el consenso o la aprobaci\u00f3n un\u00e1nime de los miembros permanentes cuando corresponde.<\/span><\/p><p><span style=\"font-weight: 400;\">En conjunto, esta comisi\u00f3n representa un espacio clave para construir soluciones globales frente a los desaf\u00edos financieros y econ\u00f3micos que enfrentan tanto los pa\u00edses en desarrollo como las econom\u00edas m\u00e1s avanzadas.<\/span><\/p>\t\t\t\t\t\t\t\t<\/div>\n\t\t\t\t<\/div>\n\t\t\t\t\t<\/div>\n\t\t<\/div>\n\t\t\t\t<div class=\"elementor-column elementor-col-33 elementor-top-column elementor-element elementor-element-6b49cc3\" data-id=\"6b49cc3\" data-element_type=\"column\">\n\t\t\t<div class=\"elementor-widget-wrap elementor-element-populated\">\n\t\t\t\t\t\t<div class=\"elementor-element elementor-element-4c52dc8 elementor-widget elementor-widget-heading\" data-id=\"4c52dc8\" data-element_type=\"widget\" data-widget_type=\"heading.default\">\n\t\t\t\t<div class=\"elementor-widget-container\">\n\t\t\t\t\t<h2 class=\"elementor-heading-title elementor-size-default\">TEMAS:<\/h2>\t\t\t\t<\/div>\n\t\t\t\t<\/div>\n\t\t\t\t<div class=\"elementor-element elementor-element-f6d4bdc elementor-widget elementor-widget-text-editor\" data-id=\"f6d4bdc\" data-element_type=\"widget\" data-widget_type=\"text-editor.default\">\n\t\t\t\t<div class=\"elementor-widget-container\">\n\t\t\t\t\t\t\t\t\t<p><strong>Tema A:<\/strong> <span style=\"font-weight: 400;\">Impacto del proteccionismo en la Econom\u00eda Global: Oportunidades y Riesgos.<\/span><br \/><strong>Tema B:<\/strong> <span style=\"font-weight: 400;\">Declive del Multilateralismo Econ\u00f3mico: Disputas comerciales y el riesgo de una fragmentaci\u00f3n global.<\/span><\/p>\t\t\t\t\t\t\t\t<\/div>\n\t\t\t\t<\/div>\n\t\t\t\t<div class=\"elementor-element elementor-element-cf7182b elementor-align-center elementor-widget elementor-widget-button\" data-id=\"cf7182b\" data-element_type=\"widget\" data-widget_type=\"button.default\">\n\t\t\t\t<div class=\"elementor-widget-container\">\n\t\t\t\t\t\t\t\t\t<div class=\"elementor-button-wrapper\">\n\t\t\t\t\t<a class=\"elementor-button elementor-button-link elementor-size-sm\" href=\"https:\/\/drive.google.com\/file\/d\/1nPLYxrZX2QYEObkqOthzSRug3MxzuEjt\/view?usp=drive_link\" target=\"_blank\">\n\t\t\t\t\t\t<span class=\"elementor-button-content-wrapper\">\n\t\t\t\t\t\t\t\t\t<span class=\"elementor-button-text\">GU\u00cdA ACAD\u00c9MICA<\/span>\n\t\t\t\t\t<\/span>\n\t\t\t\t\t<\/a>\n\t\t\t\t<\/div>\n\t\t\t\t\t\t\t\t<\/div>\n\t\t\t\t<\/div>\n\t\t\t\t\t<\/div>\n\t\t<\/div>\n\t\t\t\t\t<\/div>\n\t\t<\/section>\n\t\t\t\t<section class=\"elementor-section elementor-top-section elementor-element elementor-element-510401e elementor-section-boxed elementor-section-height-default elementor-section-height-default\" data-id=\"510401e\" data-element_type=\"section\">\n\t\t\t\t\t\t<div class=\"elementor-container elementor-column-gap-default\">\n\t\t\t\t\t<div class=\"elementor-column elementor-col-100 elementor-top-column elementor-element elementor-element-c1e0ccb\" data-id=\"c1e0ccb\" data-element_type=\"column\">\n\t\t\t<div class=\"elementor-widget-wrap elementor-element-populated\">\n\t\t\t\t\t\t<div class=\"elementor-element elementor-element-940f09e elementor-widget elementor-widget-heading\" data-id=\"940f09e\" data-element_type=\"widget\" data-widget_type=\"heading.default\">\n\t\t\t\t<div class=\"elementor-widget-container\">\n\t\t\t\t\t<h2 class=\"elementor-heading-title elementor-size-default\">MESA DIRECTIVA<\/h2>\t\t\t\t<\/div>\n\t\t\t\t<\/div>\n\t\t\t\t<section class=\"elementor-section elementor-inner-section elementor-element elementor-element-39ca617 elementor-section-boxed elementor-section-height-default elementor-section-height-default\" data-id=\"39ca617\" data-element_type=\"section\">\n\t\t\t\t\t\t<div class=\"elementor-container elementor-column-gap-wide\">\n\t\t\t\t\t<div class=\"elementor-column elementor-col-50 elementor-inner-column elementor-element elementor-element-a2e9728\" data-id=\"a2e9728\" data-element_type=\"column\">\n\t\t\t<div class=\"elementor-widget-wrap elementor-element-populated\">\n\t\t\t\t\t\t<div class=\"elementor-element elementor-element-34c771b elementor-widget elementor-widget-icon-box\" data-id=\"34c771b\" data-element_type=\"widget\" data-widget_type=\"icon-box.default\">\n\t\t\t\t<div class=\"elementor-widget-container\">\n\t\t\t\t\t\t\t<div class=\"elementor-icon-box-wrapper\">\n\n\t\t\t\n\t\t\t\t\t\t<div class=\"elementor-icon-box-content\">\n\n\t\t\t\t\t\t\t\t\t<h3 class=\"elementor-icon-box-title\">\n\t\t\t\t\t\t<span  >\n\t\t\t\t\t\t\tLUIS CAMILO SILVA\t\t\t\t\t\t<\/span>\n\t\t\t\t\t<\/h3>\n\t\t\t\t\n\t\t\t\t\t\t\t\t\t<p class=\"elementor-icon-box-description\">\n\t\t\t\t\t\tPRESIDENTE\t\t\t\t\t<\/p>\n\t\t\t\t\n\t\t\t<\/div>\n\t\t\t\n\t\t<\/div>\n\t\t\t\t\t\t<\/div>\n\t\t\t\t<\/div>\n\t\t\t\t<div class=\"elementor-element elementor-element-8b9b161 elementor-widget elementor-widget-image\" data-id=\"8b9b161\" data-element_type=\"widget\" data-widget_type=\"image.default\">\n\t\t\t\t<div class=\"elementor-widget-container\">\n\t\t\t\t\t\t\t\t\t\t\t\t\t\t\t<img decoding=\"async\" src=\"https:\/\/www.sanboni.edu.co\/onu\/wp-content\/uploads\/elementor\/thumbs\/Luis-Camilo-Silva-scaled-r7u0nnpsgmp66xzn5jqn754gi3chpceqlqlpbvp0ao.jpg\" title=\"Luis Camilo Silva\" alt=\"Luis Camilo Silva\" loading=\"lazy\" \/>\t\t\t\t\t\t\t\t\t\t\t\t\t\t\t<\/div>\n\t\t\t\t<\/div>\n\t\t\t\t\t<\/div>\n\t\t<\/div>\n\t\t\t\t<div class=\"elementor-column elementor-col-50 elementor-inner-column elementor-element elementor-element-4e1e7fa\" data-id=\"4e1e7fa\" data-element_type=\"column\">\n\t\t\t<div class=\"elementor-widget-wrap elementor-element-populated\">\n\t\t\t\t\t\t<div class=\"elementor-element elementor-element-bc214ff elementor-widget elementor-widget-icon-box\" data-id=\"bc214ff\" data-element_type=\"widget\" data-widget_type=\"icon-box.default\">\n\t\t\t\t<div class=\"elementor-widget-container\">\n\t\t\t\t\t\t\t<div class=\"elementor-icon-box-wrapper\">\n\n\t\t\t\n\t\t\t\t\t\t<div class=\"elementor-icon-box-content\">\n\n\t\t\t\t\t\t\t\t\t<h3 class=\"elementor-icon-box-title\">\n\t\t\t\t\t\t<span  >\n\t\t\t\t\t\t\tSANTIAGO HERRERA\t\t\t\t\t\t<\/span>\n\t\t\t\t\t<\/h3>\n\t\t\t\t\n\t\t\t\t\t\t\t\t\t<p class=\"elementor-icon-box-description\">\n\t\t\t\t\t\tCOPRESIDENTE\t\t\t\t\t<\/p>\n\t\t\t\t\n\t\t\t<\/div>\n\t\t\t\n\t\t<\/div>\n\t\t\t\t\t\t<\/div>\n\t\t\t\t<\/div>\n\t\t\t\t<div class=\"elementor-element elementor-element-c601c94 elementor-widget elementor-widget-image\" data-id=\"c601c94\" data-element_type=\"widget\" data-widget_type=\"image.default\">\n\t\t\t\t<div class=\"elementor-widget-container\">\n\t\t\t\t\t\t\t\t\t\t\t\t\t\t\t<img decoding=\"async\" src=\"https:\/\/www.sanboni.edu.co\/onu\/wp-content\/uploads\/elementor\/thumbs\/Santiago-Herrera-scaled-r7u0o1tdb58h13f5v7u1qjkdevezwsypnodzj143pc.jpg\" title=\"Santiago Herrera\" alt=\"Santiago Herrera\" loading=\"lazy\" \/>\t\t\t\t\t\t\t\t\t\t\t\t\t\t\t<\/div>\n\t\t\t\t<\/div>\n\t\t\t\t\t<\/div>\n\t\t<\/div>\n\t\t\t\t\t<\/div>\n\t\t<\/section>\n\t\t\t\t<section class=\"elementor-section elementor-inner-section elementor-element elementor-element-035ff9b elementor-section-boxed elementor-section-height-default elementor-section-height-default\" data-id=\"035ff9b\" data-element_type=\"section\">\n\t\t\t\t\t\t<div class=\"elementor-container elementor-column-gap-default\">\n\t\t\t\t\t<div class=\"elementor-column elementor-col-50 elementor-inner-column elementor-element elementor-element-b70e68a\" data-id=\"b70e68a\" data-element_type=\"column\">\n\t\t\t<div class=\"elementor-widget-wrap elementor-element-populated\">\n\t\t\t\t\t\t<div class=\"elementor-element elementor-element-27f77d2 elementor-widget elementor-widget-text-editor\" data-id=\"27f77d2\" data-element_type=\"widget\" data-widget_type=\"text-editor.default\">\n\t\t\t\t<div class=\"elementor-widget-container\">\n\t\t\t\t\t\t\t\t\t<p style=\"text-align: center;\"><strong>PERFIL<\/strong><\/p><p><span style=\"font-weight: 400;\">Con tan solo 17 a\u00f1os, Luis Camilo Silva ha construido una trayectoria ejemplar en el mundo de los modelos de Naciones Unidas. Desde su primera participaci\u00f3n en 2021 se ha destacado por su liderazgo, oratoria y compromiso con el debate diplom\u00e1tico, representando delegaciones como Putumayo, Guatemala, China y Pa\u00edses Bajos.<\/span><\/p><p><span style=\"font-weight: 400;\">Su mayor reto fue obtener el reconocimiento como Mejor Delegado de Comisi\u00f3n en AEF (2024), uno de los logros m\u00e1s importantes de su carrera. En este mismo a\u00f1o recibi\u00f3 junto a sus compa\u00f1eros el premio de Delegaci\u00f3n Destacada en el modelo \u201cUniendo Metas\u201d en Argentina, consolidando as\u00ed su reputaci\u00f3n como uno de los participantes m\u00e1s sobresalientes. Hoy, como presidente de la comisi\u00f3n AEF, lidera con experiencia, criterio y visi\u00f3n global, guiando a otros delegados en discusiones clave sobre la econom\u00eda internacional y el futuro del multilateralismo.<\/span><\/p><p><span style=\"font-weight: 400;\">Luis Camilo, como presidente de la comisi\u00f3n, tiene el compromiso de fomentar un ambiente inclusivo y participativo donde cada delegado pueda expresar sus ideas con confianza. Busca que los participantes desarrollen habilidades cr\u00edticas y comunicativas, promoviendo un debate respetuoso y constructivo. Adem\u00e1s, su objetivo es que los delegados adquieran una visi\u00f3n amplia y colaborativa para enfrentar los desaf\u00edos globales con responsabilidad y compromiso.<\/span><\/p>\t\t\t\t\t\t\t\t<\/div>\n\t\t\t\t<\/div>\n\t\t\t\t\t<\/div>\n\t\t<\/div>\n\t\t\t\t<div class=\"elementor-column elementor-col-50 elementor-inner-column elementor-element elementor-element-4268b7a\" data-id=\"4268b7a\" data-element_type=\"column\">\n\t\t\t<div class=\"elementor-widget-wrap elementor-element-populated\">\n\t\t\t\t\t\t<div class=\"elementor-element elementor-element-a229e58 elementor-widget elementor-widget-text-editor\" data-id=\"a229e58\" data-element_type=\"widget\" data-widget_type=\"text-editor.default\">\n\t\t\t\t<div class=\"elementor-widget-container\">\n\t\t\t\t\t\t\t\t\t<p style=\"text-align: center;\"><strong>PERFIL<\/strong><\/p><p><span style=\"font-weight: 400;\">Santiago Herrera ha participado desde el 2023 en el SBLMUN, lo que le ha permitido desarrollar habilidades como la argumentaci\u00f3n, el pensamiento cr\u00edtico, la redacci\u00f3n seguido de una gran experiencia en esta comisi\u00f3n.<\/span><\/p><p><span style=\"font-weight: 400;\">Ha participado en la comisi\u00f3n ECOSOC, ahora conocida como AEF. Durante su trayectoria Santiago ha logrado ganar dos veces el premio a la mejor carta de posici\u00f3n, esto seguido a un buen desempe\u00f1o durante las sesiones de debate, lo que lo acaba impulsando a ser copresidente de esta comisi\u00f3n. A la cual le tiene un cari\u00f1o especial<\/span><\/p><p><span style=\"font-weight: 400;\">Su compromiso este a\u00f1o es alcanzar la excelencia de sus delegados en este modelo, claramente entendiendo las necesidades de cada uno de ellos. Asimismo, Santiago busca un ambiente sano para que todos los delegados se sientan seguros de participar y as\u00ed exprimir sus habilidades. <\/span><\/p>\t\t\t\t\t\t\t\t<\/div>\n\t\t\t\t<\/div>\n\t\t\t\t\t<\/div>\n\t\t<\/div>\n\t\t\t\t\t<\/div>\n\t\t<\/section>\n\t\t\t\t\t<\/div>\n\t\t<\/div>\n\t\t\t\t\t<\/div>\n\t\t<\/section>\n\t\t\t\t<\/div>\n\t\t","protected":false},"excerpt":{"rendered":"<p>ASAMBLEA GENERAL: ASUNTOS ECON\u00d3MICOS Y FINANCIEROS SOBRE LA COMISI\u00d3N La Asamblea General de Asuntos Econ\u00f3micos y Financieros, tambi\u00e9n conocida como Segunda Comisi\u00f3n, forma parte de los seis comit\u00e9s principales de la Asamblea General de las Naciones Unidas. Establecida en 1945, tras el fin de la Segunda Guerra Mundial, esta comisi\u00f3n fue concebida para liderar la [&hellip;]<\/p>\n","protected":false},"author":1,"featured_media":0,"parent":703,"menu_order":0,"comment_status":"closed","ping_status":"closed","template":"","meta":{"footnotes":""},"class_list":["post-2552","page","type-page","status-publish","hentry"],"aioseo_notices":[],"_links":{"self":[{"href":"https:\/\/www.sanboni.edu.co\/onu\/wp-json\/wp\/v2\/pages\/2552","targetHints":{"allow":["GET"]}}],"collection":[{"href":"https:\/\/www.sanboni.edu.co\/onu\/wp-json\/wp\/v2\/pages"}],"about":[{"href":"https:\/\/www.sanboni.edu.co\/onu\/wp-json\/wp\/v2\/types\/page"}],"author":[{"embeddable":true,"href":"https:\/\/www.sanboni.edu.co\/onu\/wp-json\/wp\/v2\/users\/1"}],"replies":[{"embeddable":true,"href":"https:\/\/www.sanboni.edu.co\/onu\/wp-json\/wp\/v2\/comments?post=2552"}],"version-history":[{"count":10,"href":"https:\/\/www.sanboni.edu.co\/onu\/wp-json\/wp\/v2\/pages\/2552\/revisions"}],"predecessor-version":[{"id":2693,"href":"https:\/\/www.sanboni.edu.co\/onu\/wp-json\/wp\/v2\/pages\/2552\/revisions\/2693"}],"up":[{"embeddable":true,"href":"https:\/\/www.sanboni.edu.co\/onu\/wp-json\/wp\/v2\/pages\/703"}],"wp:attachment":[{"href":"https:\/\/www.sanboni.edu.co\/onu\/wp-json\/wp\/v2\/media?parent=2552"}],"curies":[{"name":"wp","href":"https:\/\/api.w.org\/{rel}","templated":true}]}}