{"id":2544,"date":"2025-06-25T15:51:12","date_gmt":"2025-06-25T20:51:12","guid":{"rendered":"https:\/\/www.sanboni.edu.co\/onu\/?page_id=2544"},"modified":"2025-07-01T18:36:07","modified_gmt":"2025-07-01T23:36:07","slug":"segunda-guerra-mundial","status":"publish","type":"page","link":"https:\/\/www.sanboni.edu.co\/onu\/sblmun-2024\/comisiones\/segunda-guerra-mundial\/","title":{"rendered":"Comisi\u00f3n Hist\u00f3rica: Segunda Guerra Mundial"},"content":{"rendered":"\t\t<div data-elementor-type=\"wp-page\" data-elementor-id=\"2544\" class=\"elementor elementor-2544\">\n\t\t\t\t\t\t<section class=\"elementor-section elementor-top-section elementor-element elementor-element-1b02209 elementor-section-full_width elementor-section-height-min-height elementor-section-height-default elementor-section-items-middle\" data-id=\"1b02209\" data-element_type=\"section\" data-settings=\"{&quot;background_background&quot;:&quot;classic&quot;}\">\n\t\t\t\t\t\t<div class=\"elementor-container elementor-column-gap-default\">\n\t\t\t\t\t<div class=\"elementor-column elementor-col-100 elementor-top-column elementor-element elementor-element-363bd70\" data-id=\"363bd70\" data-element_type=\"column\">\n\t\t\t<div class=\"elementor-widget-wrap elementor-element-populated\">\n\t\t\t\t\t\t<div class=\"elementor-element elementor-element-c51ade8 elementor-widget elementor-widget-heading\" data-id=\"c51ade8\" data-element_type=\"widget\" data-widget_type=\"heading.default\">\n\t\t\t\t<div class=\"elementor-widget-container\">\n\t\t\t\t\t<h2 class=\"elementor-heading-title elementor-size-default\">COMISI\u00d3N HIST\u00d3RICA: SEGUNDA GUERRA MUNDIAL <\/h2>\t\t\t\t<\/div>\n\t\t\t\t<\/div>\n\t\t\t\t\t<\/div>\n\t\t<\/div>\n\t\t\t\t\t<\/div>\n\t\t<\/section>\n\t\t\t\t<section class=\"elementor-section elementor-top-section elementor-element elementor-element-c5d2784 elementor-section-boxed elementor-section-height-default elementor-section-height-default\" data-id=\"c5d2784\" data-element_type=\"section\">\n\t\t\t\t\t\t<div class=\"elementor-container elementor-column-gap-default\">\n\t\t\t\t\t<div class=\"elementor-column elementor-col-66 elementor-top-column elementor-element elementor-element-b198e95\" data-id=\"b198e95\" data-element_type=\"column\">\n\t\t\t<div class=\"elementor-widget-wrap elementor-element-populated\">\n\t\t\t\t\t\t<div class=\"elementor-element elementor-element-ac0f5ba elementor-widget elementor-widget-heading\" data-id=\"ac0f5ba\" data-element_type=\"widget\" data-widget_type=\"heading.default\">\n\t\t\t\t<div class=\"elementor-widget-container\">\n\t\t\t\t\t<h2 class=\"elementor-heading-title elementor-size-default\">SOBRE LA COMISI\u00d3N<\/h2>\t\t\t\t<\/div>\n\t\t\t\t<\/div>\n\t\t\t\t<div class=\"elementor-element elementor-element-447090c elementor-widget elementor-widget-text-editor\" data-id=\"447090c\" data-element_type=\"widget\" data-widget_type=\"text-editor.default\">\n\t\t\t\t<div class=\"elementor-widget-container\">\n\t\t\t\t\t\t\t\t\t<p><span style=\"font-weight: 400;\">La comisi\u00f3n hist\u00f3rica tiene como principal objetivo crear una din\u00e1mica innovadora para el modelo SBLMUN 2024, los delegados se ambientar\u00e1n en el pasado, representando pa\u00edses situados en un punto espec\u00edfico de la historia, tambi\u00e9n tendr\u00e1n que investigar los conflictos, datos e informaci\u00f3n situada en esa \u00e9poca, por lo que podr\u00e1n representar pa\u00edses que incluso no est\u00e1n vigentes en la actualidad como URSS, Yugoslavia, Alemania Occidental y Oriental, checoslovaquia, entre otros.<\/span><\/p><p><span style=\"font-weight: 400;\">\u00a0<\/span><\/p><p><span style=\"font-weight: 400;\">La din\u00e1mica de esta comisi\u00f3n se basar\u00e1 en tratar problem\u00e1ticas y conflictos del pasado, donde los delegados deber\u00e1n asumir el rol de un pa\u00eds de la \u00e9poca y deber\u00e1n defender los intereses de sus pa\u00edses de acuerdo a su ideolog\u00eda de este periodo hist\u00f3rico de la historia. Adem\u00e1s, los debates deber\u00e1n ser encaminados a tener un resultado distinto partiendo del hecho de que se eviten los errores cometidos en el pasado. Si bien, los temas ser\u00e1n tratados como si estuvieran situados en el pasado, en el debate las resoluciones podr\u00e1n tener diferentes resultados a los que ya ocurrieron. Es importante aclarar que, los delegados no podr\u00e1n usar datos posteriores al tema y a la fecha situada el debate. Tambi\u00e9n, La mesa directiva deber\u00e1 tener un control muy minucioso sobre la informaci\u00f3n y tendr\u00e1n que cerciorarse que la informaci\u00f3n sea de acuerdo a la \u00e9poca. Para finalizar, el lenguaje seguir\u00e1 bas\u00e1ndose en el modelo parlamentario de tercera persona, sin modificaciones con respecto a la din\u00e1mica previa de debate.<\/span><\/p>\t\t\t\t\t\t\t\t<\/div>\n\t\t\t\t<\/div>\n\t\t\t\t\t<\/div>\n\t\t<\/div>\n\t\t\t\t<div class=\"elementor-column elementor-col-33 elementor-top-column elementor-element elementor-element-6b49cc3\" data-id=\"6b49cc3\" data-element_type=\"column\">\n\t\t\t<div class=\"elementor-widget-wrap elementor-element-populated\">\n\t\t\t\t\t\t<div class=\"elementor-element elementor-element-4c52dc8 elementor-widget elementor-widget-heading\" data-id=\"4c52dc8\" data-element_type=\"widget\" data-widget_type=\"heading.default\">\n\t\t\t\t<div class=\"elementor-widget-container\">\n\t\t\t\t\t<h2 class=\"elementor-heading-title elementor-size-default\">TEMAS:<\/h2>\t\t\t\t<\/div>\n\t\t\t\t<\/div>\n\t\t\t\t<div class=\"elementor-element elementor-element-f6d4bdc elementor-widget elementor-widget-text-editor\" data-id=\"f6d4bdc\" data-element_type=\"widget\" data-widget_type=\"text-editor.default\">\n\t\t\t\t<div class=\"elementor-widget-container\">\n\t\t\t\t\t\t\t\t\t<p><b>Tema A: <span style=\"font-weight: 400;\">Expansi\u00f3n territorial y desarrollo militar: Crisis humanitaria y reconfiguraci\u00f3n de poder global.<\/span><\/b><\/p><p><b>Tema B: <span style=\"font-weight: 400;\">Invasi\u00f3n territorial, tecnolog\u00eda armament\u00edstica, amenaza a la dignidad humana (cr\u00edmenes de guerra) y estrategias b\u00e9licas.<\/span><\/b><b><br \/><\/b><\/p>\t\t\t\t\t\t\t\t<\/div>\n\t\t\t\t<\/div>\n\t\t\t\t<div class=\"elementor-element elementor-element-cf7182b elementor-align-center elementor-widget elementor-widget-button\" data-id=\"cf7182b\" data-element_type=\"widget\" data-widget_type=\"button.default\">\n\t\t\t\t<div class=\"elementor-widget-container\">\n\t\t\t\t\t\t\t\t\t<div class=\"elementor-button-wrapper\">\n\t\t\t\t\t<a class=\"elementor-button elementor-button-link elementor-size-sm\" href=\"https:\/\/drive.google.com\/file\/d\/1McnBDbIOTazy4CFSbc1MRaRuKfmRjnZs\/view?usp=drive_link\" target=\"_blank\">\n\t\t\t\t\t\t<span class=\"elementor-button-content-wrapper\">\n\t\t\t\t\t\t\t\t\t<span class=\"elementor-button-text\">GU\u00cdA ACAD\u00c9MICA<\/span>\n\t\t\t\t\t<\/span>\n\t\t\t\t\t<\/a>\n\t\t\t\t<\/div>\n\t\t\t\t\t\t\t\t<\/div>\n\t\t\t\t<\/div>\n\t\t\t\t\t<\/div>\n\t\t<\/div>\n\t\t\t\t\t<\/div>\n\t\t<\/section>\n\t\t\t\t<section class=\"elementor-section elementor-top-section elementor-element elementor-element-510401e elementor-section-boxed elementor-section-height-default elementor-section-height-default\" data-id=\"510401e\" data-element_type=\"section\">\n\t\t\t\t\t\t<div class=\"elementor-container elementor-column-gap-default\">\n\t\t\t\t\t<div class=\"elementor-column elementor-col-100 elementor-top-column elementor-element elementor-element-c1e0ccb\" data-id=\"c1e0ccb\" data-element_type=\"column\">\n\t\t\t<div class=\"elementor-widget-wrap elementor-element-populated\">\n\t\t\t\t\t\t<div class=\"elementor-element elementor-element-940f09e elementor-widget elementor-widget-heading\" data-id=\"940f09e\" data-element_type=\"widget\" data-widget_type=\"heading.default\">\n\t\t\t\t<div class=\"elementor-widget-container\">\n\t\t\t\t\t<h2 class=\"elementor-heading-title elementor-size-default\">MESA DIRECTIVA<\/h2>\t\t\t\t<\/div>\n\t\t\t\t<\/div>\n\t\t\t\t<section class=\"elementor-section elementor-inner-section elementor-element elementor-element-39ca617 elementor-section-boxed elementor-section-height-default elementor-section-height-default\" data-id=\"39ca617\" data-element_type=\"section\">\n\t\t\t\t\t\t<div class=\"elementor-container elementor-column-gap-wide\">\n\t\t\t\t\t<div class=\"elementor-column elementor-col-50 elementor-inner-column elementor-element elementor-element-a2e9728\" data-id=\"a2e9728\" data-element_type=\"column\">\n\t\t\t<div class=\"elementor-widget-wrap elementor-element-populated\">\n\t\t\t\t\t\t<div class=\"elementor-element elementor-element-a767077 elementor-widget elementor-widget-icon-box\" data-id=\"a767077\" data-element_type=\"widget\" data-widget_type=\"icon-box.default\">\n\t\t\t\t<div class=\"elementor-widget-container\">\n\t\t\t\t\t\t\t<div class=\"elementor-icon-box-wrapper\">\n\n\t\t\t\n\t\t\t\t\t\t<div class=\"elementor-icon-box-content\">\n\n\t\t\t\t\t\t\t\t\t<h3 class=\"elementor-icon-box-title\">\n\t\t\t\t\t\t<span  >\n\t\t\t\t\t\t\tSOFIA TALERO\t\t\t\t\t\t<\/span>\n\t\t\t\t\t<\/h3>\n\t\t\t\t\n\t\t\t\t\t\t\t\t\t<p class=\"elementor-icon-box-description\">\n\t\t\t\t\t\tPRESIDENTE\t\t\t\t\t<\/p>\n\t\t\t\t\n\t\t\t<\/div>\n\t\t\t\n\t\t<\/div>\n\t\t\t\t\t\t<\/div>\n\t\t\t\t<\/div>\n\t\t\t\t<div class=\"elementor-element elementor-element-8b9b161 elementor-widget elementor-widget-image\" data-id=\"8b9b161\" data-element_type=\"widget\" data-widget_type=\"image.default\">\n\t\t\t\t<div class=\"elementor-widget-container\">\n\t\t\t\t\t\t\t\t\t\t\t\t\t\t\t<img decoding=\"async\" src=\"https:\/\/www.sanboni.edu.co\/onu\/wp-content\/uploads\/elementor\/thumbs\/Sofia-Talero-scaled-r7u0nak1sy75oeirae1v88g06p5cpkyhvxgwm08ips.jpg\" title=\"Sofia Talero\" alt=\"Sofia Talero\" loading=\"lazy\" \/>\t\t\t\t\t\t\t\t\t\t\t\t\t\t\t<\/div>\n\t\t\t\t<\/div>\n\t\t\t\t\t<\/div>\n\t\t<\/div>\n\t\t\t\t<div class=\"elementor-column elementor-col-50 elementor-inner-column elementor-element elementor-element-4e1e7fa\" data-id=\"4e1e7fa\" data-element_type=\"column\">\n\t\t\t<div class=\"elementor-widget-wrap elementor-element-populated\">\n\t\t\t\t\t\t<div class=\"elementor-element elementor-element-784cade elementor-widget elementor-widget-icon-box\" data-id=\"784cade\" data-element_type=\"widget\" data-widget_type=\"icon-box.default\">\n\t\t\t\t<div class=\"elementor-widget-container\">\n\t\t\t\t\t\t\t<div class=\"elementor-icon-box-wrapper\">\n\n\t\t\t\n\t\t\t\t\t\t<div class=\"elementor-icon-box-content\">\n\n\t\t\t\t\t\t\t\t\t<h3 class=\"elementor-icon-box-title\">\n\t\t\t\t\t\t<span  >\n\t\t\t\t\t\t\tMANUELA VALENCIA\t\t\t\t\t\t<\/span>\n\t\t\t\t\t<\/h3>\n\t\t\t\t\n\t\t\t\t\t\t\t\t\t<p class=\"elementor-icon-box-description\">\n\t\t\t\t\t\tCOPRESIDENTE\t\t\t\t\t<\/p>\n\t\t\t\t\n\t\t\t<\/div>\n\t\t\t\n\t\t<\/div>\n\t\t\t\t\t\t<\/div>\n\t\t\t\t<\/div>\n\t\t\t\t<div class=\"elementor-element elementor-element-c601c94 elementor-widget elementor-widget-image\" data-id=\"c601c94\" data-element_type=\"widget\" data-widget_type=\"image.default\">\n\t\t\t\t<div class=\"elementor-widget-container\">\n\t\t\t\t\t\t\t\t\t\t\t\t\t\t\t<img decoding=\"async\" src=\"https:\/\/www.sanboni.edu.co\/onu\/wp-content\/uploads\/elementor\/thumbs\/Manuela-Valencia-scaled-r7u0mwggyfnuu938kpygou039x2ui4eitzomeutfb4.jpg\" title=\"Manuela Valencia\" alt=\"Manuela Valencia\" loading=\"lazy\" \/>\t\t\t\t\t\t\t\t\t\t\t\t\t\t\t<\/div>\n\t\t\t\t<\/div>\n\t\t\t\t\t<\/div>\n\t\t<\/div>\n\t\t\t\t\t<\/div>\n\t\t<\/section>\n\t\t\t\t<section class=\"elementor-section elementor-inner-section elementor-element elementor-element-bbb4129 elementor-section-boxed elementor-section-height-default elementor-section-height-default\" data-id=\"bbb4129\" data-element_type=\"section\">\n\t\t\t\t\t\t<div class=\"elementor-container elementor-column-gap-default\">\n\t\t\t\t\t<div class=\"elementor-column elementor-col-50 elementor-inner-column elementor-element elementor-element-083d406\" data-id=\"083d406\" data-element_type=\"column\">\n\t\t\t<div class=\"elementor-widget-wrap elementor-element-populated\">\n\t\t\t\t\t\t<div class=\"elementor-element elementor-element-8ba6aa7 elementor-widget elementor-widget-text-editor\" data-id=\"8ba6aa7\" data-element_type=\"widget\" data-widget_type=\"text-editor.default\">\n\t\t\t\t<div class=\"elementor-widget-container\">\n\t\t\t\t\t\t\t\t\t<p style=\"text-align: center;\"><strong>PERFIL<\/strong><\/p><p><span style=\"font-weight: 400;\">Sof\u00eda Talero, estudiante de grado once y actual presidente de la Comisi\u00f3n Hist\u00f3rica: Segunda Guerra Mundial, a trav\u00e9s de los a\u00f1os ha tenido la oportunidad de participar repetidas veces en el modelo SBLMUN. En 2019 tuvo su primera participaci\u00f3n como delegada de piso en la comisi\u00f3n PNUMA Junior mientras cursaba grado quinto, as\u00ed teniendo su primera aproximaci\u00f3n a las din\u00e1micas y funcionamiento del modelo, y as\u00ed viendo todos los beneficios que participar conlleva. Durante los a\u00f1os siguientes particip\u00f3 en tres ocasiones m\u00e1s, una donde estuvo en la comisi\u00f3n Colombia representando al departamento de C\u00f3rdoba en el a\u00f1o 2021, deleg\u00f3 en ECOSOC como representante del Reino de Noruega en 2023 y particip\u00f3 como copresidente de la Comisi\u00f3n Hist\u00f3rica en su edici\u00f3n de la Guerra Fr\u00eda.\u00a0\u00a0<\/span><\/p><p><span style=\"font-weight: 400;\">Este a\u00f1o Sof\u00eda tiene como objetivo hacer de la comisi\u00f3n un espacio donde prevalezca la rigurosidad acad\u00e9mica y el respeto para de esta manera enfatizar en un ambiente din\u00e1mico y lleno de aprendizaje para los presentes en la comisi\u00f3n. Asimismo con los temas planteados la presidente espera generar una aproximaci\u00f3n a problem\u00e1ticas del pasado que a\u00fan generen reverberaciones en el \u00e1mbito internacional y de esta manera llegar a soluciones que les permita a los delegados desarrollar las diferentes habilidades necesarias a la hora de debatir y para el futuro.<\/span><\/p>\t\t\t\t\t\t\t\t<\/div>\n\t\t\t\t<\/div>\n\t\t\t\t\t<\/div>\n\t\t<\/div>\n\t\t\t\t<div class=\"elementor-column elementor-col-50 elementor-inner-column elementor-element elementor-element-5090a7a\" data-id=\"5090a7a\" data-element_type=\"column\">\n\t\t\t<div class=\"elementor-widget-wrap elementor-element-populated\">\n\t\t\t\t\t\t<div class=\"elementor-element elementor-element-2d048fe elementor-widget elementor-widget-text-editor\" data-id=\"2d048fe\" data-element_type=\"widget\" data-widget_type=\"text-editor.default\">\n\t\t\t\t<div class=\"elementor-widget-container\">\n\t\t\t\t\t\t\t\t\t<p style=\"text-align: center;\"><strong>PERFIL<\/strong><\/p><p style=\"text-align: center;\">\u00a0<\/p>\t\t\t\t\t\t\t\t<\/div>\n\t\t\t\t<\/div>\n\t\t\t\t\t<\/div>\n\t\t<\/div>\n\t\t\t\t\t<\/div>\n\t\t<\/section>\n\t\t\t\t\t<\/div>\n\t\t<\/div>\n\t\t\t\t\t<\/div>\n\t\t<\/section>\n\t\t\t\t<\/div>\n\t\t","protected":false},"excerpt":{"rendered":"<p>COMISI\u00d3N HIST\u00d3RICA: SEGUNDA GUERRA MUNDIAL SOBRE LA COMISI\u00d3N La comisi\u00f3n hist\u00f3rica tiene como principal objetivo crear una din\u00e1mica innovadora para el modelo SBLMUN 2024, los delegados se ambientar\u00e1n en el pasado, representando pa\u00edses situados en un punto espec\u00edfico de la historia, tambi\u00e9n tendr\u00e1n que investigar los conflictos, datos e informaci\u00f3n situada en esa \u00e9poca, por [&hellip;]<\/p>\n","protected":false},"author":1,"featured_media":0,"parent":703,"menu_order":0,"comment_status":"closed","ping_status":"closed","template":"","meta":{"footnotes":""},"class_list":["post-2544","page","type-page","status-publish","hentry"],"aioseo_notices":[],"_links":{"self":[{"href":"https:\/\/www.sanboni.edu.co\/onu\/wp-json\/wp\/v2\/pages\/2544","targetHints":{"allow":["GET"]}}],"collection":[{"href":"https:\/\/www.sanboni.edu.co\/onu\/wp-json\/wp\/v2\/pages"}],"about":[{"href":"https:\/\/www.sanboni.edu.co\/onu\/wp-json\/wp\/v2\/types\/page"}],"author":[{"embeddable":true,"href":"https:\/\/www.sanboni.edu.co\/onu\/wp-json\/wp\/v2\/users\/1"}],"replies":[{"embeddable":true,"href":"https:\/\/www.sanboni.edu.co\/onu\/wp-json\/wp\/v2\/comments?post=2544"}],"version-history":[{"count":13,"href":"https:\/\/www.sanboni.edu.co\/onu\/wp-json\/wp\/v2\/pages\/2544\/revisions"}],"predecessor-version":[{"id":2675,"href":"https:\/\/www.sanboni.edu.co\/onu\/wp-json\/wp\/v2\/pages\/2544\/revisions\/2675"}],"up":[{"embeddable":true,"href":"https:\/\/www.sanboni.edu.co\/onu\/wp-json\/wp\/v2\/pages\/703"}],"wp:attachment":[{"href":"https:\/\/www.sanboni.edu.co\/onu\/wp-json\/wp\/v2\/media?parent=2544"}],"curies":[{"name":"wp","href":"https:\/\/api.w.org\/{rel}","templated":true}]}}