{"id":2539,"date":"2025-06-25T15:24:51","date_gmt":"2025-06-25T20:24:51","guid":{"rendered":"https:\/\/www.sanboni.edu.co\/onu\/?page_id=2539"},"modified":"2025-07-02T08:36:19","modified_gmt":"2025-07-02T13:36:19","slug":"corte-penal","status":"publish","type":"page","link":"https:\/\/www.sanboni.edu.co\/onu\/sblmun-2024\/comisiones\/corte-penal\/","title":{"rendered":"CORTE PENAL INTERNACIONAL"},"content":{"rendered":"\t\t<div data-elementor-type=\"wp-page\" data-elementor-id=\"2539\" class=\"elementor elementor-2539\">\n\t\t\t\t\t\t<section class=\"elementor-section elementor-top-section elementor-element elementor-element-1b02209 elementor-section-full_width elementor-section-height-min-height elementor-section-height-default elementor-section-items-middle\" data-id=\"1b02209\" data-element_type=\"section\" data-settings=\"{&quot;background_background&quot;:&quot;classic&quot;}\">\n\t\t\t\t\t\t\t<div class=\"elementor-background-overlay\"><\/div>\n\t\t\t\t\t\t\t<div class=\"elementor-container elementor-column-gap-default\">\n\t\t\t\t\t<div class=\"elementor-column elementor-col-100 elementor-top-column elementor-element elementor-element-363bd70\" data-id=\"363bd70\" data-element_type=\"column\">\n\t\t\t<div class=\"elementor-widget-wrap elementor-element-populated\">\n\t\t\t\t\t\t<div class=\"elementor-element elementor-element-c51ade8 elementor-widget elementor-widget-heading\" data-id=\"c51ade8\" data-element_type=\"widget\" data-widget_type=\"heading.default\">\n\t\t\t\t<div class=\"elementor-widget-container\">\n\t\t\t\t\t<h2 class=\"elementor-heading-title elementor-size-default\">CORTE PENAL INTERNACIONAL<\/h2>\t\t\t\t<\/div>\n\t\t\t\t<\/div>\n\t\t\t\t\t<\/div>\n\t\t<\/div>\n\t\t\t\t\t<\/div>\n\t\t<\/section>\n\t\t\t\t<section class=\"elementor-section elementor-top-section elementor-element elementor-element-c5d2784 elementor-section-boxed elementor-section-height-default elementor-section-height-default\" data-id=\"c5d2784\" data-element_type=\"section\">\n\t\t\t\t\t\t<div class=\"elementor-container elementor-column-gap-default\">\n\t\t\t\t\t<div class=\"elementor-column elementor-col-66 elementor-top-column elementor-element elementor-element-b198e95\" data-id=\"b198e95\" data-element_type=\"column\">\n\t\t\t<div class=\"elementor-widget-wrap elementor-element-populated\">\n\t\t\t\t\t\t<div class=\"elementor-element elementor-element-ac0f5ba elementor-widget elementor-widget-heading\" data-id=\"ac0f5ba\" data-element_type=\"widget\" data-widget_type=\"heading.default\">\n\t\t\t\t<div class=\"elementor-widget-container\">\n\t\t\t\t\t<h2 class=\"elementor-heading-title elementor-size-default\">SOBRE LA COMISI\u00d3N<\/h2>\t\t\t\t<\/div>\n\t\t\t\t<\/div>\n\t\t\t\t<div class=\"elementor-element elementor-element-447090c elementor-widget elementor-widget-text-editor\" data-id=\"447090c\" data-element_type=\"widget\" data-widget_type=\"text-editor.default\">\n\t\t\t\t<div class=\"elementor-widget-container\">\n\t\t\t\t\t\t\t\t\t<p><span style=\"font-weight: 400;\">En el escenario internacional, donde los derechos humanos y la justicia enfrentan desaf\u00edos globales, la Corte Penal Internacional surge como una herramienta esencial para combatir la impunidad. Creada por el Estatuto de Roma en 1998 y con sede en La Haya (Pa\u00edses Bajos), esta corte comenz\u00f3 a operar en 2002 con el prop\u00f3sito de investigar y juzgar a individuos responsables de los cr\u00edmenes m\u00e1s graves que afectan a la humanidad: genocidio, cr\u00edmenes de guerra, cr\u00edmenes de lesa humanidad y, m\u00e1s recientemente, el crimen de agresi\u00f3n.<\/span><\/p><p><span style=\"font-weight: 400;\">A diferencia de los tribunales nacionales, la CPI no juzga a Estados ni reemplaza sistemas judiciales internos; su funci\u00f3n es complementaria. Solo interviene cuando las autoridades nacionales no pueden o no quieren llevar a cabo investigaciones genuinas. Esta jurisdicci\u00f3n subsidiaria es clave para respetar la soberan\u00eda de los pa\u00edses mientras se garantiza que los cr\u00edmenes m\u00e1s atroces no queden sin respuesta.<\/span><\/p><p><span style=\"font-weight: 400;\">La Corte est\u00e1 compuesta por jueces provenientes de distintos continentes, elegidos por la Asamblea de los Estados Partes, y funciona con una Fiscal\u00eda independiente encargada de abrir investigaciones y presentar casos. Hasta hoy, ha abierto investigaciones en m\u00faltiples regiones del mundo, marcando un precedente hist\u00f3rico en la lucha contra la impunidad internacional.<\/span><\/p>\t\t\t\t\t\t\t\t<\/div>\n\t\t\t\t<\/div>\n\t\t\t\t\t<\/div>\n\t\t<\/div>\n\t\t\t\t<div class=\"elementor-column elementor-col-33 elementor-top-column elementor-element elementor-element-6b49cc3\" data-id=\"6b49cc3\" data-element_type=\"column\">\n\t\t\t<div class=\"elementor-widget-wrap elementor-element-populated\">\n\t\t\t\t\t\t<div class=\"elementor-element elementor-element-4c52dc8 elementor-widget elementor-widget-heading\" data-id=\"4c52dc8\" data-element_type=\"widget\" data-widget_type=\"heading.default\">\n\t\t\t\t<div class=\"elementor-widget-container\">\n\t\t\t\t\t<h2 class=\"elementor-heading-title elementor-size-default\">TEMAS:<\/h2>\t\t\t\t<\/div>\n\t\t\t\t<\/div>\n\t\t\t\t<div class=\"elementor-element elementor-element-f6d4bdc elementor-widget elementor-widget-text-editor\" data-id=\"f6d4bdc\" data-element_type=\"widget\" data-widget_type=\"text-editor.default\">\n\t\t\t\t<div class=\"elementor-widget-container\">\n\t\t\t\t\t\t\t\t\t<p><b>Tema A: <span style=\"font-weight: 400;\"> Orden de detenci\u00f3n para el presidente de Rusia, Vladimir Putin.<\/span><\/b><\/p><p><b>Tema B: <span style=\"font-weight: 400;\">Orden de arresto contra el primer ministro de Israel, Benjam\u00edn Netanyahu.<\/span><\/b><\/p><div>\u00a0<\/div>\t\t\t\t\t\t\t\t<\/div>\n\t\t\t\t<\/div>\n\t\t\t\t<div class=\"elementor-element elementor-element-cf7182b elementor-align-center elementor-widget elementor-widget-button\" data-id=\"cf7182b\" data-element_type=\"widget\" data-widget_type=\"button.default\">\n\t\t\t\t<div class=\"elementor-widget-container\">\n\t\t\t\t\t\t\t\t\t<div class=\"elementor-button-wrapper\">\n\t\t\t\t\t<a class=\"elementor-button elementor-button-link elementor-size-sm\" href=\"https:\/\/drive.google.com\/file\/d\/1dOZoC8lSyMV4xs5SU-PYfb8tjUNplM-o\/view?usp=drive_link\" target=\"_blank\">\n\t\t\t\t\t\t<span class=\"elementor-button-content-wrapper\">\n\t\t\t\t\t\t\t\t\t<span class=\"elementor-button-text\">GU\u00cdA ACAD\u00c9MICA<\/span>\n\t\t\t\t\t<\/span>\n\t\t\t\t\t<\/a>\n\t\t\t\t<\/div>\n\t\t\t\t\t\t\t\t<\/div>\n\t\t\t\t<\/div>\n\t\t\t\t\t<\/div>\n\t\t<\/div>\n\t\t\t\t\t<\/div>\n\t\t<\/section>\n\t\t\t\t<section class=\"elementor-section elementor-top-section elementor-element elementor-element-510401e elementor-section-boxed elementor-section-height-default elementor-section-height-default\" data-id=\"510401e\" data-element_type=\"section\">\n\t\t\t\t\t\t<div class=\"elementor-container elementor-column-gap-default\">\n\t\t\t\t\t<div class=\"elementor-column elementor-col-100 elementor-top-column elementor-element elementor-element-c1e0ccb\" data-id=\"c1e0ccb\" data-element_type=\"column\">\n\t\t\t<div class=\"elementor-widget-wrap elementor-element-populated\">\n\t\t\t\t\t\t<div class=\"elementor-element elementor-element-940f09e elementor-widget elementor-widget-heading\" data-id=\"940f09e\" data-element_type=\"widget\" data-widget_type=\"heading.default\">\n\t\t\t\t<div class=\"elementor-widget-container\">\n\t\t\t\t\t<h2 class=\"elementor-heading-title elementor-size-default\">MESA DIRECTIVA<\/h2>\t\t\t\t<\/div>\n\t\t\t\t<\/div>\n\t\t\t\t<section class=\"elementor-section elementor-inner-section elementor-element elementor-element-39ca617 elementor-section-boxed elementor-section-height-default elementor-section-height-default\" data-id=\"39ca617\" data-element_type=\"section\">\n\t\t\t\t\t\t<div class=\"elementor-container elementor-column-gap-wide\">\n\t\t\t\t\t<div class=\"elementor-column elementor-col-50 elementor-inner-column elementor-element elementor-element-a2e9728\" data-id=\"a2e9728\" data-element_type=\"column\">\n\t\t\t<div class=\"elementor-widget-wrap elementor-element-populated\">\n\t\t\t\t\t\t<div class=\"elementor-element elementor-element-9454534 elementor-widget elementor-widget-icon-box\" data-id=\"9454534\" data-element_type=\"widget\" data-widget_type=\"icon-box.default\">\n\t\t\t\t<div class=\"elementor-widget-container\">\n\t\t\t\t\t\t\t<div class=\"elementor-icon-box-wrapper\">\n\n\t\t\t\n\t\t\t\t\t\t<div class=\"elementor-icon-box-content\">\n\n\t\t\t\t\t\t\t\t\t<h3 class=\"elementor-icon-box-title\">\n\t\t\t\t\t\t<span  >\n\t\t\t\t\t\t\tKAREN CASTELANOS\t\t\t\t\t\t<\/span>\n\t\t\t\t\t<\/h3>\n\t\t\t\t\n\t\t\t\t\t\t\t\t\t<p class=\"elementor-icon-box-description\">\n\t\t\t\t\t\tPRESIDENTE\t\t\t\t\t<\/p>\n\t\t\t\t\n\t\t\t<\/div>\n\t\t\t\n\t\t<\/div>\n\t\t\t\t\t\t<\/div>\n\t\t\t\t<\/div>\n\t\t\t\t<div class=\"elementor-element elementor-element-8b9b161 elementor-widget elementor-widget-image\" data-id=\"8b9b161\" data-element_type=\"widget\" data-widget_type=\"image.default\">\n\t\t\t\t<div class=\"elementor-widget-container\">\n\t\t\t\t\t\t\t\t\t\t\t\t\t\t\t<img fetchpriority=\"high\" decoding=\"async\" width=\"600\" height=\"402\" src=\"https:\/\/www.sanboni.edu.co\/onu\/wp-content\/uploads\/Karen-Castellanos-600x402.jpg\" class=\"attachment-medium size-medium wp-image-2448\" alt=\"\" srcset=\"https:\/\/www.sanboni.edu.co\/onu\/wp-content\/uploads\/Karen-Castellanos-600x402.jpg 600w, https:\/\/www.sanboni.edu.co\/onu\/wp-content\/uploads\/Karen-Castellanos-1280x857.jpg 1280w, https:\/\/www.sanboni.edu.co\/onu\/wp-content\/uploads\/Karen-Castellanos-768x514.jpg 768w, https:\/\/www.sanboni.edu.co\/onu\/wp-content\/uploads\/Karen-Castellanos-1536x1028.jpg 1536w, https:\/\/www.sanboni.edu.co\/onu\/wp-content\/uploads\/Karen-Castellanos-2048x1371.jpg 2048w\" sizes=\"(max-width: 600px) 100vw, 600px\" \/>\t\t\t\t\t\t\t\t\t\t\t\t\t\t\t<\/div>\n\t\t\t\t<\/div>\n\t\t\t\t\t<\/div>\n\t\t<\/div>\n\t\t\t\t<div class=\"elementor-column elementor-col-50 elementor-inner-column elementor-element elementor-element-4e1e7fa\" data-id=\"4e1e7fa\" data-element_type=\"column\">\n\t\t\t<div class=\"elementor-widget-wrap elementor-element-populated\">\n\t\t\t\t\t\t<div class=\"elementor-element elementor-element-79efa5e elementor-widget elementor-widget-icon-box\" data-id=\"79efa5e\" data-element_type=\"widget\" data-widget_type=\"icon-box.default\">\n\t\t\t\t<div class=\"elementor-widget-container\">\n\t\t\t\t\t\t\t<div class=\"elementor-icon-box-wrapper\">\n\n\t\t\t\n\t\t\t\t\t\t<div class=\"elementor-icon-box-content\">\n\n\t\t\t\t\t\t\t\t\t<h3 class=\"elementor-icon-box-title\">\n\t\t\t\t\t\t<span  >\n\t\t\t\t\t\t\tKAREN CUADROS\t\t\t\t\t\t<\/span>\n\t\t\t\t\t<\/h3>\n\t\t\t\t\n\t\t\t\t\t\t\t\t\t<p class=\"elementor-icon-box-description\">\n\t\t\t\t\t\tCOPRESIDENTE\t\t\t\t\t<\/p>\n\t\t\t\t\n\t\t\t<\/div>\n\t\t\t\n\t\t<\/div>\n\t\t\t\t\t\t<\/div>\n\t\t\t\t<\/div>\n\t\t\t\t<div class=\"elementor-element elementor-element-c601c94 elementor-widget elementor-widget-image\" data-id=\"c601c94\" data-element_type=\"widget\" data-widget_type=\"image.default\">\n\t\t\t\t<div class=\"elementor-widget-container\">\n\t\t\t\t\t\t\t\t\t\t\t\t\t\t\t<img decoding=\"async\" width=\"600\" height=\"402\" src=\"https:\/\/www.sanboni.edu.co\/onu\/wp-content\/uploads\/Karen-Cuadros-600x402.jpg\" class=\"attachment-medium size-medium wp-image-2449\" alt=\"\" srcset=\"https:\/\/www.sanboni.edu.co\/onu\/wp-content\/uploads\/Karen-Cuadros-600x402.jpg 600w, https:\/\/www.sanboni.edu.co\/onu\/wp-content\/uploads\/Karen-Cuadros-1280x857.jpg 1280w, https:\/\/www.sanboni.edu.co\/onu\/wp-content\/uploads\/Karen-Cuadros-768x514.jpg 768w, https:\/\/www.sanboni.edu.co\/onu\/wp-content\/uploads\/Karen-Cuadros-1536x1028.jpg 1536w, https:\/\/www.sanboni.edu.co\/onu\/wp-content\/uploads\/Karen-Cuadros-2048x1371.jpg 2048w\" sizes=\"(max-width: 600px) 100vw, 600px\" \/>\t\t\t\t\t\t\t\t\t\t\t\t\t\t\t<\/div>\n\t\t\t\t<\/div>\n\t\t\t\t\t<\/div>\n\t\t<\/div>\n\t\t\t\t\t<\/div>\n\t\t<\/section>\n\t\t\t\t<section class=\"elementor-section elementor-inner-section elementor-element elementor-element-27e4f89 elementor-section-boxed elementor-section-height-default elementor-section-height-default\" data-id=\"27e4f89\" data-element_type=\"section\">\n\t\t\t\t\t\t<div class=\"elementor-container elementor-column-gap-default\">\n\t\t\t\t\t<div class=\"elementor-column elementor-col-50 elementor-inner-column elementor-element elementor-element-2967047\" data-id=\"2967047\" data-element_type=\"column\">\n\t\t\t<div class=\"elementor-widget-wrap elementor-element-populated\">\n\t\t\t\t\t\t<div class=\"elementor-element elementor-element-062bf41 elementor-widget elementor-widget-text-editor\" data-id=\"062bf41\" data-element_type=\"widget\" data-widget_type=\"text-editor.default\">\n\t\t\t\t<div class=\"elementor-widget-container\">\n\t\t\t\t\t\t\t\t\t<p style=\"text-align: center;\"><strong>PERFIL<\/strong><\/p><p><span style=\"font-weight: 400;\">La presidenta de la Corte Penal Internacional ha participado activamente en el SBLMUN desde 2019, desarrollando sus habilidades de debate, oratoria y argumentaci\u00f3n. Luego de pertenecer a comisiones como Consejo de Seguridad, UNICEF, comisi\u00f3n Colombia y Summit, asumi\u00f3 el reto de presidir una nueva comisi\u00f3n en el modelo, una propuesta prometedora e innovadora que exige un alto rigor acad\u00e9mico al requerir conocimientos y bases del derecho penal internacional.<\/span><\/p><p>\u00a0<\/p><p><span style=\"font-weight: 400;\">El modelo ha sido una fuente enriquecedora para sus habilidades comunicativas, resoluci\u00f2n de problemas y desarrollo de pensamiento cr\u00edtico para Karen y su mayor deseo es transmitir est\u00e1 experiencia \u00fanica e inolvidable a sus delegados para que potencien sus habilidades y tomen conciencia de la importancia de este tribunal que promueve la justicia internacional, protege los derechos humanos y es la voz de los que no tienen poder.<\/span><\/p>\t\t\t\t\t\t\t\t<\/div>\n\t\t\t\t<\/div>\n\t\t\t\t\t<\/div>\n\t\t<\/div>\n\t\t\t\t<div class=\"elementor-column elementor-col-50 elementor-inner-column elementor-element elementor-element-126ecc7\" data-id=\"126ecc7\" data-element_type=\"column\">\n\t\t\t<div class=\"elementor-widget-wrap elementor-element-populated\">\n\t\t\t\t\t\t<div class=\"elementor-element elementor-element-56a1dc8 elementor-widget elementor-widget-text-editor\" data-id=\"56a1dc8\" data-element_type=\"widget\" data-widget_type=\"text-editor.default\">\n\t\t\t\t<div class=\"elementor-widget-container\">\n\t\t\t\t\t\t\t\t\t<p style=\"text-align: center;\"><strong>PERFIL<\/strong><\/p><p><span style=\"font-weight: 400;\">Karen Sof\u00eda Cuadros es estudiante de grado d\u00e9cimo y se desempe\u00f1a como copresidenta de la Corte Penal Internacional en el modelo SBLMUN 2025. Su recorrido en el modelo inici\u00f3 hace cinco a\u00f1os, participando por primera vez en la comisi\u00f3n PNUMA en 2021. Desde entonces, ha hecho parte de distintas comisiones como UNICEF e INTERPOL. Esta trayectoria le ha permitido no solo adquirir una comprensi\u00f3n profunda de temas globales, sino tambi\u00e9n fortalecer sus habilidades en oratoria, liderazgo, an\u00e1lisis cr\u00edtico y resoluci\u00f3n de conflictos.<\/span><\/p><p>\u00a0<\/p><p><span style=\"font-weight: 400;\">Para Karen, el SBLMUN es uno de los espacios donde m\u00e1s ha aprendido a nivel personal, social e intelectual. Su paso por comisiones tan diversas le ha brindado una visi\u00f3n amplia del funcionamiento de los organismos internacionales y del poder del di\u00e1logo y el trabajo en equipo como herramienta de transformaci\u00f3n.<\/span><\/p><p>\u00a0<\/p><p><span style=\"font-weight: 400;\">Este a\u00f1o, asume la copresidencia de la\u00a0 Corte Penal Internacional, una comisi\u00f3n que exige rigurosidad, criterio jur\u00eddico y empat\u00eda. Su objetivo es que cada participante se sienta escuchado, retado y motivado a dar lo mejor de s\u00ed, comprendiendo la importancia de este tribunal como defensor de la justicia internacional, la dignidad humana y la voz de quienes m\u00e1s lo necesitan. Est\u00e1 convencida de que, a trav\u00e9s del modelo, se forman l\u00edderes con conciencia, capaces de generar un impacto positivo en su entorno y m\u00e1s all\u00e1.<\/span><\/p>\t\t\t\t\t\t\t\t<\/div>\n\t\t\t\t<\/div>\n\t\t\t\t\t<\/div>\n\t\t<\/div>\n\t\t\t\t\t<\/div>\n\t\t<\/section>\n\t\t\t\t\t<\/div>\n\t\t<\/div>\n\t\t\t\t\t<\/div>\n\t\t<\/section>\n\t\t\t\t<\/div>\n\t\t","protected":false},"excerpt":{"rendered":"<p>CORTE PENAL INTERNACIONAL SOBRE LA COMISI\u00d3N En el escenario internacional, donde los derechos humanos y la justicia enfrentan desaf\u00edos globales, la Corte Penal Internacional surge como una herramienta esencial para combatir la impunidad. Creada por el Estatuto de Roma en 1998 y con sede en La Haya (Pa\u00edses Bajos), esta corte comenz\u00f3 a operar en [&hellip;]<\/p>\n","protected":false},"author":1,"featured_media":0,"parent":703,"menu_order":0,"comment_status":"closed","ping_status":"closed","template":"","meta":{"footnotes":""},"class_list":["post-2539","page","type-page","status-publish","hentry"],"aioseo_notices":[],"_links":{"self":[{"href":"https:\/\/www.sanboni.edu.co\/onu\/wp-json\/wp\/v2\/pages\/2539","targetHints":{"allow":["GET"]}}],"collection":[{"href":"https:\/\/www.sanboni.edu.co\/onu\/wp-json\/wp\/v2\/pages"}],"about":[{"href":"https:\/\/www.sanboni.edu.co\/onu\/wp-json\/wp\/v2\/types\/page"}],"author":[{"embeddable":true,"href":"https:\/\/www.sanboni.edu.co\/onu\/wp-json\/wp\/v2\/users\/1"}],"replies":[{"embeddable":true,"href":"https:\/\/www.sanboni.edu.co\/onu\/wp-json\/wp\/v2\/comments?post=2539"}],"version-history":[{"count":10,"href":"https:\/\/www.sanboni.edu.co\/onu\/wp-json\/wp\/v2\/pages\/2539\/revisions"}],"predecessor-version":[{"id":2697,"href":"https:\/\/www.sanboni.edu.co\/onu\/wp-json\/wp\/v2\/pages\/2539\/revisions\/2697"}],"up":[{"embeddable":true,"href":"https:\/\/www.sanboni.edu.co\/onu\/wp-json\/wp\/v2\/pages\/703"}],"wp:attachment":[{"href":"https:\/\/www.sanboni.edu.co\/onu\/wp-json\/wp\/v2\/media?parent=2539"}],"curies":[{"name":"wp","href":"https:\/\/api.w.org\/{rel}","templated":true}]}}