{"id":2534,"date":"2025-06-25T15:16:46","date_gmt":"2025-06-25T20:16:46","guid":{"rendered":"https:\/\/www.sanboni.edu.co\/onu\/?page_id=2534"},"modified":"2025-07-02T09:50:34","modified_gmt":"2025-07-02T14:50:34","slug":"organizacion-mundial-de-la-salud-oms","status":"publish","type":"page","link":"https:\/\/www.sanboni.edu.co\/onu\/sblmun-2024\/comisiones\/organizacion-mundial-de-la-salud-oms\/","title":{"rendered":"Organizaci\u00f3n Mundial de la Salud OMS"},"content":{"rendered":"\t\t<div data-elementor-type=\"wp-page\" data-elementor-id=\"2534\" class=\"elementor elementor-2534\">\n\t\t\t\t\t\t<section class=\"elementor-section elementor-top-section elementor-element elementor-element-1b02209 elementor-section-full_width elementor-section-height-min-height elementor-section-height-default elementor-section-items-middle\" data-id=\"1b02209\" data-element_type=\"section\" data-settings=\"{&quot;background_background&quot;:&quot;classic&quot;}\">\n\t\t\t\t\t\t\t<div class=\"elementor-background-overlay\"><\/div>\n\t\t\t\t\t\t\t<div class=\"elementor-container elementor-column-gap-default\">\n\t\t\t\t\t<div class=\"elementor-column elementor-col-100 elementor-top-column elementor-element elementor-element-363bd70\" data-id=\"363bd70\" data-element_type=\"column\">\n\t\t\t<div class=\"elementor-widget-wrap elementor-element-populated\">\n\t\t\t\t\t\t<div class=\"elementor-element elementor-element-c51ade8 elementor-widget elementor-widget-heading\" data-id=\"c51ade8\" data-element_type=\"widget\" data-widget_type=\"heading.default\">\n\t\t\t\t<div class=\"elementor-widget-container\">\n\t\t\t\t\t<h2 class=\"elementor-heading-title elementor-size-default\">ORGANIZACI\u00d3N MUNDIAL DE LA SALUD - OMS<\/h2>\t\t\t\t<\/div>\n\t\t\t\t<\/div>\n\t\t\t\t\t<\/div>\n\t\t<\/div>\n\t\t\t\t\t<\/div>\n\t\t<\/section>\n\t\t\t\t<section class=\"elementor-section elementor-top-section elementor-element elementor-element-c5d2784 elementor-section-boxed elementor-section-height-default elementor-section-height-default\" data-id=\"c5d2784\" data-element_type=\"section\">\n\t\t\t\t\t\t<div class=\"elementor-container elementor-column-gap-default\">\n\t\t\t\t\t<div class=\"elementor-column elementor-col-66 elementor-top-column elementor-element elementor-element-b198e95\" data-id=\"b198e95\" data-element_type=\"column\">\n\t\t\t<div class=\"elementor-widget-wrap elementor-element-populated\">\n\t\t\t\t\t\t<div class=\"elementor-element elementor-element-ac0f5ba elementor-widget elementor-widget-heading\" data-id=\"ac0f5ba\" data-element_type=\"widget\" data-widget_type=\"heading.default\">\n\t\t\t\t<div class=\"elementor-widget-container\">\n\t\t\t\t\t<h2 class=\"elementor-heading-title elementor-size-default\">SOBRE LA COMISI\u00d3N<\/h2>\t\t\t\t<\/div>\n\t\t\t\t<\/div>\n\t\t\t\t<div class=\"elementor-element elementor-element-447090c elementor-widget elementor-widget-text-editor\" data-id=\"447090c\" data-element_type=\"widget\" data-widget_type=\"text-editor.default\">\n\t\t\t\t<div class=\"elementor-widget-container\">\n\t\t\t\t\t\t\t\t\t<p><span style=\"font-weight: 400;\">La Organizaci\u00f3n Mundial de la Salud o OMS Como sus siglas lo indican\u00a0 o\u00a0 world Health Organization\u00a0 en ingles (WHO),fue creada en 1948 por las Naciones Unidas encargada de promover la salud para todos .Su sede principal es en Ginebra ( Suiza) hacen parte 194 pa\u00edses divididos organizativamente\u00a0 en 6 regiones Africa , America,Mediterr\u00e1neo,Europa,Asia y Pacifico occidental .<\/span><\/p><p>\u00a0<\/p><p><span style=\"font-weight: 400;\">Su tarea principal es poner a la ciencia en funci\u00f3n de un mundo m\u00e1s saludable y seguro , promoviendo bienestar en la poblaci\u00f3n y apartar los mayores problemas de salud de nuestro tiempo , haciendo frente a las epidemias recientes\u00a0 como la pandemia del Covid 19 ,el virus del zika entre otras . La amenaza permanente de las enfermedades transmisibles como el VIH , la malaria , tuberculosis , c\u00f3lera entre muchas otras .<\/span><\/p><p><span style=\"font-weight: 400;\">O de enfermedades no transmisibles\u00a0 como diabetes o\u00a0 el c\u00e1ncer ,\u00a0<\/span><\/p><p><span style=\"font-weight: 400;\">Problemas de salud mental , desarrollando programas de prevenci\u00f3n contra depresi\u00f3n y el suicidio.Salud materno infantil, reducci\u00f3n de la muerte de madres y neonatos , todo lo anterior enmarcado en el desarrollo sostenible y pol\u00edticas de salud p\u00fablica de cada pa\u00eds .<\/span><\/p><p>\u00a0<\/p><p><span style=\"font-weight: 400;\">La OMS se financia de dos fuentes b\u00e1sicamente as\u00ed :primero de contribuciones fijas de los estados miembros que se establecen seg\u00fan la riqueza y poblaci\u00f3n de cada pa\u00eds , y segundo de contribuciones voluntarias de los estados miembros y otros del sector privado .<\/span><\/p>\t\t\t\t\t\t\t\t<\/div>\n\t\t\t\t<\/div>\n\t\t\t\t\t<\/div>\n\t\t<\/div>\n\t\t\t\t<div class=\"elementor-column elementor-col-33 elementor-top-column elementor-element elementor-element-6b49cc3\" data-id=\"6b49cc3\" data-element_type=\"column\">\n\t\t\t<div class=\"elementor-widget-wrap elementor-element-populated\">\n\t\t\t\t\t\t<div class=\"elementor-element elementor-element-4c52dc8 elementor-widget elementor-widget-heading\" data-id=\"4c52dc8\" data-element_type=\"widget\" data-widget_type=\"heading.default\">\n\t\t\t\t<div class=\"elementor-widget-container\">\n\t\t\t\t\t<h2 class=\"elementor-heading-title elementor-size-default\">TEMAS:<\/h2>\t\t\t\t<\/div>\n\t\t\t\t<\/div>\n\t\t\t\t<div class=\"elementor-element elementor-element-f6d4bdc elementor-widget elementor-widget-text-editor\" data-id=\"f6d4bdc\" data-element_type=\"widget\" data-widget_type=\"text-editor.default\">\n\t\t\t\t<div class=\"elementor-widget-container\">\n\t\t\t\t\t\t\t\t\t<p><strong>Tema A:<\/strong> <span style=\"font-weight: 400;\">La salud global frente a la migraci\u00f3n masiva: Pol\u00edticas sanitarias ante la crisis de refugiados y desplazados.<\/span><br \/><strong>Tema B:<\/strong> <span style=\"font-weight: 400;\">Papel de las instituciones en el fortalecimiento de la salud p\u00fablica: implementaci\u00f3n de tecnolog\u00edas y acceso equitativo a nivel global.<\/span><\/p>\t\t\t\t\t\t\t\t<\/div>\n\t\t\t\t<\/div>\n\t\t\t\t<div class=\"elementor-element elementor-element-cf7182b elementor-align-center elementor-widget elementor-widget-button\" data-id=\"cf7182b\" data-element_type=\"widget\" data-widget_type=\"button.default\">\n\t\t\t\t<div class=\"elementor-widget-container\">\n\t\t\t\t\t\t\t\t\t<div class=\"elementor-button-wrapper\">\n\t\t\t\t\t<a class=\"elementor-button elementor-button-link elementor-size-sm\" href=\"https:\/\/drive.google.com\/file\/d\/1Qf-cnLn5Beae5zstVPrKM11Vwqz7mXL5\/view?usp=drive_link\" target=\"_blank\">\n\t\t\t\t\t\t<span class=\"elementor-button-content-wrapper\">\n\t\t\t\t\t\t\t\t\t<span class=\"elementor-button-text\">GU\u00cdA ACAD\u00c9MICA<\/span>\n\t\t\t\t\t<\/span>\n\t\t\t\t\t<\/a>\n\t\t\t\t<\/div>\n\t\t\t\t\t\t\t\t<\/div>\n\t\t\t\t<\/div>\n\t\t\t\t\t<\/div>\n\t\t<\/div>\n\t\t\t\t\t<\/div>\n\t\t<\/section>\n\t\t\t\t<section class=\"elementor-section elementor-top-section elementor-element elementor-element-510401e elementor-section-boxed elementor-section-height-default elementor-section-height-default\" data-id=\"510401e\" data-element_type=\"section\">\n\t\t\t\t\t\t<div class=\"elementor-container elementor-column-gap-default\">\n\t\t\t\t\t<div class=\"elementor-column elementor-col-100 elementor-top-column elementor-element elementor-element-c1e0ccb\" data-id=\"c1e0ccb\" data-element_type=\"column\">\n\t\t\t<div class=\"elementor-widget-wrap elementor-element-populated\">\n\t\t\t\t\t\t<div class=\"elementor-element elementor-element-940f09e elementor-widget elementor-widget-heading\" data-id=\"940f09e\" data-element_type=\"widget\" data-widget_type=\"heading.default\">\n\t\t\t\t<div class=\"elementor-widget-container\">\n\t\t\t\t\t<h2 class=\"elementor-heading-title elementor-size-default\">MESA DIRECTIVA<\/h2>\t\t\t\t<\/div>\n\t\t\t\t<\/div>\n\t\t\t\t<section class=\"elementor-section elementor-inner-section elementor-element elementor-element-39ca617 elementor-section-boxed elementor-section-height-default elementor-section-height-default\" data-id=\"39ca617\" data-element_type=\"section\">\n\t\t\t\t\t\t<div class=\"elementor-container elementor-column-gap-wide\">\n\t\t\t\t\t<div class=\"elementor-column elementor-col-50 elementor-inner-column elementor-element elementor-element-a2e9728\" data-id=\"a2e9728\" data-element_type=\"column\">\n\t\t\t<div class=\"elementor-widget-wrap elementor-element-populated\">\n\t\t\t\t\t\t<div class=\"elementor-element elementor-element-34c771b elementor-widget elementor-widget-icon-box\" data-id=\"34c771b\" data-element_type=\"widget\" data-widget_type=\"icon-box.default\">\n\t\t\t\t<div class=\"elementor-widget-container\">\n\t\t\t\t\t\t\t<div class=\"elementor-icon-box-wrapper\">\n\n\t\t\t\n\t\t\t\t\t\t<div class=\"elementor-icon-box-content\">\n\n\t\t\t\t\t\t\t\t\t<h3 class=\"elementor-icon-box-title\">\n\t\t\t\t\t\t<span  >\n\t\t\t\t\t\t\tMARIANA DUQUE\t\t\t\t\t\t<\/span>\n\t\t\t\t\t<\/h3>\n\t\t\t\t\n\t\t\t\t\t\t\t\t\t<p class=\"elementor-icon-box-description\">\n\t\t\t\t\t\tPRESIDENTE\t\t\t\t\t<\/p>\n\t\t\t\t\n\t\t\t<\/div>\n\t\t\t\n\t\t<\/div>\n\t\t\t\t\t\t<\/div>\n\t\t\t\t<\/div>\n\t\t\t\t<div class=\"elementor-element elementor-element-8b9b161 elementor-widget elementor-widget-image\" data-id=\"8b9b161\" data-element_type=\"widget\" data-widget_type=\"image.default\">\n\t\t\t\t<div class=\"elementor-widget-container\">\n\t\t\t\t\t\t\t\t\t\t\t\t\t\t\t<img fetchpriority=\"high\" decoding=\"async\" width=\"600\" height=\"338\" src=\"https:\/\/www.sanboni.edu.co\/onu\/wp-content\/uploads\/Mariana-Duque-600x338.jpg\" class=\"attachment-medium size-medium wp-image-2440\" alt=\"\" srcset=\"https:\/\/www.sanboni.edu.co\/onu\/wp-content\/uploads\/Mariana-Duque-600x338.jpg 600w, https:\/\/www.sanboni.edu.co\/onu\/wp-content\/uploads\/Mariana-Duque-1280x720.jpg 1280w, https:\/\/www.sanboni.edu.co\/onu\/wp-content\/uploads\/Mariana-Duque-768x432.jpg 768w, https:\/\/www.sanboni.edu.co\/onu\/wp-content\/uploads\/Mariana-Duque-1536x864.jpg 1536w, https:\/\/www.sanboni.edu.co\/onu\/wp-content\/uploads\/Mariana-Duque-2048x1152.jpg 2048w\" sizes=\"(max-width: 600px) 100vw, 600px\" \/>\t\t\t\t\t\t\t\t\t\t\t\t\t\t\t<\/div>\n\t\t\t\t<\/div>\n\t\t\t\t\t<\/div>\n\t\t<\/div>\n\t\t\t\t<div class=\"elementor-column elementor-col-50 elementor-inner-column elementor-element elementor-element-4e1e7fa\" data-id=\"4e1e7fa\" data-element_type=\"column\">\n\t\t\t<div class=\"elementor-widget-wrap elementor-element-populated\">\n\t\t\t\t\t\t<div class=\"elementor-element elementor-element-bc214ff elementor-widget elementor-widget-icon-box\" data-id=\"bc214ff\" data-element_type=\"widget\" data-widget_type=\"icon-box.default\">\n\t\t\t\t<div class=\"elementor-widget-container\">\n\t\t\t\t\t\t\t<div class=\"elementor-icon-box-wrapper\">\n\n\t\t\t\n\t\t\t\t\t\t<div class=\"elementor-icon-box-content\">\n\n\t\t\t\t\t\t\t\t\t<h3 class=\"elementor-icon-box-title\">\n\t\t\t\t\t\t<span  >\n\t\t\t\t\t\t\tLIZ ALMANZA\t\t\t\t\t\t<\/span>\n\t\t\t\t\t<\/h3>\n\t\t\t\t\n\t\t\t\t\t\t\t\t\t<p class=\"elementor-icon-box-description\">\n\t\t\t\t\t\tCOPRESIDENTE\t\t\t\t\t<\/p>\n\t\t\t\t\n\t\t\t<\/div>\n\t\t\t\n\t\t<\/div>\n\t\t\t\t\t\t<\/div>\n\t\t\t\t<\/div>\n\t\t\t\t<div class=\"elementor-element elementor-element-c601c94 elementor-widget elementor-widget-image\" data-id=\"c601c94\" data-element_type=\"widget\" data-widget_type=\"image.default\">\n\t\t\t\t<div class=\"elementor-widget-container\">\n\t\t\t\t\t\t\t\t\t\t\t\t\t\t\t<img decoding=\"async\" width=\"600\" height=\"338\" src=\"https:\/\/www.sanboni.edu.co\/onu\/wp-content\/uploads\/Liz-Almanza-600x338.jpg\" class=\"attachment-medium size-medium wp-image-2439\" alt=\"\" srcset=\"https:\/\/www.sanboni.edu.co\/onu\/wp-content\/uploads\/Liz-Almanza-600x338.jpg 600w, https:\/\/www.sanboni.edu.co\/onu\/wp-content\/uploads\/Liz-Almanza-1280x720.jpg 1280w, https:\/\/www.sanboni.edu.co\/onu\/wp-content\/uploads\/Liz-Almanza-768x432.jpg 768w, https:\/\/www.sanboni.edu.co\/onu\/wp-content\/uploads\/Liz-Almanza-1536x864.jpg 1536w, https:\/\/www.sanboni.edu.co\/onu\/wp-content\/uploads\/Liz-Almanza-2048x1152.jpg 2048w\" sizes=\"(max-width: 600px) 100vw, 600px\" \/>\t\t\t\t\t\t\t\t\t\t\t\t\t\t\t<\/div>\n\t\t\t\t<\/div>\n\t\t\t\t\t<\/div>\n\t\t<\/div>\n\t\t\t\t\t<\/div>\n\t\t<\/section>\n\t\t\t\t<section class=\"elementor-section elementor-inner-section elementor-element elementor-element-bba6c3d elementor-section-boxed elementor-section-height-default elementor-section-height-default\" data-id=\"bba6c3d\" data-element_type=\"section\">\n\t\t\t\t\t\t<div class=\"elementor-container elementor-column-gap-default\">\n\t\t\t\t\t<div class=\"elementor-column elementor-col-50 elementor-inner-column elementor-element elementor-element-80c4f00\" data-id=\"80c4f00\" data-element_type=\"column\">\n\t\t\t<div class=\"elementor-widget-wrap elementor-element-populated\">\n\t\t\t\t\t\t<div class=\"elementor-element elementor-element-e3ae07b elementor-widget elementor-widget-text-editor\" data-id=\"e3ae07b\" data-element_type=\"widget\" data-widget_type=\"text-editor.default\">\n\t\t\t\t<div class=\"elementor-widget-container\">\n\t\t\t\t\t\t\t\t\t<p style=\"text-align: center;\"><b>PERFIL<\/b><\/p><p><span style=\"font-weight: 400;\">Mariana Duque, actualmente cursa el grado und\u00e9cimo y este a\u00f1o tiene la oportunidad de ser la presidente de la comisi\u00f3n de la Organizaci\u00f3n mundial de la salud.<\/span><\/p><p>\u00a0<\/p><p><span style=\"font-weight: 400;\">En 2020 particip\u00f3 en su primer modelo SBLMUN en la comisi\u00f3n de OMS junior cuando cursaba grado sexto, este a\u00f1o empez\u00f3 su gran gusto por el debate y la confrontaci\u00f3n de ideas como forma de desarrollar el pensamiento cr\u00edtico. Este marc\u00f3 un inicio en su carrera como delegada y llev\u00f3 a que en los a\u00f1os siguientes participara en comisiones como la comisi\u00f3n Colombia y UNICEF. Adicionalmente, en 2024 pudo ser parte de la mesa directa del modelo, al desempe\u00f1arse como la copresidente de la comisi\u00f3n \u201cAlianza de Innovaci\u00f3n Empresarial&#8221;. Esta fue una experiencia inolvidable que reafirm\u00f3 el inter\u00e9s de Mariana por el liderazgo y la diplomacia. Estos modelos le ofrecieron lecciones importantes como la importancia de la cooperaci\u00f3n internacional para procurar un bien com\u00fan.<\/span><\/p><p>\u00a0<\/p><p><span style=\"font-weight: 400;\">Este a\u00f1o Mariana est\u00e1 comprometida a hacer de esta comisi\u00f3n una de las mejores que la instituci\u00f3n haya visto, donde prime el respeto, la rigurosidad acad\u00e9mica y la diplomacia. De igual manera est\u00e1 comprometida para generar un espacio seguro donde los estudiantes puedan sacar a relucir sus habilidades de debate y as\u00ed puedan generar soluciones para las problem\u00e1ticas actuales, dando su primer paso como l\u00edderes de futuro.<\/span><\/p>\t\t\t\t\t\t\t\t<\/div>\n\t\t\t\t<\/div>\n\t\t\t\t\t<\/div>\n\t\t<\/div>\n\t\t\t\t<div class=\"elementor-column elementor-col-50 elementor-inner-column elementor-element elementor-element-09bb04d\" data-id=\"09bb04d\" data-element_type=\"column\">\n\t\t\t<div class=\"elementor-widget-wrap elementor-element-populated\">\n\t\t\t\t\t\t<div class=\"elementor-element elementor-element-83f726d elementor-widget elementor-widget-text-editor\" data-id=\"83f726d\" data-element_type=\"widget\" data-widget_type=\"text-editor.default\">\n\t\t\t\t<div class=\"elementor-widget-container\">\n\t\t\t\t\t\t\t\t\t<p style=\"text-align: center;\"><strong>PERFIL<\/strong><\/p><p><span style=\"font-weight: 400;\">La trayectoria de Liz Almanza en los Modelos de las Naciones Unidas ha sido un camino de constante crecimiento. Su primera participaci\u00f3n fue en el modelo SBLMUN, en el que tuvo la oportunidad de desempe\u00f1arse como delegada en dos ocasiones en las comisiones INTERPOL y PNUMA. Esta experiencia marc\u00f3 profundamente su visi\u00f3n sobre la importancia del di\u00e1logo y el trabajo en la resoluci\u00f3n de conflictos. Posteriormente, llev\u00f3 sus habilidades al modelo SAMONU en la comisi\u00f3n UNESCO donde fortaleci\u00f3 a\u00fan m\u00e1s su perfil como delegada comprometida, preparada y abierta a nuevas perspectivas.\u00a0<\/span><\/p><p><span style=\"font-weight: 400;\">Este a\u00f1o Liz ha decidido asumir el rol de co-presidenta en la comisi\u00f3n OMS del modelo SBLMUN. Su principal motivaci\u00f3n es brindar el mismo apoyo y gu\u00eda que ella recibi\u00f3 en sus primeros pasos as\u00ed como contribuir a la formaci\u00f3n de nuevos delegados. Liz aspira a que el Modelo siga siendo un espacio de aprendizaje significativo y se compromete a trabajar para que cada delegado viva una experiencia enriquecedora y memorable.<\/span><\/p><p style=\"text-align: center;\">\u00a0<\/p>\t\t\t\t\t\t\t\t<\/div>\n\t\t\t\t<\/div>\n\t\t\t\t\t<\/div>\n\t\t<\/div>\n\t\t\t\t\t<\/div>\n\t\t<\/section>\n\t\t\t\t\t<\/div>\n\t\t<\/div>\n\t\t\t\t\t<\/div>\n\t\t<\/section>\n\t\t\t\t<\/div>\n\t\t","protected":false},"excerpt":{"rendered":"<p>ORGANIZACI\u00d3N MUNDIAL DE LA SALUD &#8211; OMS SOBRE LA COMISI\u00d3N La Organizaci\u00f3n Mundial de la Salud o OMS Como sus siglas lo indican\u00a0 o\u00a0 world Health Organization\u00a0 en ingles (WHO),fue creada en 1948 por las Naciones Unidas encargada de promover la salud para todos .Su sede principal es en Ginebra ( Suiza) hacen parte 194 [&hellip;]<\/p>\n","protected":false},"author":1,"featured_media":0,"parent":703,"menu_order":0,"comment_status":"closed","ping_status":"closed","template":"","meta":{"footnotes":""},"class_list":["post-2534","page","type-page","status-publish","hentry"],"aioseo_notices":[],"_links":{"self":[{"href":"https:\/\/www.sanboni.edu.co\/onu\/wp-json\/wp\/v2\/pages\/2534","targetHints":{"allow":["GET"]}}],"collection":[{"href":"https:\/\/www.sanboni.edu.co\/onu\/wp-json\/wp\/v2\/pages"}],"about":[{"href":"https:\/\/www.sanboni.edu.co\/onu\/wp-json\/wp\/v2\/types\/page"}],"author":[{"embeddable":true,"href":"https:\/\/www.sanboni.edu.co\/onu\/wp-json\/wp\/v2\/users\/1"}],"replies":[{"embeddable":true,"href":"https:\/\/www.sanboni.edu.co\/onu\/wp-json\/wp\/v2\/comments?post=2534"}],"version-history":[{"count":10,"href":"https:\/\/www.sanboni.edu.co\/onu\/wp-json\/wp\/v2\/pages\/2534\/revisions"}],"predecessor-version":[{"id":2700,"href":"https:\/\/www.sanboni.edu.co\/onu\/wp-json\/wp\/v2\/pages\/2534\/revisions\/2700"}],"up":[{"embeddable":true,"href":"https:\/\/www.sanboni.edu.co\/onu\/wp-json\/wp\/v2\/pages\/703"}],"wp:attachment":[{"href":"https:\/\/www.sanboni.edu.co\/onu\/wp-json\/wp\/v2\/media?parent=2534"}],"curies":[{"name":"wp","href":"https:\/\/api.w.org\/{rel}","templated":true}]}}