{"id":2131,"date":"2024-07-19T14:11:10","date_gmt":"2024-07-19T19:11:10","guid":{"rendered":"https:\/\/www.sanboni.edu.co\/onu\/?page_id=2131"},"modified":"2024-07-19T15:25:22","modified_gmt":"2024-07-19T20:25:22","slug":"fao-junior","status":"publish","type":"page","link":"https:\/\/www.sanboni.edu.co\/onu\/sblmun-2024\/comisiones\/fao-junior\/","title":{"rendered":"FAO JUNIOR"},"content":{"rendered":"\t\t<div data-elementor-type=\"wp-page\" data-elementor-id=\"2131\" class=\"elementor elementor-2131\">\n\t\t\t\t\t\t<section class=\"elementor-section elementor-top-section elementor-element elementor-element-1b02209 elementor-section-full_width elementor-section-height-min-height elementor-section-height-default elementor-section-items-middle\" data-id=\"1b02209\" data-element_type=\"section\" data-settings=\"{&quot;background_background&quot;:&quot;classic&quot;}\">\n\t\t\t\t\t\t\t<div class=\"elementor-background-overlay\"><\/div>\n\t\t\t\t\t\t\t<div class=\"elementor-container elementor-column-gap-default\">\n\t\t\t\t\t<div class=\"elementor-column elementor-col-100 elementor-top-column elementor-element elementor-element-363bd70\" data-id=\"363bd70\" data-element_type=\"column\">\n\t\t\t<div class=\"elementor-widget-wrap elementor-element-populated\">\n\t\t\t\t\t\t<div class=\"elementor-element elementor-element-c51ade8 elementor-widget elementor-widget-heading\" data-id=\"c51ade8\" data-element_type=\"widget\" data-widget_type=\"heading.default\">\n\t\t\t\t<div class=\"elementor-widget-container\">\n\t\t\t\t\t<h2 class=\"elementor-heading-title elementor-size-default\">FAO JUNIOR<\/h2>\t\t\t\t<\/div>\n\t\t\t\t<\/div>\n\t\t\t\t\t<\/div>\n\t\t<\/div>\n\t\t\t\t\t<\/div>\n\t\t<\/section>\n\t\t\t\t<section class=\"elementor-section elementor-top-section elementor-element elementor-element-c5d2784 elementor-section-boxed elementor-section-height-default elementor-section-height-default\" data-id=\"c5d2784\" data-element_type=\"section\">\n\t\t\t\t\t\t<div class=\"elementor-container elementor-column-gap-default\">\n\t\t\t\t\t<div class=\"elementor-column elementor-col-66 elementor-top-column elementor-element elementor-element-b198e95\" data-id=\"b198e95\" data-element_type=\"column\">\n\t\t\t<div class=\"elementor-widget-wrap elementor-element-populated\">\n\t\t\t\t\t\t<div class=\"elementor-element elementor-element-ac0f5ba elementor-widget elementor-widget-heading\" data-id=\"ac0f5ba\" data-element_type=\"widget\" data-widget_type=\"heading.default\">\n\t\t\t\t<div class=\"elementor-widget-container\">\n\t\t\t\t\t<h2 class=\"elementor-heading-title elementor-size-default\">SOBRE LA COMISI\u00d3N<\/h2>\t\t\t\t<\/div>\n\t\t\t\t<\/div>\n\t\t\t\t<div class=\"elementor-element elementor-element-447090c elementor-widget elementor-widget-text-editor\" data-id=\"447090c\" data-element_type=\"widget\" data-widget_type=\"text-editor.default\">\n\t\t\t\t<div class=\"elementor-widget-container\">\n\t\t\t\t\t\t\t\t\t<p><span style=\"font-weight: 400;\">La Organizaci\u00f3n de las Naciones Unidas para la Alimentaci\u00f3n y la Agricultura(FAO), fue fundada el 16 de octubre de 1945 en Quebec, Canad\u00e1, despu\u00e9s de la segunda guerra mundial. En este periodo de tiempo, el mundo se enfrentaba a una problem\u00e1tica de inseguridad alimentaria y hambruna consecuencia de la guerra, debido a esto, representantes de 44 pa\u00edses se reunieron en Quebec, Canad\u00e1, para crear la FAO, esto con el fin de que los pa\u00edses se acojan a los objetivos y principios de la comisi\u00f3n, los cuales buscan erradicar el hambre y servir c\u00f3mo foro internacional neutral para discutir pol\u00edticas y tratados, y tambi\u00e9n ayudar a pa\u00edses en v\u00edas de desarrollo a mejorar sus procesos agr\u00edcolas.<\/span><\/p>\t\t\t\t\t\t\t\t<\/div>\n\t\t\t\t<\/div>\n\t\t\t\t\t<\/div>\n\t\t<\/div>\n\t\t\t\t<div class=\"elementor-column elementor-col-33 elementor-top-column elementor-element elementor-element-6b49cc3\" data-id=\"6b49cc3\" data-element_type=\"column\">\n\t\t\t<div class=\"elementor-widget-wrap elementor-element-populated\">\n\t\t\t\t\t\t<div class=\"elementor-element elementor-element-4c52dc8 elementor-widget elementor-widget-heading\" data-id=\"4c52dc8\" data-element_type=\"widget\" data-widget_type=\"heading.default\">\n\t\t\t\t<div class=\"elementor-widget-container\">\n\t\t\t\t\t<h2 class=\"elementor-heading-title elementor-size-default\">TEMAS:<\/h2>\t\t\t\t<\/div>\n\t\t\t\t<\/div>\n\t\t\t\t<div class=\"elementor-element elementor-element-f6d4bdc elementor-widget elementor-widget-text-editor\" data-id=\"f6d4bdc\" data-element_type=\"widget\" data-widget_type=\"text-editor.default\">\n\t\t\t\t<div class=\"elementor-widget-container\">\n\t\t\t\t\t\t\t\t\t<p><b>Tema A: <span style=\"font-weight: 400;\">\u00a0Desigualdad y d\u00e9ficit alimentario en naciones en v\u00eda de desarrollo.<\/span><\/b><\/p><p><b>Tema B: <span style=\"font-weight: 400;\">\u00a0Implementaci\u00f3n de nuevas tecnolog\u00edas en los sistemas agroalimentarios.<\/span><\/b><\/p>\t\t\t\t\t\t\t\t<\/div>\n\t\t\t\t<\/div>\n\t\t\t\t<div class=\"elementor-element elementor-element-cf7182b elementor-align-center elementor-widget elementor-widget-button\" data-id=\"cf7182b\" data-element_type=\"widget\" data-widget_type=\"button.default\">\n\t\t\t\t<div class=\"elementor-widget-container\">\n\t\t\t\t\t\t\t\t\t<div class=\"elementor-button-wrapper\">\n\t\t\t\t\t<a class=\"elementor-button elementor-button-link elementor-size-sm\" href=\"https:\/\/drive.google.com\/file\/d\/1_qoNU5i8pEaGC7pTCd8Io_eoL7tU2ti0\/view?usp=drive_link%20\">\n\t\t\t\t\t\t<span class=\"elementor-button-content-wrapper\">\n\t\t\t\t\t\t\t\t\t<span class=\"elementor-button-text\">GU\u00cdA ACAD\u00c9MICA<\/span>\n\t\t\t\t\t<\/span>\n\t\t\t\t\t<\/a>\n\t\t\t\t<\/div>\n\t\t\t\t\t\t\t\t<\/div>\n\t\t\t\t<\/div>\n\t\t\t\t\t<\/div>\n\t\t<\/div>\n\t\t\t\t\t<\/div>\n\t\t<\/section>\n\t\t\t\t<section class=\"elementor-section elementor-top-section elementor-element elementor-element-510401e elementor-section-boxed elementor-section-height-default elementor-section-height-default\" data-id=\"510401e\" data-element_type=\"section\">\n\t\t\t\t\t\t<div class=\"elementor-container elementor-column-gap-default\">\n\t\t\t\t\t<div class=\"elementor-column elementor-col-100 elementor-top-column elementor-element elementor-element-c1e0ccb\" data-id=\"c1e0ccb\" data-element_type=\"column\">\n\t\t\t<div class=\"elementor-widget-wrap elementor-element-populated\">\n\t\t\t\t\t\t<div class=\"elementor-element elementor-element-940f09e elementor-widget elementor-widget-heading\" data-id=\"940f09e\" data-element_type=\"widget\" data-widget_type=\"heading.default\">\n\t\t\t\t<div class=\"elementor-widget-container\">\n\t\t\t\t\t<h2 class=\"elementor-heading-title elementor-size-default\">MESA DIRECTIVA<\/h2>\t\t\t\t<\/div>\n\t\t\t\t<\/div>\n\t\t\t\t<section class=\"elementor-section elementor-inner-section elementor-element elementor-element-39ca617 elementor-section-boxed elementor-section-height-default elementor-section-height-default\" data-id=\"39ca617\" data-element_type=\"section\">\n\t\t\t\t\t\t<div class=\"elementor-container elementor-column-gap-wide\">\n\t\t\t\t\t<div class=\"elementor-column elementor-col-50 elementor-inner-column elementor-element elementor-element-a2e9728\" data-id=\"a2e9728\" data-element_type=\"column\">\n\t\t\t<div class=\"elementor-widget-wrap elementor-element-populated\">\n\t\t\t\t\t\t<div class=\"elementor-element elementor-element-9454534 elementor-widget elementor-widget-icon-box\" data-id=\"9454534\" data-element_type=\"widget\" data-widget_type=\"icon-box.default\">\n\t\t\t\t<div class=\"elementor-widget-container\">\n\t\t\t\t\t\t\t<div class=\"elementor-icon-box-wrapper\">\n\n\t\t\t\n\t\t\t\t\t\t<div class=\"elementor-icon-box-content\">\n\n\t\t\t\t\t\t\t\t\t<h3 class=\"elementor-icon-box-title\">\n\t\t\t\t\t\t<span  >\n\t\t\t\t\t\t\tSIM\u00d3N ACOSTA\t\t\t\t\t\t<\/span>\n\t\t\t\t\t<\/h3>\n\t\t\t\t\n\t\t\t\t\t\t\t\t\t<p class=\"elementor-icon-box-description\">\n\t\t\t\t\t\tPRESIDENTE\t\t\t\t\t<\/p>\n\t\t\t\t\n\t\t\t<\/div>\n\t\t\t\n\t\t<\/div>\n\t\t\t\t\t\t<\/div>\n\t\t\t\t<\/div>\n\t\t\t\t<div class=\"elementor-element elementor-element-8b9b161 elementor-widget elementor-widget-image\" data-id=\"8b9b161\" data-element_type=\"widget\" data-widget_type=\"image.default\">\n\t\t\t\t<div class=\"elementor-widget-container\">\n\t\t\t\t\t\t\t\t\t\t\t\t\t\t\t<img fetchpriority=\"high\" decoding=\"async\" width=\"600\" height=\"600\" src=\"https:\/\/www.sanboni.edu.co\/onu\/wp-content\/uploads\/IMG_0592-1-600x600.jpg\" class=\"attachment-medium size-medium wp-image-2212\" alt=\"\" srcset=\"https:\/\/www.sanboni.edu.co\/onu\/wp-content\/uploads\/IMG_0592-1-600x600.jpg 600w, https:\/\/www.sanboni.edu.co\/onu\/wp-content\/uploads\/IMG_0592-1-1280x1280.jpg 1280w, https:\/\/www.sanboni.edu.co\/onu\/wp-content\/uploads\/IMG_0592-1-300x300.jpg 300w, https:\/\/www.sanboni.edu.co\/onu\/wp-content\/uploads\/IMG_0592-1-768x767.jpg 768w, https:\/\/www.sanboni.edu.co\/onu\/wp-content\/uploads\/IMG_0592-1-1536x1534.jpg 1536w, https:\/\/www.sanboni.edu.co\/onu\/wp-content\/uploads\/IMG_0592-1-2048x2046.jpg 2048w\" sizes=\"(max-width: 600px) 100vw, 600px\" \/>\t\t\t\t\t\t\t\t\t\t\t\t\t\t\t<\/div>\n\t\t\t\t<\/div>\n\t\t\t\t\t<\/div>\n\t\t<\/div>\n\t\t\t\t<div class=\"elementor-column elementor-col-50 elementor-inner-column elementor-element elementor-element-4e1e7fa\" data-id=\"4e1e7fa\" data-element_type=\"column\">\n\t\t\t<div class=\"elementor-widget-wrap elementor-element-populated\">\n\t\t\t\t\t\t<div class=\"elementor-element elementor-element-79efa5e elementor-widget elementor-widget-icon-box\" data-id=\"79efa5e\" data-element_type=\"widget\" data-widget_type=\"icon-box.default\">\n\t\t\t\t<div class=\"elementor-widget-container\">\n\t\t\t\t\t\t\t<div class=\"elementor-icon-box-wrapper\">\n\n\t\t\t\n\t\t\t\t\t\t<div class=\"elementor-icon-box-content\">\n\n\t\t\t\t\t\t\t\t\t<h3 class=\"elementor-icon-box-title\">\n\t\t\t\t\t\t<span  >\n\t\t\t\t\t\t\tMARIANA GONZ\u00c1LEZ\t\t\t\t\t\t<\/span>\n\t\t\t\t\t<\/h3>\n\t\t\t\t\n\t\t\t\t\t\t\t\t\t<p class=\"elementor-icon-box-description\">\n\t\t\t\t\t\tCOPRESIDENTE\t\t\t\t\t<\/p>\n\t\t\t\t\n\t\t\t<\/div>\n\t\t\t\n\t\t<\/div>\n\t\t\t\t\t\t<\/div>\n\t\t\t\t<\/div>\n\t\t\t\t<div class=\"elementor-element elementor-element-c601c94 elementor-widget elementor-widget-image\" data-id=\"c601c94\" data-element_type=\"widget\" data-widget_type=\"image.default\">\n\t\t\t\t<div class=\"elementor-widget-container\">\n\t\t\t\t\t\t\t\t\t\t\t\t\t\t\t<img decoding=\"async\" width=\"600\" height=\"600\" src=\"https:\/\/www.sanboni.edu.co\/onu\/wp-content\/uploads\/FAO-600x600.jpg\" class=\"attachment-medium size-medium wp-image-2213\" alt=\"\" srcset=\"https:\/\/www.sanboni.edu.co\/onu\/wp-content\/uploads\/FAO-600x600.jpg 600w, https:\/\/www.sanboni.edu.co\/onu\/wp-content\/uploads\/FAO-1280x1280.jpg 1280w, https:\/\/www.sanboni.edu.co\/onu\/wp-content\/uploads\/FAO-300x300.jpg 300w, https:\/\/www.sanboni.edu.co\/onu\/wp-content\/uploads\/FAO-768x768.jpg 768w, https:\/\/www.sanboni.edu.co\/onu\/wp-content\/uploads\/FAO-1536x1536.jpg 1536w, https:\/\/www.sanboni.edu.co\/onu\/wp-content\/uploads\/FAO-2048x2048.jpg 2048w\" sizes=\"(max-width: 600px) 100vw, 600px\" \/>\t\t\t\t\t\t\t\t\t\t\t\t\t\t\t<\/div>\n\t\t\t\t<\/div>\n\t\t\t\t\t<\/div>\n\t\t<\/div>\n\t\t\t\t\t<\/div>\n\t\t<\/section>\n\t\t\t\t<section class=\"elementor-section elementor-inner-section elementor-element elementor-element-eb5ef5f elementor-section-boxed elementor-section-height-default elementor-section-height-default\" data-id=\"eb5ef5f\" data-element_type=\"section\">\n\t\t\t\t\t\t<div class=\"elementor-container elementor-column-gap-default\">\n\t\t\t\t\t<div class=\"elementor-column elementor-col-50 elementor-inner-column elementor-element elementor-element-c37db9c\" data-id=\"c37db9c\" data-element_type=\"column\">\n\t\t\t<div class=\"elementor-widget-wrap elementor-element-populated\">\n\t\t\t\t\t\t<div class=\"elementor-element elementor-element-13e8dc7 elementor-widget elementor-widget-text-editor\" data-id=\"13e8dc7\" data-element_type=\"widget\" data-widget_type=\"text-editor.default\">\n\t\t\t\t<div class=\"elementor-widget-container\">\n\t\t\t\t\t\t\t\t\t<p style=\"text-align: center;\"><strong>PERFIL<\/strong><\/p><p style=\"text-align: center;\"><span style=\"font-weight: 400;\">Sim\u00f3n, desde su primer a\u00f1o en quinto grado, cuando particip\u00f3 como delegado de piso, supo que el mundo del debate era lo suyo. Desde entonces, ha estado comprometido con su formaci\u00f3n como delegado, buscando siempre mejorar sus habilidades y conocimientos.<\/span><\/p><p style=\"text-align: center;\"><span style=\"font-weight: 400;\">A lo largo de su trayectoria en el SBLMUN, ha tenido el honor de representar a diferentes pa\u00edses y personajes en diversas comisiones. Desde China en PNUMA Junior, donde fue reconocido como el mejor delegado, hasta Estados Unidos en ECOSOC, donde nuevamente tuvo el privilegio de ser distinguido como el mejor delegado de la comisi\u00f3n.<\/span><\/p><p style=\"text-align: center;\"><span style=\"font-weight: 400;\">Este a\u00f1o, tiene el gran honor de servir como presidente de la comisi\u00f3n FAO Junior. Su objetivo es formar delegados \u00edntegros y prepararlos para enfrentar cualquier desaf\u00edo en el mundo del debate. Quiere que los delegados de su comisi\u00f3n compartan el mismo amor y entusiasmo que siente por el modelo, y que aprovechen esta experiencia para aprender lecciones valiosas que les ser\u00e1n \u00fatiles tanto en su vida escolar como m\u00e1s all\u00e1.<\/span><\/p><p style=\"text-align: center;\"><span style=\"font-weight: 400;\">El Modelo de las Naciones Unidas del Colegio San Bonifacio ha sido una parte fundamental de su desarrollo personal, y est\u00e1 comprometido a hacer todo lo posible para que sus delegados tambi\u00e9n puedan beneficiarse de esta experiencia \u00fanica. Sim\u00f3n espera con ansias trabajar con todos y juntos hacer de esta experiencia en SBLMUN un \u00e9xito inolvidable.<\/span><\/p><p style=\"text-align: center;\"><br \/><br \/><\/p>\t\t\t\t\t\t\t\t<\/div>\n\t\t\t\t<\/div>\n\t\t\t\t\t<\/div>\n\t\t<\/div>\n\t\t\t\t<div class=\"elementor-column elementor-col-50 elementor-inner-column elementor-element elementor-element-684ccd7\" data-id=\"684ccd7\" data-element_type=\"column\">\n\t\t\t<div class=\"elementor-widget-wrap elementor-element-populated\">\n\t\t\t\t\t\t<div class=\"elementor-element elementor-element-7c70820 elementor-widget elementor-widget-text-editor\" data-id=\"7c70820\" data-element_type=\"widget\" data-widget_type=\"text-editor.default\">\n\t\t\t\t<div class=\"elementor-widget-container\">\n\t\t\t\t\t\t\t\t\t<p style=\"text-align: center;\"><strong>PERFIL<\/strong><\/p><p style=\"text-align: center;\"><span style=\"font-weight: 400;\">Mariana Gonzalez estudiante de grado d\u00e9cimo, actual copresidente de la comisi\u00f3n FAO Junior, ha participado en el SBLMUN durante varios a\u00f1os, en el 2019 mientras cursaba el quinto grado, tuvo la oportunidad de ser delegada de piso, el cual fue su primer acercamiento con el modelo y desde ese momento supo que quer\u00eda participar activamente en este. Durante los a\u00f1os posteriores particip\u00f3 en distintas comisiones como lo son UNICEF y comisi\u00f3n Colombia, donde se enamor\u00f3 a\u00fan m\u00e1s de este modelo y pudo potenciar sus habilidades argumentativas y orales.\u00a0<\/span><\/p><p style=\"text-align: center;\">\u00a0<\/p><p style=\"text-align: center;\"><span style=\"font-weight: 400;\">Este a\u00f1o Mariana tiene objetivo que los delegados de Junior amen el modelo de la misma forma en la que ella lo hace, quiere crear un espacio seguro donde se sientan c\u00f3modos de participar y puedan desarrollar todas la habilidades que el SBLMUN fomenta, las cuales ser\u00e1n cruciales para su formaci\u00f3n acad\u00e9mica\u00a0 y su vida diaria.\u00a0<\/span><\/p>\t\t\t\t\t\t\t\t<\/div>\n\t\t\t\t<\/div>\n\t\t\t\t\t<\/div>\n\t\t<\/div>\n\t\t\t\t\t<\/div>\n\t\t<\/section>\n\t\t\t\t\t<\/div>\n\t\t<\/div>\n\t\t\t\t\t<\/div>\n\t\t<\/section>\n\t\t\t\t<\/div>\n\t\t","protected":false},"excerpt":{"rendered":"<p>FAO JUNIOR SOBRE LA COMISI\u00d3N La Organizaci\u00f3n de las Naciones Unidas para la Alimentaci\u00f3n y la Agricultura(FAO), fue fundada el 16 de octubre de 1945 en Quebec, Canad\u00e1, despu\u00e9s de la segunda guerra mundial. En este periodo de tiempo, el mundo se enfrentaba a una problem\u00e1tica de inseguridad alimentaria y hambruna consecuencia de la guerra, [&hellip;]<\/p>\n","protected":false},"author":1,"featured_media":0,"parent":703,"menu_order":0,"comment_status":"closed","ping_status":"closed","template":"","meta":{"footnotes":""},"class_list":["post-2131","page","type-page","status-publish","hentry"],"aioseo_notices":[],"_links":{"self":[{"href":"https:\/\/www.sanboni.edu.co\/onu\/wp-json\/wp\/v2\/pages\/2131","targetHints":{"allow":["GET"]}}],"collection":[{"href":"https:\/\/www.sanboni.edu.co\/onu\/wp-json\/wp\/v2\/pages"}],"about":[{"href":"https:\/\/www.sanboni.edu.co\/onu\/wp-json\/wp\/v2\/types\/page"}],"author":[{"embeddable":true,"href":"https:\/\/www.sanboni.edu.co\/onu\/wp-json\/wp\/v2\/users\/1"}],"replies":[{"embeddable":true,"href":"https:\/\/www.sanboni.edu.co\/onu\/wp-json\/wp\/v2\/comments?post=2131"}],"version-history":[{"count":28,"href":"https:\/\/www.sanboni.edu.co\/onu\/wp-json\/wp\/v2\/pages\/2131\/revisions"}],"predecessor-version":[{"id":2330,"href":"https:\/\/www.sanboni.edu.co\/onu\/wp-json\/wp\/v2\/pages\/2131\/revisions\/2330"}],"up":[{"embeddable":true,"href":"https:\/\/www.sanboni.edu.co\/onu\/wp-json\/wp\/v2\/pages\/703"}],"wp:attachment":[{"href":"https:\/\/www.sanboni.edu.co\/onu\/wp-json\/wp\/v2\/media?parent=2131"}],"curies":[{"name":"wp","href":"https:\/\/api.w.org\/{rel}","templated":true}]}}