{"id":1434,"date":"2024-07-19T13:49:02","date_gmt":"2024-07-19T18:49:02","guid":{"rendered":"https:\/\/www.sanboni.edu.co\/onu\/?page_id=1434"},"modified":"2025-07-02T08:05:53","modified_gmt":"2025-07-02T13:05:53","slug":"senado-republica","status":"publish","type":"page","link":"https:\/\/www.sanboni.edu.co\/onu\/sblmun-2024\/comisiones\/senado-republica\/","title":{"rendered":"Senado de la Rep\u00fablica"},"content":{"rendered":"\t\t<div data-elementor-type=\"wp-page\" data-elementor-id=\"1434\" class=\"elementor elementor-1434\">\n\t\t\t\t\t\t<section class=\"elementor-section elementor-top-section elementor-element elementor-element-1b02209 elementor-section-full_width elementor-section-height-min-height elementor-section-height-default elementor-section-items-middle\" data-id=\"1b02209\" data-element_type=\"section\" data-settings=\"{&quot;background_background&quot;:&quot;classic&quot;}\">\n\t\t\t\t\t\t\t<div class=\"elementor-background-overlay\"><\/div>\n\t\t\t\t\t\t\t<div class=\"elementor-container elementor-column-gap-default\">\n\t\t\t\t\t<div class=\"elementor-column elementor-col-100 elementor-top-column elementor-element elementor-element-363bd70\" data-id=\"363bd70\" data-element_type=\"column\">\n\t\t\t<div class=\"elementor-widget-wrap elementor-element-populated\">\n\t\t\t\t\t\t<div class=\"elementor-element elementor-element-c51ade8 elementor-widget elementor-widget-heading\" data-id=\"c51ade8\" data-element_type=\"widget\" data-widget_type=\"heading.default\">\n\t\t\t\t<div class=\"elementor-widget-container\">\n\t\t\t\t\t<h2 class=\"elementor-heading-title elementor-size-default\">SENADO DE LA REP\u00daBLICA<\/h2>\t\t\t\t<\/div>\n\t\t\t\t<\/div>\n\t\t\t\t\t<\/div>\n\t\t<\/div>\n\t\t\t\t\t<\/div>\n\t\t<\/section>\n\t\t\t\t<section class=\"elementor-section elementor-top-section elementor-element elementor-element-c5d2784 elementor-section-boxed elementor-section-height-default elementor-section-height-default\" data-id=\"c5d2784\" data-element_type=\"section\">\n\t\t\t\t\t\t<div class=\"elementor-container elementor-column-gap-default\">\n\t\t\t\t\t<div class=\"elementor-column elementor-col-66 elementor-top-column elementor-element elementor-element-b198e95\" data-id=\"b198e95\" data-element_type=\"column\">\n\t\t\t<div class=\"elementor-widget-wrap elementor-element-populated\">\n\t\t\t\t\t\t<div class=\"elementor-element elementor-element-ac0f5ba elementor-widget elementor-widget-heading\" data-id=\"ac0f5ba\" data-element_type=\"widget\" data-widget_type=\"heading.default\">\n\t\t\t\t<div class=\"elementor-widget-container\">\n\t\t\t\t\t<h2 class=\"elementor-heading-title elementor-size-default\">SOBRE LA COMISI\u00d3N<\/h2>\t\t\t\t<\/div>\n\t\t\t\t<\/div>\n\t\t\t\t<div class=\"elementor-element elementor-element-447090c elementor-widget elementor-widget-text-editor\" data-id=\"447090c\" data-element_type=\"widget\" data-widget_type=\"text-editor.default\">\n\t\t\t\t<div class=\"elementor-widget-container\">\n\t\t\t\t\t\t\t\t\t<p><span style=\"font-weight: 400;\">El Senado de la Rep\u00fablica de Colombia es uno de los componentes clave dentro del sistema legislativo del pa\u00eds, cuya labor principal es representar al pueblo y participar activamente en la creaci\u00f3n de normas que rigen la vida nacional. A trav\u00e9s de sus decisiones, no s\u00f3lo legisla, sino que tambi\u00e9n puede liderar procesos de reforma constitucional, ejerciendo un rol determinante en la transformaci\u00f3n del orden jur\u00eddico colombiano.<\/span><\/p><p><span style=\"font-weight: 400;\">Esta responsabilidad se enmarca dentro de la organizaci\u00f3n del Estado colombiano, que se estructura en tres ramas del poder: Ejecutiva, Judicial y Legislativa. Es esta \u00faltima la encargada de dar forma al cuerpo legal de la naci\u00f3n, siendo el Senado una de sus instituciones centrales.<\/span><\/p><p><span style=\"font-weight: 400;\">En cuanto a su conformaci\u00f3n, la Constituci\u00f3n Pol\u00edtica de 1991 establece que el Senado cuenta con 108 miembros elegidos por un per\u00edodo de cuatro a\u00f1os. La distribuci\u00f3n de estos es reflejo del compromiso con la diversidad pol\u00edtica y social del pa\u00eds: cinco esca\u00f1os corresponden al partido Comunes, en cumplimiento del Acuerdo de Paz; dos est\u00e1n reservados para representantes de los pueblos ind\u00edgenas; uno se asigna al segundo candidato presidencial m\u00e1s votado; y los cien restantes son elegidos por voto popular en circunscripci\u00f3n nacional.<\/span><\/p>\t\t\t\t\t\t\t\t<\/div>\n\t\t\t\t<\/div>\n\t\t\t\t\t<\/div>\n\t\t<\/div>\n\t\t\t\t<div class=\"elementor-column elementor-col-33 elementor-top-column elementor-element elementor-element-6b49cc3\" data-id=\"6b49cc3\" data-element_type=\"column\">\n\t\t\t<div class=\"elementor-widget-wrap elementor-element-populated\">\n\t\t\t\t\t\t<div class=\"elementor-element elementor-element-4c52dc8 elementor-widget elementor-widget-heading\" data-id=\"4c52dc8\" data-element_type=\"widget\" data-widget_type=\"heading.default\">\n\t\t\t\t<div class=\"elementor-widget-container\">\n\t\t\t\t\t<h2 class=\"elementor-heading-title elementor-size-default\">TEMAS:<\/h2>\t\t\t\t<\/div>\n\t\t\t\t<\/div>\n\t\t\t\t<div class=\"elementor-element elementor-element-f6d4bdc elementor-widget elementor-widget-text-editor\" data-id=\"f6d4bdc\" data-element_type=\"widget\" data-widget_type=\"text-editor.default\">\n\t\t\t\t<div class=\"elementor-widget-container\">\n\t\t\t\t\t\t\t\t\t<p><strong>Tema A:<\/strong> <span style=\"font-weight: 400;\">Estado de Conmoci\u00f3n interior en el Catatumbo: Desaf\u00edos del Estado frente al control del narcotr\u00e1fico y grupos armados ilegales.<\/span><br \/><strong>Tema B:<\/strong> <span style=\"font-weight: 400;\">Reorganizaci\u00f3n pol\u00edtico administrativa en Colombia: \u00bfTransici\u00f3n a un estado federal?<\/span><\/p>\t\t\t\t\t\t\t\t<\/div>\n\t\t\t\t<\/div>\n\t\t\t\t<div class=\"elementor-element elementor-element-cf7182b elementor-align-center elementor-widget elementor-widget-button\" data-id=\"cf7182b\" data-element_type=\"widget\" data-widget_type=\"button.default\">\n\t\t\t\t<div class=\"elementor-widget-container\">\n\t\t\t\t\t\t\t\t\t<div class=\"elementor-button-wrapper\">\n\t\t\t\t\t<a class=\"elementor-button elementor-button-link elementor-size-sm\" href=\"https:\/\/drive.google.com\/file\/d\/1ZSYJ65E1O27fqj_dkpFsvX6o1Vt4YHuC\/view?usp=drive_link\" target=\"_blank\">\n\t\t\t\t\t\t<span class=\"elementor-button-content-wrapper\">\n\t\t\t\t\t\t\t\t\t<span class=\"elementor-button-text\">GU\u00cdA ACAD\u00c9MICA<\/span>\n\t\t\t\t\t<\/span>\n\t\t\t\t\t<\/a>\n\t\t\t\t<\/div>\n\t\t\t\t\t\t\t\t<\/div>\n\t\t\t\t<\/div>\n\t\t\t\t\t<\/div>\n\t\t<\/div>\n\t\t\t\t\t<\/div>\n\t\t<\/section>\n\t\t\t\t<section class=\"elementor-section elementor-top-section elementor-element elementor-element-510401e elementor-section-boxed elementor-section-height-default elementor-section-height-default\" data-id=\"510401e\" data-element_type=\"section\">\n\t\t\t\t\t\t<div class=\"elementor-container elementor-column-gap-default\">\n\t\t\t\t\t<div class=\"elementor-column elementor-col-100 elementor-top-column elementor-element elementor-element-c1e0ccb\" data-id=\"c1e0ccb\" data-element_type=\"column\">\n\t\t\t<div class=\"elementor-widget-wrap elementor-element-populated\">\n\t\t\t\t\t\t<div class=\"elementor-element elementor-element-940f09e elementor-widget elementor-widget-heading\" data-id=\"940f09e\" data-element_type=\"widget\" data-widget_type=\"heading.default\">\n\t\t\t\t<div class=\"elementor-widget-container\">\n\t\t\t\t\t<h2 class=\"elementor-heading-title elementor-size-default\">MESA DIRECTIVA<\/h2>\t\t\t\t<\/div>\n\t\t\t\t<\/div>\n\t\t\t\t<section class=\"elementor-section elementor-inner-section elementor-element elementor-element-39ca617 elementor-section-boxed elementor-section-height-default elementor-section-height-default\" data-id=\"39ca617\" data-element_type=\"section\">\n\t\t\t\t\t\t<div class=\"elementor-container elementor-column-gap-wide\">\n\t\t\t\t\t<div class=\"elementor-column elementor-col-50 elementor-inner-column elementor-element elementor-element-a2e9728\" data-id=\"a2e9728\" data-element_type=\"column\">\n\t\t\t<div class=\"elementor-widget-wrap elementor-element-populated\">\n\t\t\t\t\t\t<div class=\"elementor-element elementor-element-34c771b elementor-widget elementor-widget-icon-box\" data-id=\"34c771b\" data-element_type=\"widget\" data-widget_type=\"icon-box.default\">\n\t\t\t\t<div class=\"elementor-widget-container\">\n\t\t\t\t\t\t\t<div class=\"elementor-icon-box-wrapper\">\n\n\t\t\t\n\t\t\t\t\t\t<div class=\"elementor-icon-box-content\">\n\n\t\t\t\t\t\t\t\t\t<h3 class=\"elementor-icon-box-title\">\n\t\t\t\t\t\t<span  >\n\t\t\t\t\t\t\tALICE VALBUENA\t\t\t\t\t\t<\/span>\n\t\t\t\t\t<\/h3>\n\t\t\t\t\n\t\t\t\t\t\t\t\t\t<p class=\"elementor-icon-box-description\">\n\t\t\t\t\t\tPRESIDENTE\t\t\t\t\t<\/p>\n\t\t\t\t\n\t\t\t<\/div>\n\t\t\t\n\t\t<\/div>\n\t\t\t\t\t\t<\/div>\n\t\t\t\t<\/div>\n\t\t\t\t<div class=\"elementor-element elementor-element-8b9b161 elementor-widget elementor-widget-image\" data-id=\"8b9b161\" data-element_type=\"widget\" data-widget_type=\"image.default\">\n\t\t\t\t<div class=\"elementor-widget-container\">\n\t\t\t\t\t\t\t\t\t\t\t\t\t\t\t<img decoding=\"async\" src=\"https:\/\/www.sanboni.edu.co\/onu\/wp-content\/uploads\/elementor\/thumbs\/Alice-Valbuena-scaled-r7u0f4ckdt0eqge40cvn1soq93fgsbiifh9xeecqtc.jpg\" title=\"Alice Valbuena\" alt=\"Alice Valbuena\" loading=\"lazy\" \/>\t\t\t\t\t\t\t\t\t\t\t\t\t\t\t<\/div>\n\t\t\t\t<\/div>\n\t\t\t\t\t<\/div>\n\t\t<\/div>\n\t\t\t\t<div class=\"elementor-column elementor-col-50 elementor-inner-column elementor-element elementor-element-4e1e7fa\" data-id=\"4e1e7fa\" data-element_type=\"column\">\n\t\t\t<div class=\"elementor-widget-wrap elementor-element-populated\">\n\t\t\t\t\t\t<div class=\"elementor-element elementor-element-bc214ff elementor-widget elementor-widget-icon-box\" data-id=\"bc214ff\" data-element_type=\"widget\" data-widget_type=\"icon-box.default\">\n\t\t\t\t<div class=\"elementor-widget-container\">\n\t\t\t\t\t\t\t<div class=\"elementor-icon-box-wrapper\">\n\n\t\t\t\n\t\t\t\t\t\t<div class=\"elementor-icon-box-content\">\n\n\t\t\t\t\t\t\t\t\t<h3 class=\"elementor-icon-box-title\">\n\t\t\t\t\t\t<span  >\n\t\t\t\t\t\t\tMARIA XIMENA RODRIGUEZ\t\t\t\t\t\t<\/span>\n\t\t\t\t\t<\/h3>\n\t\t\t\t\n\t\t\t\t\t\t\t\t\t<p class=\"elementor-icon-box-description\">\n\t\t\t\t\t\tCOPRESIDENTE\t\t\t\t\t<\/p>\n\t\t\t\t\n\t\t\t<\/div>\n\t\t\t\n\t\t<\/div>\n\t\t\t\t\t\t<\/div>\n\t\t\t\t<\/div>\n\t\t\t\t<div class=\"elementor-element elementor-element-c601c94 elementor-widget elementor-widget-image\" data-id=\"c601c94\" data-element_type=\"widget\" data-widget_type=\"image.default\">\n\t\t\t\t<div class=\"elementor-widget-container\">\n\t\t\t\t\t\t\t\t\t\t\t\t\t\t\t<img decoding=\"async\" src=\"https:\/\/www.sanboni.edu.co\/onu\/wp-content\/uploads\/elementor\/thumbs\/Maria-Ximena-Rodriguez-scaled-r7u0fo36dbrfi9lft3et05peq6q69yovi6z4h7jh6o.jpg\" title=\"Maria Ximena Rodriguez\" alt=\"Maria Ximena Rodriguez\" loading=\"lazy\" \/>\t\t\t\t\t\t\t\t\t\t\t\t\t\t\t<\/div>\n\t\t\t\t<\/div>\n\t\t\t\t\t<\/div>\n\t\t<\/div>\n\t\t\t\t\t<\/div>\n\t\t<\/section>\n\t\t\t\t<section class=\"elementor-section elementor-inner-section elementor-element elementor-element-bba6c3d elementor-section-boxed elementor-section-height-default elementor-section-height-default\" data-id=\"bba6c3d\" data-element_type=\"section\">\n\t\t\t\t\t\t<div class=\"elementor-container elementor-column-gap-default\">\n\t\t\t\t\t<div class=\"elementor-column elementor-col-50 elementor-inner-column elementor-element elementor-element-80c4f00\" data-id=\"80c4f00\" data-element_type=\"column\">\n\t\t\t<div class=\"elementor-widget-wrap elementor-element-populated\">\n\t\t\t\t\t\t<div class=\"elementor-element elementor-element-e3ae07b elementor-widget elementor-widget-text-editor\" data-id=\"e3ae07b\" data-element_type=\"widget\" data-widget_type=\"text-editor.default\">\n\t\t\t\t<div class=\"elementor-widget-container\">\n\t\t\t\t\t\t\t\t\t<p style=\"text-align: center;\"><b>PERFIL<\/b><\/p><p><span style=\"font-weight: 400;\">Alice Valbuena es una estudiante de 17 a\u00f1os con una trayectoria destacada en el modelo de Naciones Unidas del Colegio San Bonifacio de las Lanzas (SBLMUN). A lo largo de sus participaciones, ha formado parte de comisiones como UNICEF y el Senado de la Rep\u00fablica, demostrando un profundo compromiso con el an\u00e1lisis pol\u00edtico, la justicia social y la transformaci\u00f3n de la realidad nacional a trav\u00e9s del di\u00e1logo y el pensamiento cr\u00edtico.<\/span><\/p><p><span style=\"font-weight: 400;\">Su recorrido en el modelo se ha caracterizado por una evoluci\u00f3n constante: inici\u00f3 como delegada, luego fue copresidenta del Senado de la Rep\u00fablica, y hoy ocupa con orgullo y responsabilidad el cargo de Presidenta de dicha comisi\u00f3n, una de las m\u00e1s exigentes y rigurosas del modelo. Desde all\u00ed, ha impulsado debates profundos sobre temas complejos de la realidad colombiana, guiando a los participantes con claridad, imparcialidad y liderazgo.<\/span><\/p><p><span style=\"font-weight: 400;\">Alice ha dejado huella tanto por su fuerza a la hora de liderar como en la construcci\u00f3n en los senadores sobre la capacidad de analizar las problem\u00e1ticas nacionales desde diferentes perspectivas.\u00a0 <\/span><\/p>\t\t\t\t\t\t\t\t<\/div>\n\t\t\t\t<\/div>\n\t\t\t\t\t<\/div>\n\t\t<\/div>\n\t\t\t\t<div class=\"elementor-column elementor-col-50 elementor-inner-column elementor-element elementor-element-09bb04d\" data-id=\"09bb04d\" data-element_type=\"column\">\n\t\t\t<div class=\"elementor-widget-wrap elementor-element-populated\">\n\t\t\t\t\t\t<div class=\"elementor-element elementor-element-83f726d elementor-widget elementor-widget-text-editor\" data-id=\"83f726d\" data-element_type=\"widget\" data-widget_type=\"text-editor.default\">\n\t\t\t\t<div class=\"elementor-widget-container\">\n\t\t\t\t\t\t\t\t\t<p style=\"text-align: center;\"><strong>PERFIL<\/strong><\/p><p style=\"text-align: center;\">\u00a0<\/p>\t\t\t\t\t\t\t\t<\/div>\n\t\t\t\t<\/div>\n\t\t\t\t\t<\/div>\n\t\t<\/div>\n\t\t\t\t\t<\/div>\n\t\t<\/section>\n\t\t\t\t\t<\/div>\n\t\t<\/div>\n\t\t\t\t\t<\/div>\n\t\t<\/section>\n\t\t\t\t<\/div>\n\t\t","protected":false},"excerpt":{"rendered":"<p>SENADO DE LA REP\u00daBLICA SOBRE LA COMISI\u00d3N El Senado de la Rep\u00fablica de Colombia es uno de los componentes clave dentro del sistema legislativo del pa\u00eds, cuya labor principal es representar al pueblo y participar activamente en la creaci\u00f3n de normas que rigen la vida nacional. A trav\u00e9s de sus decisiones, no s\u00f3lo legisla, sino [&hellip;]<\/p>\n","protected":false},"author":1,"featured_media":0,"parent":703,"menu_order":0,"comment_status":"closed","ping_status":"closed","template":"","meta":{"footnotes":""},"class_list":["post-1434","page","type-page","status-publish","hentry"],"aioseo_notices":[],"_links":{"self":[{"href":"https:\/\/www.sanboni.edu.co\/onu\/wp-json\/wp\/v2\/pages\/1434","targetHints":{"allow":["GET"]}}],"collection":[{"href":"https:\/\/www.sanboni.edu.co\/onu\/wp-json\/wp\/v2\/pages"}],"about":[{"href":"https:\/\/www.sanboni.edu.co\/onu\/wp-json\/wp\/v2\/types\/page"}],"author":[{"embeddable":true,"href":"https:\/\/www.sanboni.edu.co\/onu\/wp-json\/wp\/v2\/users\/1"}],"replies":[{"embeddable":true,"href":"https:\/\/www.sanboni.edu.co\/onu\/wp-json\/wp\/v2\/comments?post=1434"}],"version-history":[{"count":83,"href":"https:\/\/www.sanboni.edu.co\/onu\/wp-json\/wp\/v2\/pages\/1434\/revisions"}],"predecessor-version":[{"id":2684,"href":"https:\/\/www.sanboni.edu.co\/onu\/wp-json\/wp\/v2\/pages\/1434\/revisions\/2684"}],"up":[{"embeddable":true,"href":"https:\/\/www.sanboni.edu.co\/onu\/wp-json\/wp\/v2\/pages\/703"}],"wp:attachment":[{"href":"https:\/\/www.sanboni.edu.co\/onu\/wp-json\/wp\/v2\/media?parent=1434"}],"curies":[{"name":"wp","href":"https:\/\/api.w.org\/{rel}","templated":true}]}}