{"id":1406,"date":"2025-07-01T18:00:59","date_gmt":"2025-07-01T23:00:59","guid":{"rendered":"https:\/\/www.sanboni.edu.co\/onu\/?page_id=1406"},"modified":"2025-07-01T18:08:16","modified_gmt":"2025-07-01T23:08:16","slug":"consejo-de-seguridad","status":"publish","type":"page","link":"https:\/\/www.sanboni.edu.co\/onu\/sblmun-2024\/comisiones\/consejo-de-seguridad\/","title":{"rendered":"Consejo de Seguridad"},"content":{"rendered":"\t\t<div data-elementor-type=\"wp-page\" data-elementor-id=\"1406\" class=\"elementor elementor-1406\">\n\t\t\t\t\t\t<section class=\"elementor-section elementor-top-section elementor-element elementor-element-1b02209 elementor-section-full_width elementor-section-height-min-height elementor-section-height-default elementor-section-items-middle\" data-id=\"1b02209\" data-element_type=\"section\" data-settings=\"{&quot;background_background&quot;:&quot;classic&quot;}\">\n\t\t\t\t\t\t<div class=\"elementor-container elementor-column-gap-default\">\n\t\t\t\t\t<div class=\"elementor-column elementor-col-100 elementor-top-column elementor-element elementor-element-363bd70\" data-id=\"363bd70\" data-element_type=\"column\">\n\t\t\t<div class=\"elementor-widget-wrap elementor-element-populated\">\n\t\t\t\t\t\t<div class=\"elementor-element elementor-element-c51ade8 elementor-widget elementor-widget-heading\" data-id=\"c51ade8\" data-element_type=\"widget\" data-widget_type=\"heading.default\">\n\t\t\t\t<div class=\"elementor-widget-container\">\n\t\t\t\t\t<h2 class=\"elementor-heading-title elementor-size-default\">CONSEJO DE SEGURIDAD<\/h2>\t\t\t\t<\/div>\n\t\t\t\t<\/div>\n\t\t\t\t\t<\/div>\n\t\t<\/div>\n\t\t\t\t\t<\/div>\n\t\t<\/section>\n\t\t\t\t<section class=\"elementor-section elementor-top-section elementor-element elementor-element-c5d2784 elementor-section-boxed elementor-section-height-default elementor-section-height-default\" data-id=\"c5d2784\" data-element_type=\"section\">\n\t\t\t\t\t\t<div class=\"elementor-container elementor-column-gap-default\">\n\t\t\t\t\t<div class=\"elementor-column elementor-col-66 elementor-top-column elementor-element elementor-element-b198e95\" data-id=\"b198e95\" data-element_type=\"column\">\n\t\t\t<div class=\"elementor-widget-wrap elementor-element-populated\">\n\t\t\t\t\t\t<div class=\"elementor-element elementor-element-ac0f5ba elementor-widget elementor-widget-heading\" data-id=\"ac0f5ba\" data-element_type=\"widget\" data-widget_type=\"heading.default\">\n\t\t\t\t<div class=\"elementor-widget-container\">\n\t\t\t\t\t<h2 class=\"elementor-heading-title elementor-size-default\">SOBRE LA COMISI\u00d3N<\/h2>\t\t\t\t<\/div>\n\t\t\t\t<\/div>\n\t\t\t\t<div class=\"elementor-element elementor-element-447090c elementor-widget elementor-widget-text-editor\" data-id=\"447090c\" data-element_type=\"widget\" data-widget_type=\"text-editor.default\">\n\t\t\t\t<div class=\"elementor-widget-container\">\n\t\t\t\t\t\t\t\t\t<p><span style=\"font-weight: 400;\">Desde su establecimiento el 24 de octubre de 1945, el Consejo de Seguridad ha desempe\u00f1ado un papel central dentro del sistema de Naciones Unidas. Surgido tras la Conferencia de San Francisco, este organismo fue concebido con el objetivo de prevenir conflictos, promover la estabilidad global y coordinar esfuerzos entre naciones para enfrentar los desaf\u00edos internacionales.<\/span><\/p><p><span style=\"font-weight: 400;\">A diferencia de otros \u00f3rganos de la ONU, el Consejo de Seguridad posee la autoridad exclusiva para adoptar decisiones de cumplimiento obligatorio para todos los Estados miembros. Est\u00e1 conformado por quince pa\u00edses: cinco con car\u00e1cter permanente \u2014Estados Unidos, Rusia, China, Reino Unido y Francia\u2014 y diez que ocupan un asiento de manera rotativa por per\u00edodos de dos a\u00f1os, elegidos por la Asamblea General.<\/span><\/p><p><span style=\"font-weight: 400;\">Entre sus funciones destacan la imposici\u00f3n de sanciones, la autorizaci\u00f3n del uso de la fuerza, el establecimiento de embargos, el env\u00edo de misiones de observaci\u00f3n y la adopci\u00f3n de medidas para frenar conflictos armados. Estas herramientas le permiten actuar con rapidez ante amenazas a la paz y la seguridad internacionales, consolid\u00e1ndose como un actor clave en la diplomacia mundial.<\/span><\/p>\t\t\t\t\t\t\t\t<\/div>\n\t\t\t\t<\/div>\n\t\t\t\t\t<\/div>\n\t\t<\/div>\n\t\t\t\t<div class=\"elementor-column elementor-col-33 elementor-top-column elementor-element elementor-element-6b49cc3\" data-id=\"6b49cc3\" data-element_type=\"column\">\n\t\t\t<div class=\"elementor-widget-wrap elementor-element-populated\">\n\t\t\t\t\t\t<div class=\"elementor-element elementor-element-4c52dc8 elementor-widget elementor-widget-heading\" data-id=\"4c52dc8\" data-element_type=\"widget\" data-widget_type=\"heading.default\">\n\t\t\t\t<div class=\"elementor-widget-container\">\n\t\t\t\t\t<h2 class=\"elementor-heading-title elementor-size-default\">TEMAS:<\/h2>\t\t\t\t<\/div>\n\t\t\t\t<\/div>\n\t\t\t\t<div class=\"elementor-element elementor-element-f6d4bdc elementor-widget elementor-widget-text-editor\" data-id=\"f6d4bdc\" data-element_type=\"widget\" data-widget_type=\"text-editor.default\">\n\t\t\t\t<div class=\"elementor-widget-container\">\n\t\t\t\t\t\t\t\t\t<p><b>Tema A: <span style=\"font-weight: 400;\">Conflicto armado y crisis humanitaria en el Sahel<\/span><\/b><\/p><p><b>Tema B: <span style=\"font-weight: 400;\">Invasi\u00f3n Rusa a Ucrania<\/span><\/b><\/p>\t\t\t\t\t\t\t\t<\/div>\n\t\t\t\t<\/div>\n\t\t\t\t<div class=\"elementor-element elementor-element-cf7182b elementor-align-center elementor-widget elementor-widget-button\" data-id=\"cf7182b\" data-element_type=\"widget\" data-widget_type=\"button.default\">\n\t\t\t\t<div class=\"elementor-widget-container\">\n\t\t\t\t\t\t\t\t\t<div class=\"elementor-button-wrapper\">\n\t\t\t\t\t<a class=\"elementor-button elementor-button-link elementor-size-sm\" href=\"https:\/\/drive.google.com\/file\/d\/1809UwsrGJXI7Cpx_elNwI13BfgVvecrS\/view?usp=drive_link\" target=\"_blank\">\n\t\t\t\t\t\t<span class=\"elementor-button-content-wrapper\">\n\t\t\t\t\t\t\t\t\t<span class=\"elementor-button-text\">GU\u00cdA ACAD\u00c9MICA<\/span>\n\t\t\t\t\t<\/span>\n\t\t\t\t\t<\/a>\n\t\t\t\t<\/div>\n\t\t\t\t\t\t\t\t<\/div>\n\t\t\t\t<\/div>\n\t\t\t\t\t<\/div>\n\t\t<\/div>\n\t\t\t\t\t<\/div>\n\t\t<\/section>\n\t\t\t\t<section class=\"elementor-section elementor-top-section elementor-element elementor-element-510401e elementor-section-boxed elementor-section-height-default elementor-section-height-default\" data-id=\"510401e\" data-element_type=\"section\">\n\t\t\t\t\t\t<div class=\"elementor-container elementor-column-gap-default\">\n\t\t\t\t\t<div class=\"elementor-column elementor-col-100 elementor-top-column elementor-element elementor-element-c1e0ccb\" data-id=\"c1e0ccb\" data-element_type=\"column\">\n\t\t\t<div class=\"elementor-widget-wrap elementor-element-populated\">\n\t\t\t\t\t\t<div class=\"elementor-element elementor-element-940f09e elementor-widget elementor-widget-heading\" data-id=\"940f09e\" data-element_type=\"widget\" data-widget_type=\"heading.default\">\n\t\t\t\t<div class=\"elementor-widget-container\">\n\t\t\t\t\t<h2 class=\"elementor-heading-title elementor-size-default\">MESA DIRECTIVA<\/h2>\t\t\t\t<\/div>\n\t\t\t\t<\/div>\n\t\t\t\t<section class=\"elementor-section elementor-inner-section elementor-element elementor-element-39ca617 elementor-section-boxed elementor-section-height-default elementor-section-height-default\" data-id=\"39ca617\" data-element_type=\"section\">\n\t\t\t\t\t\t<div class=\"elementor-container elementor-column-gap-wide\">\n\t\t\t\t\t<div class=\"elementor-column elementor-col-50 elementor-inner-column elementor-element elementor-element-a2e9728\" data-id=\"a2e9728\" data-element_type=\"column\">\n\t\t\t<div class=\"elementor-widget-wrap elementor-element-populated\">\n\t\t\t\t\t\t<div class=\"elementor-element elementor-element-a767077 elementor-widget elementor-widget-icon-box\" data-id=\"a767077\" data-element_type=\"widget\" data-widget_type=\"icon-box.default\">\n\t\t\t\t<div class=\"elementor-widget-container\">\n\t\t\t\t\t\t\t<div class=\"elementor-icon-box-wrapper\">\n\n\t\t\t\n\t\t\t\t\t\t<div class=\"elementor-icon-box-content\">\n\n\t\t\t\t\t\t\t\t\t<h3 class=\"elementor-icon-box-title\">\n\t\t\t\t\t\t<span  >\n\t\t\t\t\t\t\tMARIA DEL MAR TORRES\t\t\t\t\t\t<\/span>\n\t\t\t\t\t<\/h3>\n\t\t\t\t\n\t\t\t\t\t\t\t\t\t<p class=\"elementor-icon-box-description\">\n\t\t\t\t\t\tPRESIDENTE\t\t\t\t\t<\/p>\n\t\t\t\t\n\t\t\t<\/div>\n\t\t\t\n\t\t<\/div>\n\t\t\t\t\t\t<\/div>\n\t\t\t\t<\/div>\n\t\t\t\t<div class=\"elementor-element elementor-element-8b9b161 elementor-widget elementor-widget-image\" data-id=\"8b9b161\" data-element_type=\"widget\" data-widget_type=\"image.default\">\n\t\t\t\t<div class=\"elementor-widget-container\">\n\t\t\t\t\t\t\t\t\t\t\t\t\t\t\t<img decoding=\"async\" src=\"https:\/\/www.sanboni.edu.co\/onu\/wp-content\/uploads\/elementor\/thumbs\/Maria-del-Mar-Torres-scaled-r7u0lvsrjw9o9gkhis40hl943w3j5xczoy8op2bs1s.jpg\" title=\"Maria del Mar Torres\" alt=\"Maria del Mar Torres\" loading=\"lazy\" \/>\t\t\t\t\t\t\t\t\t\t\t\t\t\t\t<\/div>\n\t\t\t\t<\/div>\n\t\t\t\t\t<\/div>\n\t\t<\/div>\n\t\t\t\t<div class=\"elementor-column elementor-col-50 elementor-inner-column elementor-element elementor-element-4e1e7fa\" data-id=\"4e1e7fa\" data-element_type=\"column\">\n\t\t\t<div class=\"elementor-widget-wrap elementor-element-populated\">\n\t\t\t\t\t\t<div class=\"elementor-element elementor-element-784cade elementor-widget elementor-widget-icon-box\" data-id=\"784cade\" data-element_type=\"widget\" data-widget_type=\"icon-box.default\">\n\t\t\t\t<div class=\"elementor-widget-container\">\n\t\t\t\t\t\t\t<div class=\"elementor-icon-box-wrapper\">\n\n\t\t\t\n\t\t\t\t\t\t<div class=\"elementor-icon-box-content\">\n\n\t\t\t\t\t\t\t\t\t<h3 class=\"elementor-icon-box-title\">\n\t\t\t\t\t\t<span  >\n\t\t\t\t\t\t\tSARA CASTA\u00d1O\t\t\t\t\t\t<\/span>\n\t\t\t\t\t<\/h3>\n\t\t\t\t\n\t\t\t\t\t\t\t\t\t<p class=\"elementor-icon-box-description\">\n\t\t\t\t\t\tCOPRESIDENTE\t\t\t\t\t<\/p>\n\t\t\t\t\n\t\t\t<\/div>\n\t\t\t\n\t\t<\/div>\n\t\t\t\t\t\t<\/div>\n\t\t\t\t<\/div>\n\t\t\t\t<div class=\"elementor-element elementor-element-c601c94 elementor-widget elementor-widget-image\" data-id=\"c601c94\" data-element_type=\"widget\" data-widget_type=\"image.default\">\n\t\t\t\t<div class=\"elementor-widget-container\">\n\t\t\t\t\t\t\t\t\t\t\t\t\t\t\t<img decoding=\"async\" src=\"https:\/\/www.sanboni.edu.co\/onu\/wp-content\/uploads\/elementor\/thumbs\/Sara-Castano-scaled-r7u0meljckzepnt6h08jvgibzlivfvfmfjaealjwlc.jpg\" title=\"Sara Casta\u00f1o\" alt=\"Sara Casta\u00f1o\" loading=\"lazy\" \/>\t\t\t\t\t\t\t\t\t\t\t\t\t\t\t<\/div>\n\t\t\t\t<\/div>\n\t\t\t\t\t<\/div>\n\t\t<\/div>\n\t\t\t\t\t<\/div>\n\t\t<\/section>\n\t\t\t\t<section class=\"elementor-section elementor-inner-section elementor-element elementor-element-ea63726 elementor-section-boxed elementor-section-height-default elementor-section-height-default\" data-id=\"ea63726\" data-element_type=\"section\">\n\t\t\t\t\t\t<div class=\"elementor-container elementor-column-gap-default\">\n\t\t\t\t\t<div class=\"elementor-column elementor-col-50 elementor-inner-column elementor-element elementor-element-cb2c014\" data-id=\"cb2c014\" data-element_type=\"column\">\n\t\t\t<div class=\"elementor-widget-wrap elementor-element-populated\">\n\t\t\t\t\t\t<div class=\"elementor-element elementor-element-3c4d835 elementor-widget elementor-widget-text-editor\" data-id=\"3c4d835\" data-element_type=\"widget\" data-widget_type=\"text-editor.default\">\n\t\t\t\t<div class=\"elementor-widget-container\">\n\t\t\t\t\t\t\t\t\t<p style=\"text-align: center;\"><strong>PERFIL<\/strong><\/p><p><span style=\"font-weight: 400;\">Su trayectoria en el Modelo de las Naciones Unidas (SBLMUN) comenz\u00f3 en el a\u00f1o 2019, cuando fue elegida para desempe\u00f1ar el rol de delegada de piso. Al d\u00eda de hoy, sigue extremadamente agradecida por esta oportunidad que se le di\u00f3, pues fue debido a esta experiencia que, viendo a los delegados debatir, se sinti\u00f3 atra\u00edda a participar en el modelo y, seis a\u00f1os m\u00e1s tarde, puede decir, que ha sido una actividad enriquecedora, que le ha permitido desarrollar su habilidad oratoria, perder la timidez de hablar en p\u00fablico, potenciar su habilidad en la b\u00fasqueda de informaci\u00f3n, interesarse y mantenerse informada frente a las problem\u00e1ticas internacionales, asumir diferentes posturas de acuerdo a los pa\u00edses que ha representado, y valorar la importancia del di\u00e1logo en la resoluci\u00f3n de conflictos.<\/span><\/p><p><span style=\"font-weight: 400;\">Es por esta magnifica experiencia y grandes ense\u00f1anzas que le ha dejado el Modelo que este a\u00f1o decidi\u00f3 cumplir el rol de presidente de la comisi\u00f3n Consejo de Seguridad, con el deseo de ser un pilar de apoyo para todos los delegados que participen del comit\u00e9, esperando poder transmitirles este gran cari\u00f1o que profesa hacia el modelo SBLMUN. No obstante, su mayor deseo es mantener vivo el Modelo, pues aspira a que las futuras generaciones del colegio pueden aprender de \u00e9l tanto como ella ha aprendido; y que, tanto aquellos que se enfrentan a su primera participaci\u00f3n, como los que ya tienen consigo varios a\u00f1os de trayectoria, puedan gozar este a\u00f1o de un modelo sobresaliente y muy bien planeado.<\/span><\/p>\t\t\t\t\t\t\t\t<\/div>\n\t\t\t\t<\/div>\n\t\t\t\t\t<\/div>\n\t\t<\/div>\n\t\t\t\t<div class=\"elementor-column elementor-col-50 elementor-inner-column elementor-element elementor-element-3b7d353\" data-id=\"3b7d353\" data-element_type=\"column\">\n\t\t\t<div class=\"elementor-widget-wrap elementor-element-populated\">\n\t\t\t\t\t\t<div class=\"elementor-element elementor-element-4dd3274 elementor-widget elementor-widget-text-editor\" data-id=\"4dd3274\" data-element_type=\"widget\" data-widget_type=\"text-editor.default\">\n\t\t\t\t<div class=\"elementor-widget-container\">\n\t\t\t\t\t\t\t\t\t<p style=\"text-align: center;\"><strong>PERFIL<\/strong><\/p><p style=\"text-align: center;\"><span style=\"font-weight: 400;\">Su trayectoria en el Modelo de las Naciones Unidas (SBLMUN) comenz\u00f3 en el a\u00f1o 2019, cuando fue elegida para desempe\u00f1ar el rol de delegada de piso. Al d\u00eda de hoy, sigue extremadamente agradecida por esta oportunidad que se le di\u00f3, pues fue debido a esta experiencia que, viendo a los delegados debatir, se sinti\u00f3 atra\u00edda a participar en el modelo y, cinco a\u00f1os m\u00e1s tarde, puede decir, que ha sido una actividad enriquecedora, que le ha permitido desarrollar su habilidad oratoria, perder la timidez de hablar en p\u00fablico, potenciar su habilidad en la b\u00fasqueda de informaci\u00f3n, interesarse y mantenerse informada frente a las problem\u00e1ticas internacionales, asumir diferentes posturas de acuerdo a los pa\u00edses que ha representado, y valorar la importancia del di\u00e1logo en la resoluci\u00f3n de conflictos.<\/span><\/p><p style=\"text-align: center;\"><span style=\"font-weight: 400;\">Es por esta magnifica experiencia y grandes ense\u00f1anzas que le ha dejado el Modelo que este a\u00f1o decidi\u00f3 cumplir el rol de co-presidente de la comisi\u00f3n Consejo de Seguridad, con el deseo de ser un pilar de apoyo para el presidente, orientar a los delegados y transmitirles este gran cari\u00f1o que profesa hacia el modelo SBLMUN. No obstante, su mayor deseo es mantener vivo el Modelo, pues aspira a que las futuras generaciones del colegio pueden aprender de \u00e9l tanto como ella ha aprendido; y que, tanto aquellos que se enfrentan a su primera participaci\u00f3n, como los que ya tienen consigo varios a\u00f1os de trayectoria, puedan gozar este a\u00f1o de un modelo sobresaliente y muy bien planeado.<\/span><\/p>\t\t\t\t\t\t\t\t<\/div>\n\t\t\t\t<\/div>\n\t\t\t\t\t<\/div>\n\t\t<\/div>\n\t\t\t\t\t<\/div>\n\t\t<\/section>\n\t\t\t\t\t<\/div>\n\t\t<\/div>\n\t\t\t\t\t<\/div>\n\t\t<\/section>\n\t\t\t\t<\/div>\n\t\t","protected":false},"excerpt":{"rendered":"<p>CONSEJO DE SEGURIDAD SOBRE LA COMISI\u00d3N Desde su establecimiento el 24 de octubre de 1945, el Consejo de Seguridad ha desempe\u00f1ado un papel central dentro del sistema de Naciones Unidas. Surgido tras la Conferencia de San Francisco, este organismo fue concebido con el objetivo de prevenir conflictos, promover la estabilidad global y coordinar esfuerzos entre [&hellip;]<\/p>\n","protected":false},"author":1,"featured_media":0,"parent":703,"menu_order":0,"comment_status":"closed","ping_status":"closed","template":"","meta":{"footnotes":""},"class_list":["post-1406","page","type-page","status-publish","hentry"],"aioseo_notices":[],"_links":{"self":[{"href":"https:\/\/www.sanboni.edu.co\/onu\/wp-json\/wp\/v2\/pages\/1406","targetHints":{"allow":["GET"]}}],"collection":[{"href":"https:\/\/www.sanboni.edu.co\/onu\/wp-json\/wp\/v2\/pages"}],"about":[{"href":"https:\/\/www.sanboni.edu.co\/onu\/wp-json\/wp\/v2\/types\/page"}],"author":[{"embeddable":true,"href":"https:\/\/www.sanboni.edu.co\/onu\/wp-json\/wp\/v2\/users\/1"}],"replies":[{"embeddable":true,"href":"https:\/\/www.sanboni.edu.co\/onu\/wp-json\/wp\/v2\/comments?post=1406"}],"version-history":[{"count":87,"href":"https:\/\/www.sanboni.edu.co\/onu\/wp-json\/wp\/v2\/pages\/1406\/revisions"}],"predecessor-version":[{"id":2654,"href":"https:\/\/www.sanboni.edu.co\/onu\/wp-json\/wp\/v2\/pages\/1406\/revisions\/2654"}],"up":[{"embeddable":true,"href":"https:\/\/www.sanboni.edu.co\/onu\/wp-json\/wp\/v2\/pages\/703"}],"wp:attachment":[{"href":"https:\/\/www.sanboni.edu.co\/onu\/wp-json\/wp\/v2\/media?parent=1406"}],"curies":[{"name":"wp","href":"https:\/\/api.w.org\/{rel}","templated":true}]}}