{"id":1375,"date":"2022-07-21T15:28:12","date_gmt":"2022-07-21T20:28:12","guid":{"rendered":"https:\/\/www.sanboni.edu.co\/onu\/?page_id=1375"},"modified":"2025-06-25T13:03:09","modified_gmt":"2025-06-25T18:03:09","slug":"secretaria-de-logistica","status":"publish","type":"page","link":"https:\/\/www.sanboni.edu.co\/onu\/sblmun-2022\/secretaria-de-logistica\/","title":{"rendered":"SECRETAR\u00cdA DE LOG\u00cdSTICA"},"content":{"rendered":"\t\t<div data-elementor-type=\"wp-page\" data-elementor-id=\"1375\" class=\"elementor elementor-1375\">\n\t\t\t\t\t\t<section class=\"elementor-section elementor-top-section elementor-element elementor-element-198ad98 elementor-section-full_width elementor-section-height-min-height elementor-section-height-default elementor-section-items-middle\" data-id=\"198ad98\" data-element_type=\"section\" data-settings=\"{&quot;background_background&quot;:&quot;classic&quot;}\">\n\t\t\t\t\t\t<div class=\"elementor-container elementor-column-gap-default\">\n\t\t\t\t\t<div class=\"elementor-column elementor-col-100 elementor-top-column elementor-element elementor-element-d7c0e59\" data-id=\"d7c0e59\" data-element_type=\"column\">\n\t\t\t<div class=\"elementor-widget-wrap elementor-element-populated\">\n\t\t\t\t\t\t<div class=\"elementor-element elementor-element-cd6dd47 elementor-widget elementor-widget-heading\" data-id=\"cd6dd47\" data-element_type=\"widget\" data-widget_type=\"heading.default\">\n\t\t\t\t<div class=\"elementor-widget-container\">\n\t\t\t\t\t<h2 class=\"elementor-heading-title elementor-size-default\">SECRETARIA DE LOG\u00cdSTICA<\/h2>\t\t\t\t<\/div>\n\t\t\t\t<\/div>\n\t\t\t\t\t<\/div>\n\t\t<\/div>\n\t\t\t\t\t<\/div>\n\t\t<\/section>\n\t\t\t\t<section class=\"elementor-section elementor-top-section elementor-element elementor-element-bda9d10 elementor-section-boxed elementor-section-height-default elementor-section-height-default\" data-id=\"bda9d10\" data-element_type=\"section\">\n\t\t\t\t\t\t<div class=\"elementor-container elementor-column-gap-default\">\n\t\t\t\t\t<div class=\"elementor-column elementor-col-50 elementor-top-column elementor-element elementor-element-768ad75\" data-id=\"768ad75\" data-element_type=\"column\">\n\t\t\t<div class=\"elementor-widget-wrap elementor-element-populated\">\n\t\t\t\t\t\t<div class=\"elementor-element elementor-element-900d249 elementor-widget elementor-widget-image\" data-id=\"900d249\" data-element_type=\"widget\" data-widget_type=\"image.default\">\n\t\t\t\t<div class=\"elementor-widget-container\">\n\t\t\t\t\t\t\t\t\t\t\t\t\t\t\t<img fetchpriority=\"high\" decoding=\"async\" width=\"1248\" height=\"1248\" src=\"https:\/\/www.sanboni.edu.co\/onu\/wp-content\/uploads\/Isabella-Albarello1.jpg\" class=\"attachment-large size-large wp-image-2469\" alt=\"\" srcset=\"https:\/\/www.sanboni.edu.co\/onu\/wp-content\/uploads\/Isabella-Albarello1.jpg 1248w, https:\/\/www.sanboni.edu.co\/onu\/wp-content\/uploads\/Isabella-Albarello1-600x600.jpg 600w, https:\/\/www.sanboni.edu.co\/onu\/wp-content\/uploads\/Isabella-Albarello1-300x300.jpg 300w, https:\/\/www.sanboni.edu.co\/onu\/wp-content\/uploads\/Isabella-Albarello1-768x768.jpg 768w\" sizes=\"(max-width: 1248px) 100vw, 1248px\" \/>\t\t\t\t\t\t\t\t\t\t\t\t\t\t\t<\/div>\n\t\t\t\t<\/div>\n\t\t\t\t<div class=\"elementor-element elementor-element-ba25b49 elementor-widget elementor-widget-icon-box\" data-id=\"ba25b49\" data-element_type=\"widget\" data-widget_type=\"icon-box.default\">\n\t\t\t\t<div class=\"elementor-widget-container\">\n\t\t\t\t\t\t\t<div class=\"elementor-icon-box-wrapper\">\n\n\t\t\t\n\t\t\t\t\t\t<div class=\"elementor-icon-box-content\">\n\n\t\t\t\t\t\t\t\t\t<h3 class=\"elementor-icon-box-title\">\n\t\t\t\t\t\t<span  >\n\t\t\t\t\t\t\tSECRETARIA DE LOG\u00cdSTICA\t\t\t\t\t\t<\/span>\n\t\t\t\t\t<\/h3>\n\t\t\t\t\n\t\t\t\t\t\t\t\t\t<p class=\"elementor-icon-box-description\">\n\t\t\t\t\t\tPAULA PINZ\u00d3N\t\t\t\t\t<\/p>\n\t\t\t\t\n\t\t\t<\/div>\n\t\t\t\n\t\t<\/div>\n\t\t\t\t\t\t<\/div>\n\t\t\t\t<\/div>\n\t\t\t\t\t<\/div>\n\t\t<\/div>\n\t\t\t\t<div class=\"elementor-column elementor-col-50 elementor-top-column elementor-element elementor-element-0873098\" data-id=\"0873098\" data-element_type=\"column\">\n\t\t\t<div class=\"elementor-widget-wrap elementor-element-populated\">\n\t\t\t\t\t\t<div class=\"elementor-element elementor-element-2b3c516 elementor-widget elementor-widget-heading\" data-id=\"2b3c516\" data-element_type=\"widget\" data-widget_type=\"heading.default\">\n\t\t\t\t<div class=\"elementor-widget-container\">\n\t\t\t\t\t<h2 class=\"elementor-heading-title elementor-size-default\">PERFIL DEL ESTUDIANTE<\/h2>\t\t\t\t<\/div>\n\t\t\t\t<\/div>\n\t\t\t\t<div class=\"elementor-element elementor-element-ca3fc7c elementor-widget elementor-widget-text-editor\" data-id=\"ca3fc7c\" data-element_type=\"widget\" data-widget_type=\"text-editor.default\">\n\t\t\t\t<div class=\"elementor-widget-container\">\n\t\t\t\t\t\t\t\t\t<p><span style=\"font-weight: 400;\">En su trayectoria en Modelos de Naciones Unidas, Isabella ha percibido la importancia de la rigurosidad en uno de los sectores fundamentales para el correcto funcionamiento del SBLMUN: el Departamento de Log\u00edstica.\u00a0<\/span><\/p><p><span style=\"font-weight: 400;\">Desde el 2019, nuestra Secretaria de Log\u00edstica ha sido part\u00edcipe del SBLMUN, enriqueci\u00e9ndose de conocimientos geopol\u00edticos, al igual que diversos valores y competencias c\u00f3mo la responsabilidad, liderazgo, pensamiento cr\u00edtico, empat\u00eda y argumentaci\u00f3n. Debido a lo anterior, junto con su dedicaci\u00f3n, fue reconocida c\u00f3mo Delegada Destacada en la comisi\u00f3n Derechos Humanos del SBLMUN 2021, teniendo una participaci\u00f3n proactiva en el an\u00e1lisis de las situaciones que comprometen el bienestar de la comunidad internacional, al igual que la proposici\u00f3n de soluciones que legitimen los derechos y facultades de cada ciudadano.\u00a0<\/span><\/p><p><span style=\"font-weight: 400;\">De igual manera, la trayectoria acad\u00e9mica y en modelos de Naciones Unidas han forjado la proyecci\u00f3n vocacional y profesional de Paula, la cual est\u00e1 dirigida hacia la optimizaci\u00f3n y eficiencia en diversos procesos, intereses que se ven reflejados en sus funciones como Secretaria de Log\u00edstica.\u00a0\u00a0<\/span><\/p><p><span style=\"font-weight: 400;\">Para este a\u00f1o, Paula Pinz\u00f3n asume el rol de liderar el Departamento Log\u00edstico, cargo que implica la planeaci\u00f3n y supervisi\u00f3n de procedimientos que estructuran esta actividad acad\u00e9mica y social. De igual manera, su objetivo es incrementar el rigor, afinidad y organizaci\u00f3n de su equipo log\u00edstico, con el fin de tener un modelo memorable y sobre todo, minucioso.<\/span><\/p>\t\t\t\t\t\t\t\t<\/div>\n\t\t\t\t<\/div>\n\t\t\t\t\t<\/div>\n\t\t<\/div>\n\t\t\t\t\t<\/div>\n\t\t<\/section>\n\t\t\t\t<section class=\"elementor-section elementor-top-section elementor-element elementor-element-10ae97b elementor-section-boxed elementor-section-height-default elementor-section-height-default\" data-id=\"10ae97b\" data-element_type=\"section\" data-settings=\"{&quot;background_background&quot;:&quot;classic&quot;}\">\n\t\t\t\t\t\t<div class=\"elementor-container elementor-column-gap-default\">\n\t\t\t\t\t<div class=\"elementor-column elementor-col-100 elementor-top-column elementor-element elementor-element-805d6ad\" data-id=\"805d6ad\" data-element_type=\"column\">\n\t\t\t<div class=\"elementor-widget-wrap elementor-element-populated\">\n\t\t\t\t\t\t<div class=\"elementor-element elementor-element-1723eb0 elementor-widget elementor-widget-heading\" data-id=\"1723eb0\" data-element_type=\"widget\" data-widget_type=\"heading.default\">\n\t\t\t\t<div class=\"elementor-widget-container\">\n\t\t\t\t\t<h3 class=\"elementor-heading-title elementor-size-large\">JUNTA DIRECTIVA 2025<\/h3>\t\t\t\t<\/div>\n\t\t\t\t<\/div>\n\t\t\t\t\t<\/div>\n\t\t<\/div>\n\t\t\t\t\t<\/div>\n\t\t<\/section>\n\t\t\t\t<section class=\"elementor-section elementor-top-section elementor-element elementor-element-6f6ce6d elementor-section-boxed elementor-section-height-default elementor-section-height-default\" data-id=\"6f6ce6d\" data-element_type=\"section\" data-settings=\"{&quot;background_background&quot;:&quot;classic&quot;}\">\n\t\t\t\t\t\t<div class=\"elementor-container elementor-column-gap-default\">\n\t\t\t\t\t<div class=\"elementor-column elementor-col-25 elementor-top-column elementor-element elementor-element-a54f53d\" data-id=\"a54f53d\" data-element_type=\"column\">\n\t\t\t<div class=\"elementor-widget-wrap elementor-element-populated\">\n\t\t\t\t\t\t<div class=\"elementor-element elementor-element-5f1b812 elementor-widget elementor-widget-image\" data-id=\"5f1b812\" data-element_type=\"widget\" data-widget_type=\"image.default\">\n\t\t\t\t<div class=\"elementor-widget-container\">\n\t\t\t\t\t\t\t\t\t\t\t\t\t\t\t<img decoding=\"async\" width=\"1248\" height=\"1250\" src=\"https:\/\/www.sanboni.edu.co\/onu\/wp-content\/uploads\/Manuela-Bonelo1-2.jpg\" class=\"attachment-full size-full wp-image-2471\" alt=\"\" srcset=\"https:\/\/www.sanboni.edu.co\/onu\/wp-content\/uploads\/Manuela-Bonelo1-2.jpg 1248w, https:\/\/www.sanboni.edu.co\/onu\/wp-content\/uploads\/Manuela-Bonelo1-2-600x600.jpg 600w, https:\/\/www.sanboni.edu.co\/onu\/wp-content\/uploads\/Manuela-Bonelo1-2-300x300.jpg 300w, https:\/\/www.sanboni.edu.co\/onu\/wp-content\/uploads\/Manuela-Bonelo1-2-768x769.jpg 768w\" sizes=\"(max-width: 1248px) 100vw, 1248px\" \/>\t\t\t\t\t\t\t\t\t\t\t\t\t\t\t<\/div>\n\t\t\t\t<\/div>\n\t\t\t\t<div class=\"elementor-element elementor-element-9fcb32c elementor-widget elementor-widget-icon-box\" data-id=\"9fcb32c\" data-element_type=\"widget\" data-widget_type=\"icon-box.default\">\n\t\t\t\t<div class=\"elementor-widget-container\">\n\t\t\t\t\t\t\t<div class=\"elementor-icon-box-wrapper\">\n\n\t\t\t\n\t\t\t\t\t\t<div class=\"elementor-icon-box-content\">\n\n\t\t\t\t\t\t\t\t\t<h3 class=\"elementor-icon-box-title\">\n\t\t\t\t\t\t<span  >\n\t\t\t\t\t\t\tSECRETARIA GENERAL\t\t\t\t\t\t<\/span>\n\t\t\t\t\t<\/h3>\n\t\t\t\t\n\t\t\t\t\t\t\t\t\t<p class=\"elementor-icon-box-description\">\n\t\t\t\t\t\tMANUELA BONELO\t\t\t\t\t<\/p>\n\t\t\t\t\n\t\t\t<\/div>\n\t\t\t\n\t\t<\/div>\n\t\t\t\t\t\t<\/div>\n\t\t\t\t<\/div>\n\t\t\t\t<div class=\"elementor-element elementor-element-e93d125 elementor-button-info elementor-align-center elementor-widget elementor-widget-button\" data-id=\"e93d125\" data-element_type=\"widget\" data-widget_type=\"button.default\">\n\t\t\t\t<div class=\"elementor-widget-container\">\n\t\t\t\t\t\t\t\t\t<div class=\"elementor-button-wrapper\">\n\t\t\t\t\t<a class=\"elementor-button elementor-button-link elementor-size-sm\" href=\"https:\/\/www.sanboni.edu.co\/onu\/secretario-general\/\">\n\t\t\t\t\t\t<span class=\"elementor-button-content-wrapper\">\n\t\t\t\t\t\t\t\t\t<span class=\"elementor-button-text\">PERFIL<\/span>\n\t\t\t\t\t<\/span>\n\t\t\t\t\t<\/a>\n\t\t\t\t<\/div>\n\t\t\t\t\t\t\t\t<\/div>\n\t\t\t\t<\/div>\n\t\t\t\t\t<\/div>\n\t\t<\/div>\n\t\t\t\t<div class=\"elementor-column elementor-col-25 elementor-top-column elementor-element elementor-element-f4e6530\" data-id=\"f4e6530\" data-element_type=\"column\">\n\t\t\t<div class=\"elementor-widget-wrap elementor-element-populated\">\n\t\t\t\t\t\t<div class=\"elementor-element elementor-element-92c7ad1 elementor-widget elementor-widget-image\" data-id=\"92c7ad1\" data-element_type=\"widget\" data-widget_type=\"image.default\">\n\t\t\t\t<div class=\"elementor-widget-container\">\n\t\t\t\t\t\t\t\t\t\t\t\t\t\t\t<img decoding=\"async\" width=\"1248\" height=\"1248\" src=\"https:\/\/www.sanboni.edu.co\/onu\/wp-content\/uploads\/Maria-Alejandra-Alfonso1-2.jpg\" class=\"attachment-full size-full wp-image-2472\" alt=\"\" srcset=\"https:\/\/www.sanboni.edu.co\/onu\/wp-content\/uploads\/Maria-Alejandra-Alfonso1-2.jpg 1248w, https:\/\/www.sanboni.edu.co\/onu\/wp-content\/uploads\/Maria-Alejandra-Alfonso1-2-600x600.jpg 600w, https:\/\/www.sanboni.edu.co\/onu\/wp-content\/uploads\/Maria-Alejandra-Alfonso1-2-300x300.jpg 300w, https:\/\/www.sanboni.edu.co\/onu\/wp-content\/uploads\/Maria-Alejandra-Alfonso1-2-768x768.jpg 768w\" sizes=\"(max-width: 1248px) 100vw, 1248px\" \/>\t\t\t\t\t\t\t\t\t\t\t\t\t\t\t<\/div>\n\t\t\t\t<\/div>\n\t\t\t\t<div class=\"elementor-element elementor-element-cb4d595 elementor-widget elementor-widget-icon-box\" data-id=\"cb4d595\" data-element_type=\"widget\" data-widget_type=\"icon-box.default\">\n\t\t\t\t<div class=\"elementor-widget-container\">\n\t\t\t\t\t\t\t<div class=\"elementor-icon-box-wrapper\">\n\n\t\t\t\n\t\t\t\t\t\t<div class=\"elementor-icon-box-content\">\n\n\t\t\t\t\t\t\t\t\t<h3 class=\"elementor-icon-box-title\">\n\t\t\t\t\t\t<span  >\n\t\t\t\t\t\t\tSECRETARIA AC\u00c1DEMICA\t\t\t\t\t\t<\/span>\n\t\t\t\t\t<\/h3>\n\t\t\t\t\n\t\t\t\t\t\t\t\t\t<p class=\"elementor-icon-box-description\">\n\t\t\t\t\t\tMARIA ALEJANDRA ALFONSO\t\t\t\t\t<\/p>\n\t\t\t\t\n\t\t\t<\/div>\n\t\t\t\n\t\t<\/div>\n\t\t\t\t\t\t<\/div>\n\t\t\t\t<\/div>\n\t\t\t\t<div class=\"elementor-element elementor-element-889129a elementor-button-info elementor-align-center elementor-widget elementor-widget-button\" data-id=\"889129a\" data-element_type=\"widget\" data-widget_type=\"button.default\">\n\t\t\t\t<div class=\"elementor-widget-container\">\n\t\t\t\t\t\t\t\t\t<div class=\"elementor-button-wrapper\">\n\t\t\t\t\t<a class=\"elementor-button elementor-button-link elementor-size-sm\" href=\"https:\/\/www.sanboni.edu.co\/onu\/secretaria-academica\/\">\n\t\t\t\t\t\t<span class=\"elementor-button-content-wrapper\">\n\t\t\t\t\t\t\t\t\t<span class=\"elementor-button-text\">PERFIL<\/span>\n\t\t\t\t\t<\/span>\n\t\t\t\t\t<\/a>\n\t\t\t\t<\/div>\n\t\t\t\t\t\t\t\t<\/div>\n\t\t\t\t<\/div>\n\t\t\t\t\t<\/div>\n\t\t<\/div>\n\t\t\t\t<div class=\"elementor-column elementor-col-25 elementor-top-column elementor-element elementor-element-6d32dc5\" data-id=\"6d32dc5\" data-element_type=\"column\">\n\t\t\t<div class=\"elementor-widget-wrap elementor-element-populated\">\n\t\t\t\t\t\t<div class=\"elementor-element elementor-element-2a5dad9 elementor-widget elementor-widget-image\" data-id=\"2a5dad9\" data-element_type=\"widget\" data-widget_type=\"image.default\">\n\t\t\t\t<div class=\"elementor-widget-container\">\n\t\t\t\t\t\t\t\t\t\t\t\t\t\t\t<img loading=\"lazy\" decoding=\"async\" width=\"1248\" height=\"1248\" src=\"https:\/\/www.sanboni.edu.co\/onu\/wp-content\/uploads\/Valery-Ojeda1-1.jpg\" class=\"attachment-full size-full wp-image-2470\" alt=\"\" srcset=\"https:\/\/www.sanboni.edu.co\/onu\/wp-content\/uploads\/Valery-Ojeda1-1.jpg 1248w, https:\/\/www.sanboni.edu.co\/onu\/wp-content\/uploads\/Valery-Ojeda1-1-600x600.jpg 600w, https:\/\/www.sanboni.edu.co\/onu\/wp-content\/uploads\/Valery-Ojeda1-1-300x300.jpg 300w, https:\/\/www.sanboni.edu.co\/onu\/wp-content\/uploads\/Valery-Ojeda1-1-768x768.jpg 768w\" sizes=\"(max-width: 1248px) 100vw, 1248px\" \/>\t\t\t\t\t\t\t\t\t\t\t\t\t\t\t<\/div>\n\t\t\t\t<\/div>\n\t\t\t\t<div class=\"elementor-element elementor-element-a32f1fc elementor-widget elementor-widget-icon-box\" data-id=\"a32f1fc\" data-element_type=\"widget\" data-widget_type=\"icon-box.default\">\n\t\t\t\t<div class=\"elementor-widget-container\">\n\t\t\t\t\t\t\t<div class=\"elementor-icon-box-wrapper\">\n\n\t\t\t\n\t\t\t\t\t\t<div class=\"elementor-icon-box-content\">\n\n\t\t\t\t\t\t\t\t\t<h3 class=\"elementor-icon-box-title\">\n\t\t\t\t\t\t<span  >\n\t\t\t\t\t\t\tSECRETARIA DE PRENSA\t\t\t\t\t\t<\/span>\n\t\t\t\t\t<\/h3>\n\t\t\t\t\n\t\t\t\t\t\t\t\t\t<p class=\"elementor-icon-box-description\">\n\t\t\t\t\t\tVALERY OJEDA\t\t\t\t\t<\/p>\n\t\t\t\t\n\t\t\t<\/div>\n\t\t\t\n\t\t<\/div>\n\t\t\t\t\t\t<\/div>\n\t\t\t\t<\/div>\n\t\t\t\t<div class=\"elementor-element elementor-element-4192839 elementor-button-info elementor-align-center elementor-widget elementor-widget-button\" data-id=\"4192839\" data-element_type=\"widget\" data-widget_type=\"button.default\">\n\t\t\t\t<div class=\"elementor-widget-container\">\n\t\t\t\t\t\t\t\t\t<div class=\"elementor-button-wrapper\">\n\t\t\t\t\t<a class=\"elementor-button elementor-button-link elementor-size-sm\" href=\"https:\/\/www.sanboni.edu.co\/onu\/secretaria-de-prensa\/\">\n\t\t\t\t\t\t<span class=\"elementor-button-content-wrapper\">\n\t\t\t\t\t\t\t\t\t<span class=\"elementor-button-text\">PERFIL<\/span>\n\t\t\t\t\t<\/span>\n\t\t\t\t\t<\/a>\n\t\t\t\t<\/div>\n\t\t\t\t\t\t\t\t<\/div>\n\t\t\t\t<\/div>\n\t\t\t\t\t<\/div>\n\t\t<\/div>\n\t\t\t\t<div class=\"elementor-column elementor-col-25 elementor-top-column elementor-element elementor-element-da4a007\" data-id=\"da4a007\" data-element_type=\"column\">\n\t\t\t<div class=\"elementor-widget-wrap elementor-element-populated\">\n\t\t\t\t\t\t<div class=\"elementor-element elementor-element-c26658b elementor-widget elementor-widget-image\" data-id=\"c26658b\" data-element_type=\"widget\" data-widget_type=\"image.default\">\n\t\t\t\t<div class=\"elementor-widget-container\">\n\t\t\t\t\t\t\t\t\t\t\t\t\t\t\t<img loading=\"lazy\" decoding=\"async\" width=\"1248\" height=\"1248\" src=\"https:\/\/www.sanboni.edu.co\/onu\/wp-content\/uploads\/Isabella-Albarello1.jpg\" class=\"attachment-full size-full wp-image-2469\" alt=\"\" srcset=\"https:\/\/www.sanboni.edu.co\/onu\/wp-content\/uploads\/Isabella-Albarello1.jpg 1248w, https:\/\/www.sanboni.edu.co\/onu\/wp-content\/uploads\/Isabella-Albarello1-600x600.jpg 600w, https:\/\/www.sanboni.edu.co\/onu\/wp-content\/uploads\/Isabella-Albarello1-300x300.jpg 300w, https:\/\/www.sanboni.edu.co\/onu\/wp-content\/uploads\/Isabella-Albarello1-768x768.jpg 768w\" sizes=\"(max-width: 1248px) 100vw, 1248px\" \/>\t\t\t\t\t\t\t\t\t\t\t\t\t\t\t<\/div>\n\t\t\t\t<\/div>\n\t\t\t\t<div class=\"elementor-element elementor-element-92e45d1 elementor-widget elementor-widget-icon-box\" data-id=\"92e45d1\" data-element_type=\"widget\" data-widget_type=\"icon-box.default\">\n\t\t\t\t<div class=\"elementor-widget-container\">\n\t\t\t\t\t\t\t<div class=\"elementor-icon-box-wrapper\">\n\n\t\t\t\n\t\t\t\t\t\t<div class=\"elementor-icon-box-content\">\n\n\t\t\t\t\t\t\t\t\t<h3 class=\"elementor-icon-box-title\">\n\t\t\t\t\t\t<span  >\n\t\t\t\t\t\t\tSECRETARIA DE LOG\u00cdSTICA\t\t\t\t\t\t<\/span>\n\t\t\t\t\t<\/h3>\n\t\t\t\t\n\t\t\t\t\t\t\t\t\t<p class=\"elementor-icon-box-description\">\n\t\t\t\t\t\tISABELLA ALVARELLO\t\t\t\t\t<\/p>\n\t\t\t\t\n\t\t\t<\/div>\n\t\t\t\n\t\t<\/div>\n\t\t\t\t\t\t<\/div>\n\t\t\t\t<\/div>\n\t\t\t\t<div class=\"elementor-element elementor-element-b42809c elementor-button-info elementor-align-center elementor-widget elementor-widget-button\" data-id=\"b42809c\" data-element_type=\"widget\" data-widget_type=\"button.default\">\n\t\t\t\t<div class=\"elementor-widget-container\">\n\t\t\t\t\t\t\t\t\t<div class=\"elementor-button-wrapper\">\n\t\t\t\t\t<a class=\"elementor-button elementor-button-link elementor-size-sm\" href=\"https:\/\/www.sanboni.edu.co\/onu\/secretaria-de-logistica\/\">\n\t\t\t\t\t\t<span class=\"elementor-button-content-wrapper\">\n\t\t\t\t\t\t\t\t\t<span class=\"elementor-button-text\">PERFIL<\/span>\n\t\t\t\t\t<\/span>\n\t\t\t\t\t<\/a>\n\t\t\t\t<\/div>\n\t\t\t\t\t\t\t\t<\/div>\n\t\t\t\t<\/div>\n\t\t\t\t\t<\/div>\n\t\t<\/div>\n\t\t\t\t\t<\/div>\n\t\t<\/section>\n\t\t\t\t<\/div>\n\t\t","protected":false},"excerpt":{"rendered":"<p>SECRETARIA DE LOG\u00cdSTICA SECRETARIA DE LOG\u00cdSTICA PAULA PINZ\u00d3N PERFIL DEL ESTUDIANTE En su trayectoria en Modelos de Naciones Unidas, Isabella ha percibido la importancia de la rigurosidad en uno de los sectores fundamentales para el correcto funcionamiento del SBLMUN: el Departamento de Log\u00edstica.\u00a0 Desde el 2019, nuestra Secretaria de Log\u00edstica ha sido part\u00edcipe del SBLMUN, [&hellip;]<\/p>\n","protected":false},"author":1,"featured_media":0,"parent":1150,"menu_order":4,"comment_status":"closed","ping_status":"closed","template":"","meta":{"footnotes":""},"class_list":["post-1375","page","type-page","status-publish","hentry"],"aioseo_notices":[],"_links":{"self":[{"href":"https:\/\/www.sanboni.edu.co\/onu\/wp-json\/wp\/v2\/pages\/1375","targetHints":{"allow":["GET"]}}],"collection":[{"href":"https:\/\/www.sanboni.edu.co\/onu\/wp-json\/wp\/v2\/pages"}],"about":[{"href":"https:\/\/www.sanboni.edu.co\/onu\/wp-json\/wp\/v2\/types\/page"}],"author":[{"embeddable":true,"href":"https:\/\/www.sanboni.edu.co\/onu\/wp-json\/wp\/v2\/users\/1"}],"replies":[{"embeddable":true,"href":"https:\/\/www.sanboni.edu.co\/onu\/wp-json\/wp\/v2\/comments?post=1375"}],"version-history":[{"count":36,"href":"https:\/\/www.sanboni.edu.co\/onu\/wp-json\/wp\/v2\/pages\/1375\/revisions"}],"predecessor-version":[{"id":2502,"href":"https:\/\/www.sanboni.edu.co\/onu\/wp-json\/wp\/v2\/pages\/1375\/revisions\/2502"}],"up":[{"embeddable":true,"href":"https:\/\/www.sanboni.edu.co\/onu\/wp-json\/wp\/v2\/pages\/1150"}],"wp:attachment":[{"href":"https:\/\/www.sanboni.edu.co\/onu\/wp-json\/wp\/v2\/media?parent=1375"}],"curies":[{"name":"wp","href":"https:\/\/api.w.org\/{rel}","templated":true}]}}