{"id":1361,"date":"2022-07-21T15:14:33","date_gmt":"2022-07-21T20:14:33","guid":{"rendered":"https:\/\/www.sanboni.edu.co\/onu\/?page_id=1361"},"modified":"2025-06-25T13:03:41","modified_gmt":"2025-06-25T18:03:41","slug":"secretaria-academica","status":"publish","type":"page","link":"https:\/\/www.sanboni.edu.co\/onu\/sblmun-2022\/secretaria-academica\/","title":{"rendered":"SECRETAR\u00cdA ACAD\u00c9MICA"},"content":{"rendered":"\t\t<div data-elementor-type=\"wp-page\" data-elementor-id=\"1361\" class=\"elementor elementor-1361\">\n\t\t\t\t\t\t<section class=\"elementor-section elementor-top-section elementor-element elementor-element-198ad98 elementor-section-full_width elementor-section-height-min-height elementor-section-height-default elementor-section-items-middle\" data-id=\"198ad98\" data-element_type=\"section\" data-settings=\"{&quot;background_background&quot;:&quot;classic&quot;}\">\n\t\t\t\t\t\t<div class=\"elementor-container elementor-column-gap-default\">\n\t\t\t\t\t<div class=\"elementor-column elementor-col-100 elementor-top-column elementor-element elementor-element-d7c0e59\" data-id=\"d7c0e59\" data-element_type=\"column\">\n\t\t\t<div class=\"elementor-widget-wrap elementor-element-populated\">\n\t\t\t\t\t\t<div class=\"elementor-element elementor-element-cd6dd47 elementor-widget elementor-widget-heading\" data-id=\"cd6dd47\" data-element_type=\"widget\" data-widget_type=\"heading.default\">\n\t\t\t\t<div class=\"elementor-widget-container\">\n\t\t\t\t\t<h2 class=\"elementor-heading-title elementor-size-default\">SECRETAR\u00cdA ACAD\u00c9MICA<\/h2>\t\t\t\t<\/div>\n\t\t\t\t<\/div>\n\t\t\t\t\t<\/div>\n\t\t<\/div>\n\t\t\t\t\t<\/div>\n\t\t<\/section>\n\t\t\t\t<section class=\"elementor-section elementor-top-section elementor-element elementor-element-bda9d10 elementor-section-boxed elementor-section-height-default elementor-section-height-default\" data-id=\"bda9d10\" data-element_type=\"section\">\n\t\t\t\t\t\t<div class=\"elementor-container elementor-column-gap-default\">\n\t\t\t\t\t<div class=\"elementor-column elementor-col-50 elementor-top-column elementor-element elementor-element-768ad75\" data-id=\"768ad75\" data-element_type=\"column\">\n\t\t\t<div class=\"elementor-widget-wrap elementor-element-populated\">\n\t\t\t\t\t\t<div class=\"elementor-element elementor-element-900d249 elementor-widget elementor-widget-image\" data-id=\"900d249\" data-element_type=\"widget\" data-widget_type=\"image.default\">\n\t\t\t\t<div class=\"elementor-widget-container\">\n\t\t\t\t\t\t\t\t\t\t\t\t\t\t\t<img fetchpriority=\"high\" decoding=\"async\" width=\"1280\" height=\"857\" src=\"https:\/\/www.sanboni.edu.co\/onu\/wp-content\/uploads\/Maria-Alejandra-Alfonso-1280x857.jpg\" class=\"attachment-large size-large wp-image-2444\" alt=\"\" srcset=\"https:\/\/www.sanboni.edu.co\/onu\/wp-content\/uploads\/Maria-Alejandra-Alfonso-1280x857.jpg 1280w, https:\/\/www.sanboni.edu.co\/onu\/wp-content\/uploads\/Maria-Alejandra-Alfonso-600x402.jpg 600w, https:\/\/www.sanboni.edu.co\/onu\/wp-content\/uploads\/Maria-Alejandra-Alfonso-768x514.jpg 768w, https:\/\/www.sanboni.edu.co\/onu\/wp-content\/uploads\/Maria-Alejandra-Alfonso-1536x1028.jpg 1536w, https:\/\/www.sanboni.edu.co\/onu\/wp-content\/uploads\/Maria-Alejandra-Alfonso-2048x1371.jpg 2048w\" sizes=\"(max-width: 1280px) 100vw, 1280px\" \/>\t\t\t\t\t\t\t\t\t\t\t\t\t\t\t<\/div>\n\t\t\t\t<\/div>\n\t\t\t\t<div class=\"elementor-element elementor-element-ba25b49 elementor-widget elementor-widget-icon-box\" data-id=\"ba25b49\" data-element_type=\"widget\" data-widget_type=\"icon-box.default\">\n\t\t\t\t<div class=\"elementor-widget-container\">\n\t\t\t\t\t\t\t<div class=\"elementor-icon-box-wrapper\">\n\n\t\t\t\n\t\t\t\t\t\t<div class=\"elementor-icon-box-content\">\n\n\t\t\t\t\t\t\t\t\t<h3 class=\"elementor-icon-box-title\">\n\t\t\t\t\t\t<span  >\n\t\t\t\t\t\t\tSECRETARIA AC\u00c1DEMICA\t\t\t\t\t\t<\/span>\n\t\t\t\t\t<\/h3>\n\t\t\t\t\n\t\t\t\t\t\t\t\t\t<p class=\"elementor-icon-box-description\">\n\t\t\t\t\t\tMARIA ALEJANDRA ALFONSO\t\t\t\t\t<\/p>\n\t\t\t\t\n\t\t\t<\/div>\n\t\t\t\n\t\t<\/div>\n\t\t\t\t\t\t<\/div>\n\t\t\t\t<\/div>\n\t\t\t\t\t<\/div>\n\t\t<\/div>\n\t\t\t\t<div class=\"elementor-column elementor-col-50 elementor-top-column elementor-element elementor-element-0873098\" data-id=\"0873098\" data-element_type=\"column\">\n\t\t\t<div class=\"elementor-widget-wrap elementor-element-populated\">\n\t\t\t\t\t\t<div class=\"elementor-element elementor-element-2b3c516 elementor-widget elementor-widget-heading\" data-id=\"2b3c516\" data-element_type=\"widget\" data-widget_type=\"heading.default\">\n\t\t\t\t<div class=\"elementor-widget-container\">\n\t\t\t\t\t<h2 class=\"elementor-heading-title elementor-size-default\">PERFIL DEL ESTUDIANTE<\/h2>\t\t\t\t<\/div>\n\t\t\t\t<\/div>\n\t\t\t\t<div class=\"elementor-element elementor-element-ca3fc7c elementor-widget elementor-widget-text-editor\" data-id=\"ca3fc7c\" data-element_type=\"widget\" data-widget_type=\"text-editor.default\">\n\t\t\t\t<div class=\"elementor-widget-container\">\n\t\t\t\t\t\t\t\t\t<p>La trayectoria de Sof\u00eda Hidalgo en el Modelos de las Naciones Unidas del San Bonifacio de las Lanzas consta de cinco a\u00f1os, los cuales han enriquecido de manera significativa su desempe\u00f1o acad\u00e9mico y personal, este a\u00f1o finaliza su recorrido dentro modelo ejerciendo el valioso rol de secretar\u00eda acad\u00e9mica, con el prop\u00f3sito de velar por la m\u00e1s alta rigurosidad acad\u00e9mica y garantizar el \u00f3ptimo desarrollo de los debates por medio de la preparaci\u00f3n de cada uno de los delegados.<\/p><p>Sin embargo, nuestra secretaria acad\u00e9mica no hubiera podido llegar a su cargo sin antes haber sido part\u00edcipe como delegada durante tres a\u00f1os consecutivos en las comisiones Junior, OMS y Summit, en donde desarroll\u00f3 competencias imprescindibles como el pensamiento cr\u00edtico, el liderazgo y la oratoria, no es hasta su cuarto a\u00f1o de participaci\u00f3n cuando vive la primera experiencia dentro de la mesa directiva del modelo como copresidenta del Consejo de Seguridad, en donde descubri\u00f3 la importancia de una buena preparaci\u00f3n acad\u00e9mica para el correcto funcionamiento del modelo, desde ese momento Sof\u00eda como estudiante y ahora como secretaria acad\u00e9mica est\u00e1 completamente comprometida con cada uno de los participantes de este ejercicio acad\u00e9mico para brindarles la mejor experiencia dentro de cada comisi\u00f3n y afianzar el desarrollo y fortalecimiento de m\u00faltiple competencias que sin duda alguna les seran utiles para el resto de sus vidas.<\/p>\t\t\t\t\t\t\t\t<\/div>\n\t\t\t\t<\/div>\n\t\t\t\t\t<\/div>\n\t\t<\/div>\n\t\t\t\t\t<\/div>\n\t\t<\/section>\n\t\t\t\t<section class=\"elementor-section elementor-top-section elementor-element elementor-element-da97017 elementor-section-boxed elementor-section-height-default elementor-section-height-default\" data-id=\"da97017\" data-element_type=\"section\" data-settings=\"{&quot;background_background&quot;:&quot;classic&quot;}\">\n\t\t\t\t\t\t<div class=\"elementor-container elementor-column-gap-default\">\n\t\t\t\t\t<div class=\"elementor-column elementor-col-100 elementor-top-column elementor-element elementor-element-29f2f62\" data-id=\"29f2f62\" data-element_type=\"column\">\n\t\t\t<div class=\"elementor-widget-wrap elementor-element-populated\">\n\t\t\t\t\t\t<div class=\"elementor-element elementor-element-03ab37e elementor-widget elementor-widget-heading\" data-id=\"03ab37e\" data-element_type=\"widget\" data-widget_type=\"heading.default\">\n\t\t\t\t<div class=\"elementor-widget-container\">\n\t\t\t\t\t<h3 class=\"elementor-heading-title elementor-size-large\">JUNTA DIRECTIVA 2025<\/h3>\t\t\t\t<\/div>\n\t\t\t\t<\/div>\n\t\t\t\t\t<\/div>\n\t\t<\/div>\n\t\t\t\t\t<\/div>\n\t\t<\/section>\n\t\t\t\t<section class=\"elementor-section elementor-top-section elementor-element elementor-element-6797802 elementor-section-boxed elementor-section-height-default elementor-section-height-default\" data-id=\"6797802\" data-element_type=\"section\" data-settings=\"{&quot;background_background&quot;:&quot;classic&quot;}\">\n\t\t\t\t\t\t<div class=\"elementor-container elementor-column-gap-default\">\n\t\t\t\t\t<div class=\"elementor-column elementor-col-25 elementor-top-column elementor-element elementor-element-5567b45\" data-id=\"5567b45\" data-element_type=\"column\">\n\t\t\t<div class=\"elementor-widget-wrap elementor-element-populated\">\n\t\t\t\t\t\t<div class=\"elementor-element elementor-element-8bc0997 elementor-widget elementor-widget-image\" data-id=\"8bc0997\" data-element_type=\"widget\" data-widget_type=\"image.default\">\n\t\t\t\t<div class=\"elementor-widget-container\">\n\t\t\t\t\t\t\t\t\t\t\t\t\t\t\t<img decoding=\"async\" width=\"1248\" height=\"1250\" src=\"https:\/\/www.sanboni.edu.co\/onu\/wp-content\/uploads\/Manuela-Bonelo1-2.jpg\" class=\"attachment-full size-full wp-image-2471\" alt=\"\" srcset=\"https:\/\/www.sanboni.edu.co\/onu\/wp-content\/uploads\/Manuela-Bonelo1-2.jpg 1248w, https:\/\/www.sanboni.edu.co\/onu\/wp-content\/uploads\/Manuela-Bonelo1-2-600x600.jpg 600w, https:\/\/www.sanboni.edu.co\/onu\/wp-content\/uploads\/Manuela-Bonelo1-2-300x300.jpg 300w, https:\/\/www.sanboni.edu.co\/onu\/wp-content\/uploads\/Manuela-Bonelo1-2-768x769.jpg 768w\" sizes=\"(max-width: 1248px) 100vw, 1248px\" \/>\t\t\t\t\t\t\t\t\t\t\t\t\t\t\t<\/div>\n\t\t\t\t<\/div>\n\t\t\t\t<div class=\"elementor-element elementor-element-2ada11e elementor-widget elementor-widget-icon-box\" data-id=\"2ada11e\" data-element_type=\"widget\" data-widget_type=\"icon-box.default\">\n\t\t\t\t<div class=\"elementor-widget-container\">\n\t\t\t\t\t\t\t<div class=\"elementor-icon-box-wrapper\">\n\n\t\t\t\n\t\t\t\t\t\t<div class=\"elementor-icon-box-content\">\n\n\t\t\t\t\t\t\t\t\t<h3 class=\"elementor-icon-box-title\">\n\t\t\t\t\t\t<span  >\n\t\t\t\t\t\t\tSECRETARIA GENERAL\t\t\t\t\t\t<\/span>\n\t\t\t\t\t<\/h3>\n\t\t\t\t\n\t\t\t\t\t\t\t\t\t<p class=\"elementor-icon-box-description\">\n\t\t\t\t\t\tMANUELA BONELO\t\t\t\t\t<\/p>\n\t\t\t\t\n\t\t\t<\/div>\n\t\t\t\n\t\t<\/div>\n\t\t\t\t\t\t<\/div>\n\t\t\t\t<\/div>\n\t\t\t\t<div class=\"elementor-element elementor-element-f4397aa elementor-button-info elementor-align-center elementor-widget elementor-widget-button\" data-id=\"f4397aa\" data-element_type=\"widget\" data-widget_type=\"button.default\">\n\t\t\t\t<div class=\"elementor-widget-container\">\n\t\t\t\t\t\t\t\t\t<div class=\"elementor-button-wrapper\">\n\t\t\t\t\t<a class=\"elementor-button elementor-button-link elementor-size-sm\" href=\"https:\/\/www.sanboni.edu.co\/onu\/secretario-general\/\">\n\t\t\t\t\t\t<span class=\"elementor-button-content-wrapper\">\n\t\t\t\t\t\t\t\t\t<span class=\"elementor-button-text\">PERFIL<\/span>\n\t\t\t\t\t<\/span>\n\t\t\t\t\t<\/a>\n\t\t\t\t<\/div>\n\t\t\t\t\t\t\t\t<\/div>\n\t\t\t\t<\/div>\n\t\t\t\t\t<\/div>\n\t\t<\/div>\n\t\t\t\t<div class=\"elementor-column elementor-col-25 elementor-top-column elementor-element elementor-element-351f59d\" data-id=\"351f59d\" data-element_type=\"column\">\n\t\t\t<div class=\"elementor-widget-wrap elementor-element-populated\">\n\t\t\t\t\t\t<div class=\"elementor-element elementor-element-61e9af4 elementor-widget elementor-widget-image\" data-id=\"61e9af4\" data-element_type=\"widget\" data-widget_type=\"image.default\">\n\t\t\t\t<div class=\"elementor-widget-container\">\n\t\t\t\t\t\t\t\t\t\t\t\t\t\t\t<img decoding=\"async\" width=\"1248\" height=\"1248\" src=\"https:\/\/www.sanboni.edu.co\/onu\/wp-content\/uploads\/Maria-Alejandra-Alfonso1-2.jpg\" class=\"attachment-large size-large wp-image-2472\" alt=\"\" srcset=\"https:\/\/www.sanboni.edu.co\/onu\/wp-content\/uploads\/Maria-Alejandra-Alfonso1-2.jpg 1248w, https:\/\/www.sanboni.edu.co\/onu\/wp-content\/uploads\/Maria-Alejandra-Alfonso1-2-600x600.jpg 600w, https:\/\/www.sanboni.edu.co\/onu\/wp-content\/uploads\/Maria-Alejandra-Alfonso1-2-300x300.jpg 300w, https:\/\/www.sanboni.edu.co\/onu\/wp-content\/uploads\/Maria-Alejandra-Alfonso1-2-768x768.jpg 768w\" sizes=\"(max-width: 1248px) 100vw, 1248px\" \/>\t\t\t\t\t\t\t\t\t\t\t\t\t\t\t<\/div>\n\t\t\t\t<\/div>\n\t\t\t\t<div class=\"elementor-element elementor-element-c9ff653 elementor-widget elementor-widget-icon-box\" data-id=\"c9ff653\" data-element_type=\"widget\" data-widget_type=\"icon-box.default\">\n\t\t\t\t<div class=\"elementor-widget-container\">\n\t\t\t\t\t\t\t<div class=\"elementor-icon-box-wrapper\">\n\n\t\t\t\n\t\t\t\t\t\t<div class=\"elementor-icon-box-content\">\n\n\t\t\t\t\t\t\t\t\t<h3 class=\"elementor-icon-box-title\">\n\t\t\t\t\t\t<span  >\n\t\t\t\t\t\t\tSECRETARIA AC\u00c1DEMICA\t\t\t\t\t\t<\/span>\n\t\t\t\t\t<\/h3>\n\t\t\t\t\n\t\t\t\t\t\t\t\t\t<p class=\"elementor-icon-box-description\">\n\t\t\t\t\t\tMARIA ALEJANDRA ALFONSO\t\t\t\t\t<\/p>\n\t\t\t\t\n\t\t\t<\/div>\n\t\t\t\n\t\t<\/div>\n\t\t\t\t\t\t<\/div>\n\t\t\t\t<\/div>\n\t\t\t\t<div class=\"elementor-element elementor-element-3bf0f72 elementor-button-info elementor-align-center elementor-widget elementor-widget-button\" data-id=\"3bf0f72\" data-element_type=\"widget\" data-widget_type=\"button.default\">\n\t\t\t\t<div class=\"elementor-widget-container\">\n\t\t\t\t\t\t\t\t\t<div class=\"elementor-button-wrapper\">\n\t\t\t\t\t<a class=\"elementor-button elementor-button-link elementor-size-sm\" href=\"https:\/\/www.sanboni.edu.co\/onu\/secretaria-academica\/\">\n\t\t\t\t\t\t<span class=\"elementor-button-content-wrapper\">\n\t\t\t\t\t\t\t\t\t<span class=\"elementor-button-text\">PERFIL<\/span>\n\t\t\t\t\t<\/span>\n\t\t\t\t\t<\/a>\n\t\t\t\t<\/div>\n\t\t\t\t\t\t\t\t<\/div>\n\t\t\t\t<\/div>\n\t\t\t\t\t<\/div>\n\t\t<\/div>\n\t\t\t\t<div class=\"elementor-column elementor-col-25 elementor-top-column elementor-element elementor-element-c5d2a06\" data-id=\"c5d2a06\" data-element_type=\"column\">\n\t\t\t<div class=\"elementor-widget-wrap elementor-element-populated\">\n\t\t\t\t\t\t<div class=\"elementor-element elementor-element-c107c47 elementor-widget elementor-widget-image\" data-id=\"c107c47\" data-element_type=\"widget\" data-widget_type=\"image.default\">\n\t\t\t\t<div class=\"elementor-widget-container\">\n\t\t\t\t\t\t\t\t\t\t\t\t\t\t\t<img loading=\"lazy\" decoding=\"async\" width=\"1248\" height=\"1248\" src=\"https:\/\/www.sanboni.edu.co\/onu\/wp-content\/uploads\/Valery-Ojeda1-1.jpg\" class=\"attachment-large size-large wp-image-2470\" alt=\"\" srcset=\"https:\/\/www.sanboni.edu.co\/onu\/wp-content\/uploads\/Valery-Ojeda1-1.jpg 1248w, https:\/\/www.sanboni.edu.co\/onu\/wp-content\/uploads\/Valery-Ojeda1-1-600x600.jpg 600w, https:\/\/www.sanboni.edu.co\/onu\/wp-content\/uploads\/Valery-Ojeda1-1-300x300.jpg 300w, https:\/\/www.sanboni.edu.co\/onu\/wp-content\/uploads\/Valery-Ojeda1-1-768x768.jpg 768w\" sizes=\"(max-width: 1248px) 100vw, 1248px\" \/>\t\t\t\t\t\t\t\t\t\t\t\t\t\t\t<\/div>\n\t\t\t\t<\/div>\n\t\t\t\t<div class=\"elementor-element elementor-element-b05bab6 elementor-widget elementor-widget-icon-box\" data-id=\"b05bab6\" data-element_type=\"widget\" data-widget_type=\"icon-box.default\">\n\t\t\t\t<div class=\"elementor-widget-container\">\n\t\t\t\t\t\t\t<div class=\"elementor-icon-box-wrapper\">\n\n\t\t\t\n\t\t\t\t\t\t<div class=\"elementor-icon-box-content\">\n\n\t\t\t\t\t\t\t\t\t<h3 class=\"elementor-icon-box-title\">\n\t\t\t\t\t\t<span  >\n\t\t\t\t\t\t\tSECRETARIA DE PRENSA\t\t\t\t\t\t<\/span>\n\t\t\t\t\t<\/h3>\n\t\t\t\t\n\t\t\t\t\t\t\t\t\t<p class=\"elementor-icon-box-description\">\n\t\t\t\t\t\tVALERY OJEDA\t\t\t\t\t<\/p>\n\t\t\t\t\n\t\t\t<\/div>\n\t\t\t\n\t\t<\/div>\n\t\t\t\t\t\t<\/div>\n\t\t\t\t<\/div>\n\t\t\t\t<div class=\"elementor-element elementor-element-3a35e69 elementor-button-info elementor-align-center elementor-widget elementor-widget-button\" data-id=\"3a35e69\" data-element_type=\"widget\" data-widget_type=\"button.default\">\n\t\t\t\t<div class=\"elementor-widget-container\">\n\t\t\t\t\t\t\t\t\t<div class=\"elementor-button-wrapper\">\n\t\t\t\t\t<a class=\"elementor-button elementor-button-link elementor-size-sm\" href=\"https:\/\/www.sanboni.edu.co\/onu\/secretaria-de-prensa\/\">\n\t\t\t\t\t\t<span class=\"elementor-button-content-wrapper\">\n\t\t\t\t\t\t\t\t\t<span class=\"elementor-button-text\">PERFIL<\/span>\n\t\t\t\t\t<\/span>\n\t\t\t\t\t<\/a>\n\t\t\t\t<\/div>\n\t\t\t\t\t\t\t\t<\/div>\n\t\t\t\t<\/div>\n\t\t\t\t\t<\/div>\n\t\t<\/div>\n\t\t\t\t<div class=\"elementor-column elementor-col-25 elementor-top-column elementor-element elementor-element-580fb9a\" data-id=\"580fb9a\" data-element_type=\"column\">\n\t\t\t<div class=\"elementor-widget-wrap elementor-element-populated\">\n\t\t\t\t\t\t<div class=\"elementor-element elementor-element-f0e4172 elementor-widget elementor-widget-image\" data-id=\"f0e4172\" data-element_type=\"widget\" data-widget_type=\"image.default\">\n\t\t\t\t<div class=\"elementor-widget-container\">\n\t\t\t\t\t\t\t\t\t\t\t\t\t\t\t<img loading=\"lazy\" decoding=\"async\" width=\"1248\" height=\"1248\" src=\"https:\/\/www.sanboni.edu.co\/onu\/wp-content\/uploads\/Isabella-Albarello1.jpg\" class=\"attachment-full size-full wp-image-2469\" alt=\"\" srcset=\"https:\/\/www.sanboni.edu.co\/onu\/wp-content\/uploads\/Isabella-Albarello1.jpg 1248w, https:\/\/www.sanboni.edu.co\/onu\/wp-content\/uploads\/Isabella-Albarello1-600x600.jpg 600w, https:\/\/www.sanboni.edu.co\/onu\/wp-content\/uploads\/Isabella-Albarello1-300x300.jpg 300w, https:\/\/www.sanboni.edu.co\/onu\/wp-content\/uploads\/Isabella-Albarello1-768x768.jpg 768w\" sizes=\"(max-width: 1248px) 100vw, 1248px\" \/>\t\t\t\t\t\t\t\t\t\t\t\t\t\t\t<\/div>\n\t\t\t\t<\/div>\n\t\t\t\t<div class=\"elementor-element elementor-element-969d827 elementor-widget elementor-widget-icon-box\" data-id=\"969d827\" data-element_type=\"widget\" data-widget_type=\"icon-box.default\">\n\t\t\t\t<div class=\"elementor-widget-container\">\n\t\t\t\t\t\t\t<div class=\"elementor-icon-box-wrapper\">\n\n\t\t\t\n\t\t\t\t\t\t<div class=\"elementor-icon-box-content\">\n\n\t\t\t\t\t\t\t\t\t<h3 class=\"elementor-icon-box-title\">\n\t\t\t\t\t\t<span  >\n\t\t\t\t\t\t\tSECRETARIA DE LOG\u00cdSTICA\t\t\t\t\t\t<\/span>\n\t\t\t\t\t<\/h3>\n\t\t\t\t\n\t\t\t\t\t\t\t\t\t<p class=\"elementor-icon-box-description\">\n\t\t\t\t\t\tISABELLA ALBARELLO\t\t\t\t\t<\/p>\n\t\t\t\t\n\t\t\t<\/div>\n\t\t\t\n\t\t<\/div>\n\t\t\t\t\t\t<\/div>\n\t\t\t\t<\/div>\n\t\t\t\t<div class=\"elementor-element elementor-element-b14a87a elementor-button-info elementor-align-center elementor-widget elementor-widget-button\" data-id=\"b14a87a\" data-element_type=\"widget\" data-widget_type=\"button.default\">\n\t\t\t\t<div class=\"elementor-widget-container\">\n\t\t\t\t\t\t\t\t\t<div class=\"elementor-button-wrapper\">\n\t\t\t\t\t<a class=\"elementor-button elementor-button-link elementor-size-sm\" href=\"https:\/\/www.sanboni.edu.co\/onu\/secretaria-de-logistica\/\">\n\t\t\t\t\t\t<span class=\"elementor-button-content-wrapper\">\n\t\t\t\t\t\t\t\t\t<span class=\"elementor-button-text\">PERFIL<\/span>\n\t\t\t\t\t<\/span>\n\t\t\t\t\t<\/a>\n\t\t\t\t<\/div>\n\t\t\t\t\t\t\t\t<\/div>\n\t\t\t\t<\/div>\n\t\t\t\t\t<\/div>\n\t\t<\/div>\n\t\t\t\t\t<\/div>\n\t\t<\/section>\n\t\t\t\t<\/div>\n\t\t","protected":false},"excerpt":{"rendered":"<p>SECRETAR\u00cdA ACAD\u00c9MICA SECRETARIA AC\u00c1DEMICA MARIA ALEJANDRA ALFONSO PERFIL DEL ESTUDIANTE La trayectoria de Sof\u00eda Hidalgo en el Modelos de las Naciones Unidas del San Bonifacio de las Lanzas consta de cinco a\u00f1os, los cuales han enriquecido de manera significativa su desempe\u00f1o acad\u00e9mico y personal, este a\u00f1o finaliza su recorrido dentro modelo ejerciendo el valioso rol [&hellip;]<\/p>\n","protected":false},"author":1,"featured_media":0,"parent":1150,"menu_order":2,"comment_status":"closed","ping_status":"closed","template":"","meta":{"footnotes":""},"class_list":["post-1361","page","type-page","status-publish","hentry"],"aioseo_notices":[],"_links":{"self":[{"href":"https:\/\/www.sanboni.edu.co\/onu\/wp-json\/wp\/v2\/pages\/1361","targetHints":{"allow":["GET"]}}],"collection":[{"href":"https:\/\/www.sanboni.edu.co\/onu\/wp-json\/wp\/v2\/pages"}],"about":[{"href":"https:\/\/www.sanboni.edu.co\/onu\/wp-json\/wp\/v2\/types\/page"}],"author":[{"embeddable":true,"href":"https:\/\/www.sanboni.edu.co\/onu\/wp-json\/wp\/v2\/users\/1"}],"replies":[{"embeddable":true,"href":"https:\/\/www.sanboni.edu.co\/onu\/wp-json\/wp\/v2\/comments?post=1361"}],"version-history":[{"count":46,"href":"https:\/\/www.sanboni.edu.co\/onu\/wp-json\/wp\/v2\/pages\/1361\/revisions"}],"predecessor-version":[{"id":2505,"href":"https:\/\/www.sanboni.edu.co\/onu\/wp-json\/wp\/v2\/pages\/1361\/revisions\/2505"}],"up":[{"embeddable":true,"href":"https:\/\/www.sanboni.edu.co\/onu\/wp-json\/wp\/v2\/pages\/1150"}],"wp:attachment":[{"href":"https:\/\/www.sanboni.edu.co\/onu\/wp-json\/wp\/v2\/media?parent=1361"}],"curies":[{"name":"wp","href":"https:\/\/api.w.org\/{rel}","templated":true}]}}