{"id":1337,"date":"2022-07-21T14:17:15","date_gmt":"2022-07-21T19:17:15","guid":{"rendered":"https:\/\/www.sanboni.edu.co\/onu\/?page_id=1337"},"modified":"2025-07-01T09:16:26","modified_gmt":"2025-07-01T14:16:26","slug":"secretario-general","status":"publish","type":"page","link":"https:\/\/www.sanboni.edu.co\/onu\/sblmun-2022\/secretario-general\/","title":{"rendered":"SECRETAR\u00cdA GENERAL"},"content":{"rendered":"\t\t<div data-elementor-type=\"wp-page\" data-elementor-id=\"1337\" class=\"elementor elementor-1337\">\n\t\t\t\t\t\t<section class=\"elementor-section elementor-top-section elementor-element elementor-element-198ad98 elementor-section-full_width elementor-section-height-min-height elementor-section-height-default elementor-section-items-middle\" data-id=\"198ad98\" data-element_type=\"section\" data-settings=\"{&quot;background_background&quot;:&quot;classic&quot;}\">\n\t\t\t\t\t\t<div class=\"elementor-container elementor-column-gap-default\">\n\t\t\t\t\t<div class=\"elementor-column elementor-col-100 elementor-top-column elementor-element elementor-element-d7c0e59\" data-id=\"d7c0e59\" data-element_type=\"column\">\n\t\t\t<div class=\"elementor-widget-wrap elementor-element-populated\">\n\t\t\t\t\t\t<div class=\"elementor-element elementor-element-cd6dd47 elementor-widget elementor-widget-heading\" data-id=\"cd6dd47\" data-element_type=\"widget\" data-widget_type=\"heading.default\">\n\t\t\t\t<div class=\"elementor-widget-container\">\n\t\t\t\t\t<h2 class=\"elementor-heading-title elementor-size-default\">SECRETARIA GENERAL<\/h2>\t\t\t\t<\/div>\n\t\t\t\t<\/div>\n\t\t\t\t\t<\/div>\n\t\t<\/div>\n\t\t\t\t\t<\/div>\n\t\t<\/section>\n\t\t\t\t<section class=\"elementor-section elementor-top-section elementor-element elementor-element-bda9d10 elementor-section-boxed elementor-section-height-default elementor-section-height-default\" data-id=\"bda9d10\" data-element_type=\"section\">\n\t\t\t\t\t\t<div class=\"elementor-container elementor-column-gap-default\">\n\t\t\t\t\t<div class=\"elementor-column elementor-col-50 elementor-top-column elementor-element elementor-element-768ad75\" data-id=\"768ad75\" data-element_type=\"column\">\n\t\t\t<div class=\"elementor-widget-wrap elementor-element-populated\">\n\t\t\t\t\t\t<div class=\"elementor-element elementor-element-900d249 elementor-widget elementor-widget-image\" data-id=\"900d249\" data-element_type=\"widget\" data-widget_type=\"image.default\">\n\t\t\t\t<div class=\"elementor-widget-container\">\n\t\t\t\t\t\t\t\t\t\t\t\t\t\t\t<img fetchpriority=\"high\" decoding=\"async\" width=\"1280\" height=\"857\" src=\"https:\/\/www.sanboni.edu.co\/onu\/wp-content\/uploads\/Manuela-Bonelo-1280x857.jpg\" class=\"attachment-large size-large wp-image-2441\" alt=\"\" srcset=\"https:\/\/www.sanboni.edu.co\/onu\/wp-content\/uploads\/Manuela-Bonelo-1280x857.jpg 1280w, https:\/\/www.sanboni.edu.co\/onu\/wp-content\/uploads\/Manuela-Bonelo-600x402.jpg 600w, https:\/\/www.sanboni.edu.co\/onu\/wp-content\/uploads\/Manuela-Bonelo-768x514.jpg 768w, https:\/\/www.sanboni.edu.co\/onu\/wp-content\/uploads\/Manuela-Bonelo-1536x1028.jpg 1536w, https:\/\/www.sanboni.edu.co\/onu\/wp-content\/uploads\/Manuela-Bonelo-2048x1371.jpg 2048w\" sizes=\"(max-width: 1280px) 100vw, 1280px\" \/>\t\t\t\t\t\t\t\t\t\t\t\t\t\t\t<\/div>\n\t\t\t\t<\/div>\n\t\t\t\t<div class=\"elementor-element elementor-element-ba25b49 elementor-widget elementor-widget-icon-box\" data-id=\"ba25b49\" data-element_type=\"widget\" data-widget_type=\"icon-box.default\">\n\t\t\t\t<div class=\"elementor-widget-container\">\n\t\t\t\t\t\t\t<div class=\"elementor-icon-box-wrapper\">\n\n\t\t\t\n\t\t\t\t\t\t<div class=\"elementor-icon-box-content\">\n\n\t\t\t\t\t\t\t\t\t<h3 class=\"elementor-icon-box-title\">\n\t\t\t\t\t\t<span  >\n\t\t\t\t\t\t\tSECRETARIA GENERAL\t\t\t\t\t\t<\/span>\n\t\t\t\t\t<\/h3>\n\t\t\t\t\n\t\t\t\t\t\t\t\t\t<p class=\"elementor-icon-box-description\">\n\t\t\t\t\t\tMANUELA BONELO\t\t\t\t\t<\/p>\n\t\t\t\t\n\t\t\t<\/div>\n\t\t\t\n\t\t<\/div>\n\t\t\t\t\t\t<\/div>\n\t\t\t\t<\/div>\n\t\t\t\t\t<\/div>\n\t\t<\/div>\n\t\t\t\t<div class=\"elementor-column elementor-col-50 elementor-top-column elementor-element elementor-element-0873098\" data-id=\"0873098\" data-element_type=\"column\">\n\t\t\t<div class=\"elementor-widget-wrap elementor-element-populated\">\n\t\t\t\t\t\t<div class=\"elementor-element elementor-element-2b3c516 elementor-widget elementor-widget-heading\" data-id=\"2b3c516\" data-element_type=\"widget\" data-widget_type=\"heading.default\">\n\t\t\t\t<div class=\"elementor-widget-container\">\n\t\t\t\t\t<h2 class=\"elementor-heading-title elementor-size-default\">PERFIL DEL ESTUDIANTE<\/h2>\t\t\t\t<\/div>\n\t\t\t\t<\/div>\n\t\t\t\t<div class=\"elementor-element elementor-element-ca3fc7c elementor-widget elementor-widget-text-editor\" data-id=\"ca3fc7c\" data-element_type=\"widget\" data-widget_type=\"text-editor.default\">\n\t\t\t\t<div class=\"elementor-widget-container\">\n\t\t\t\t\t\t\t\t\t<p><span style=\"font-weight: 400;\">La Secretaria General del SBLMUN 2025, Manuela Bonelo, es una de las delegadas m\u00e1s destacadas de su generaci\u00f3n, con una trayectoria sobresaliente en modelos nacionales e internacionales como SAMONU (Colegio Los Samanes), Uniendo Metas (Argentina), y MUNUS de la Universidad de la Sabana.<\/span><\/p><p><span style=\"font-weight: 400;\">Ha participado en comisiones como OMS Junior, OMS, UNICEF, INTERPOL, UNODC, Sala de Tratados Internacionales y SOCHUM, obteniendo numerosos reconocimientos como Mejor Delegada, Mejor Carta de Posici\u00f3n y Mejor Copresidente.<\/span><\/p><p><span style=\"font-weight: 400;\">Manuela ha perfeccionado habilidades esenciales como la redacci\u00f3n acad\u00e9mica, la oratoria, la argumentaci\u00f3n y la negociaci\u00f3n. Como Secretaria General, su prop\u00f3sito es que los estudiantes reconozcan el valor del modelo m\u00e1s all\u00e1 de la academia, entendi\u00e9ndolo como una herramienta para ser ciudadanos m\u00e1s cr\u00edticos, activos y comprometidos con la transformaci\u00f3n social.<\/span><\/p><p><span style=\"font-weight: 400;\">Su motivaci\u00f3n profesional est\u00e1 profundamente ligada a la defensa de los derechos humanos y la garant\u00eda del acceso a la salud en poblaciones vulnerables, prop\u00f3sito que desea fortalecer en su carrera universitaria y en su vida profesional.<\/span><\/p>\t\t\t\t\t\t\t\t<\/div>\n\t\t\t\t<\/div>\n\t\t\t\t\t<\/div>\n\t\t<\/div>\n\t\t\t\t\t<\/div>\n\t\t<\/section>\n\t\t\t\t<section class=\"elementor-section elementor-top-section elementor-element elementor-element-6788ca1 elementor-section-boxed elementor-section-height-default elementor-section-height-default\" data-id=\"6788ca1\" data-element_type=\"section\" data-settings=\"{&quot;background_background&quot;:&quot;classic&quot;}\">\n\t\t\t\t\t\t<div class=\"elementor-container elementor-column-gap-default\">\n\t\t\t\t\t<div class=\"elementor-column elementor-col-100 elementor-top-column elementor-element elementor-element-0f54377\" data-id=\"0f54377\" data-element_type=\"column\">\n\t\t\t<div class=\"elementor-widget-wrap elementor-element-populated\">\n\t\t\t\t\t\t<div class=\"elementor-element elementor-element-512f487 elementor-widget elementor-widget-heading\" data-id=\"512f487\" data-element_type=\"widget\" data-widget_type=\"heading.default\">\n\t\t\t\t<div class=\"elementor-widget-container\">\n\t\t\t\t\t<h3 class=\"elementor-heading-title elementor-size-large\">JUNTA DIRECTIVA 2025<\/h3>\t\t\t\t<\/div>\n\t\t\t\t<\/div>\n\t\t\t\t\t<\/div>\n\t\t<\/div>\n\t\t\t\t\t<\/div>\n\t\t<\/section>\n\t\t\t\t<section class=\"elementor-section elementor-top-section elementor-element elementor-element-8fb8327 elementor-section-boxed elementor-section-height-default elementor-section-height-default\" data-id=\"8fb8327\" data-element_type=\"section\" data-settings=\"{&quot;background_background&quot;:&quot;classic&quot;}\">\n\t\t\t\t\t\t<div class=\"elementor-container elementor-column-gap-default\">\n\t\t\t\t\t<div class=\"elementor-column elementor-col-25 elementor-top-column elementor-element elementor-element-82e6360\" data-id=\"82e6360\" data-element_type=\"column\">\n\t\t\t<div class=\"elementor-widget-wrap elementor-element-populated\">\n\t\t\t\t\t\t<div class=\"elementor-element elementor-element-b53b4d7 elementor-widget elementor-widget-image\" data-id=\"b53b4d7\" data-element_type=\"widget\" data-widget_type=\"image.default\">\n\t\t\t\t<div class=\"elementor-widget-container\">\n\t\t\t\t\t\t\t\t\t\t\t\t\t\t\t<img decoding=\"async\" width=\"1248\" height=\"1250\" src=\"https:\/\/www.sanboni.edu.co\/onu\/wp-content\/uploads\/Manuela-Bonelo1-2.jpg\" class=\"attachment-full size-full wp-image-2471\" alt=\"\" srcset=\"https:\/\/www.sanboni.edu.co\/onu\/wp-content\/uploads\/Manuela-Bonelo1-2.jpg 1248w, https:\/\/www.sanboni.edu.co\/onu\/wp-content\/uploads\/Manuela-Bonelo1-2-600x600.jpg 600w, https:\/\/www.sanboni.edu.co\/onu\/wp-content\/uploads\/Manuela-Bonelo1-2-300x300.jpg 300w, https:\/\/www.sanboni.edu.co\/onu\/wp-content\/uploads\/Manuela-Bonelo1-2-768x769.jpg 768w\" sizes=\"(max-width: 1248px) 100vw, 1248px\" \/>\t\t\t\t\t\t\t\t\t\t\t\t\t\t\t<\/div>\n\t\t\t\t<\/div>\n\t\t\t\t<div class=\"elementor-element elementor-element-a71de32 elementor-widget elementor-widget-icon-box\" data-id=\"a71de32\" data-element_type=\"widget\" data-widget_type=\"icon-box.default\">\n\t\t\t\t<div class=\"elementor-widget-container\">\n\t\t\t\t\t\t\t<div class=\"elementor-icon-box-wrapper\">\n\n\t\t\t\n\t\t\t\t\t\t<div class=\"elementor-icon-box-content\">\n\n\t\t\t\t\t\t\t\t\t<h3 class=\"elementor-icon-box-title\">\n\t\t\t\t\t\t<span  >\n\t\t\t\t\t\t\tSECRETARIA GENERAL\t\t\t\t\t\t<\/span>\n\t\t\t\t\t<\/h3>\n\t\t\t\t\n\t\t\t\t\t\t\t\t\t<p class=\"elementor-icon-box-description\">\n\t\t\t\t\t\tMANUELA BONELO\t\t\t\t\t<\/p>\n\t\t\t\t\n\t\t\t<\/div>\n\t\t\t\n\t\t<\/div>\n\t\t\t\t\t\t<\/div>\n\t\t\t\t<\/div>\n\t\t\t\t<div class=\"elementor-element elementor-element-e7080de elementor-button-info elementor-align-center elementor-widget elementor-widget-button\" data-id=\"e7080de\" data-element_type=\"widget\" data-widget_type=\"button.default\">\n\t\t\t\t<div class=\"elementor-widget-container\">\n\t\t\t\t\t\t\t\t\t<div class=\"elementor-button-wrapper\">\n\t\t\t\t\t<a class=\"elementor-button elementor-button-link elementor-size-sm\" href=\"https:\/\/www.sanboni.edu.co\/onu\/secretario-general\/\">\n\t\t\t\t\t\t<span class=\"elementor-button-content-wrapper\">\n\t\t\t\t\t\t\t\t\t<span class=\"elementor-button-text\">PERFIL<\/span>\n\t\t\t\t\t<\/span>\n\t\t\t\t\t<\/a>\n\t\t\t\t<\/div>\n\t\t\t\t\t\t\t\t<\/div>\n\t\t\t\t<\/div>\n\t\t\t\t\t<\/div>\n\t\t<\/div>\n\t\t\t\t<div class=\"elementor-column elementor-col-25 elementor-top-column elementor-element elementor-element-74c6986\" data-id=\"74c6986\" data-element_type=\"column\">\n\t\t\t<div class=\"elementor-widget-wrap elementor-element-populated\">\n\t\t\t\t\t\t<div class=\"elementor-element elementor-element-15642d0 elementor-widget elementor-widget-image\" data-id=\"15642d0\" data-element_type=\"widget\" data-widget_type=\"image.default\">\n\t\t\t\t<div class=\"elementor-widget-container\">\n\t\t\t\t\t\t\t\t\t\t\t\t\t\t\t<img decoding=\"async\" width=\"1248\" height=\"1248\" src=\"https:\/\/www.sanboni.edu.co\/onu\/wp-content\/uploads\/Maria-Alejandra-Alfonso1-2.jpg\" class=\"attachment-full size-full wp-image-2472\" alt=\"\" srcset=\"https:\/\/www.sanboni.edu.co\/onu\/wp-content\/uploads\/Maria-Alejandra-Alfonso1-2.jpg 1248w, https:\/\/www.sanboni.edu.co\/onu\/wp-content\/uploads\/Maria-Alejandra-Alfonso1-2-600x600.jpg 600w, https:\/\/www.sanboni.edu.co\/onu\/wp-content\/uploads\/Maria-Alejandra-Alfonso1-2-300x300.jpg 300w, https:\/\/www.sanboni.edu.co\/onu\/wp-content\/uploads\/Maria-Alejandra-Alfonso1-2-768x768.jpg 768w\" sizes=\"(max-width: 1248px) 100vw, 1248px\" \/>\t\t\t\t\t\t\t\t\t\t\t\t\t\t\t<\/div>\n\t\t\t\t<\/div>\n\t\t\t\t<div class=\"elementor-element elementor-element-86c70bc elementor-widget elementor-widget-icon-box\" data-id=\"86c70bc\" data-element_type=\"widget\" data-widget_type=\"icon-box.default\">\n\t\t\t\t<div class=\"elementor-widget-container\">\n\t\t\t\t\t\t\t<div class=\"elementor-icon-box-wrapper\">\n\n\t\t\t\n\t\t\t\t\t\t<div class=\"elementor-icon-box-content\">\n\n\t\t\t\t\t\t\t\t\t<h3 class=\"elementor-icon-box-title\">\n\t\t\t\t\t\t<span  >\n\t\t\t\t\t\t\tSECRETARIA AC\u00c1DEMICA\t\t\t\t\t\t<\/span>\n\t\t\t\t\t<\/h3>\n\t\t\t\t\n\t\t\t\t\t\t\t\t\t<p class=\"elementor-icon-box-description\">\n\t\t\t\t\t\tMARIA ALEJANDRA ALFONSO\t\t\t\t\t<\/p>\n\t\t\t\t\n\t\t\t<\/div>\n\t\t\t\n\t\t<\/div>\n\t\t\t\t\t\t<\/div>\n\t\t\t\t<\/div>\n\t\t\t\t<div class=\"elementor-element elementor-element-40fe3da elementor-button-info elementor-align-center elementor-widget elementor-widget-button\" data-id=\"40fe3da\" data-element_type=\"widget\" data-widget_type=\"button.default\">\n\t\t\t\t<div class=\"elementor-widget-container\">\n\t\t\t\t\t\t\t\t\t<div class=\"elementor-button-wrapper\">\n\t\t\t\t\t<a class=\"elementor-button elementor-button-link elementor-size-sm\" href=\"https:\/\/www.sanboni.edu.co\/onu\/secretaria-academica\/\">\n\t\t\t\t\t\t<span class=\"elementor-button-content-wrapper\">\n\t\t\t\t\t\t\t\t\t<span class=\"elementor-button-text\">PERFIL<\/span>\n\t\t\t\t\t<\/span>\n\t\t\t\t\t<\/a>\n\t\t\t\t<\/div>\n\t\t\t\t\t\t\t\t<\/div>\n\t\t\t\t<\/div>\n\t\t\t\t\t<\/div>\n\t\t<\/div>\n\t\t\t\t<div class=\"elementor-column elementor-col-25 elementor-top-column elementor-element elementor-element-4730d70\" data-id=\"4730d70\" data-element_type=\"column\">\n\t\t\t<div class=\"elementor-widget-wrap elementor-element-populated\">\n\t\t\t\t\t\t<div class=\"elementor-element elementor-element-e52a37c elementor-widget elementor-widget-image\" data-id=\"e52a37c\" data-element_type=\"widget\" data-widget_type=\"image.default\">\n\t\t\t\t<div class=\"elementor-widget-container\">\n\t\t\t\t\t\t\t\t\t\t\t\t\t\t\t<img loading=\"lazy\" decoding=\"async\" width=\"1248\" height=\"1248\" src=\"https:\/\/www.sanboni.edu.co\/onu\/wp-content\/uploads\/Valery-Ojeda1-1.jpg\" class=\"attachment-full size-full wp-image-2470\" alt=\"\" srcset=\"https:\/\/www.sanboni.edu.co\/onu\/wp-content\/uploads\/Valery-Ojeda1-1.jpg 1248w, https:\/\/www.sanboni.edu.co\/onu\/wp-content\/uploads\/Valery-Ojeda1-1-600x600.jpg 600w, https:\/\/www.sanboni.edu.co\/onu\/wp-content\/uploads\/Valery-Ojeda1-1-300x300.jpg 300w, https:\/\/www.sanboni.edu.co\/onu\/wp-content\/uploads\/Valery-Ojeda1-1-768x768.jpg 768w\" sizes=\"(max-width: 1248px) 100vw, 1248px\" \/>\t\t\t\t\t\t\t\t\t\t\t\t\t\t\t<\/div>\n\t\t\t\t<\/div>\n\t\t\t\t<div class=\"elementor-element elementor-element-262c570 elementor-widget elementor-widget-icon-box\" data-id=\"262c570\" data-element_type=\"widget\" data-widget_type=\"icon-box.default\">\n\t\t\t\t<div class=\"elementor-widget-container\">\n\t\t\t\t\t\t\t<div class=\"elementor-icon-box-wrapper\">\n\n\t\t\t\n\t\t\t\t\t\t<div class=\"elementor-icon-box-content\">\n\n\t\t\t\t\t\t\t\t\t<h3 class=\"elementor-icon-box-title\">\n\t\t\t\t\t\t<span  >\n\t\t\t\t\t\t\tSECRETARIA DE PRENSA\t\t\t\t\t\t<\/span>\n\t\t\t\t\t<\/h3>\n\t\t\t\t\n\t\t\t\t\t\t\t\t\t<p class=\"elementor-icon-box-description\">\n\t\t\t\t\t\tVALERY OJEDA\t\t\t\t\t<\/p>\n\t\t\t\t\n\t\t\t<\/div>\n\t\t\t\n\t\t<\/div>\n\t\t\t\t\t\t<\/div>\n\t\t\t\t<\/div>\n\t\t\t\t<div class=\"elementor-element elementor-element-c3d1220 elementor-button-info elementor-align-center elementor-widget elementor-widget-button\" data-id=\"c3d1220\" data-element_type=\"widget\" data-widget_type=\"button.default\">\n\t\t\t\t<div class=\"elementor-widget-container\">\n\t\t\t\t\t\t\t\t\t<div class=\"elementor-button-wrapper\">\n\t\t\t\t\t<a class=\"elementor-button elementor-button-link elementor-size-sm\" href=\"https:\/\/www.sanboni.edu.co\/onu\/secretaria-de-prensa\/\">\n\t\t\t\t\t\t<span class=\"elementor-button-content-wrapper\">\n\t\t\t\t\t\t\t\t\t<span class=\"elementor-button-text\">PERFIL<\/span>\n\t\t\t\t\t<\/span>\n\t\t\t\t\t<\/a>\n\t\t\t\t<\/div>\n\t\t\t\t\t\t\t\t<\/div>\n\t\t\t\t<\/div>\n\t\t\t\t\t<\/div>\n\t\t<\/div>\n\t\t\t\t<div class=\"elementor-column elementor-col-25 elementor-top-column elementor-element elementor-element-0e2b97d\" data-id=\"0e2b97d\" data-element_type=\"column\">\n\t\t\t<div class=\"elementor-widget-wrap elementor-element-populated\">\n\t\t\t\t\t\t<div class=\"elementor-element elementor-element-93be98b elementor-widget elementor-widget-image\" data-id=\"93be98b\" data-element_type=\"widget\" data-widget_type=\"image.default\">\n\t\t\t\t<div class=\"elementor-widget-container\">\n\t\t\t\t\t\t\t\t\t\t\t\t\t\t\t<img loading=\"lazy\" decoding=\"async\" width=\"1248\" height=\"1248\" src=\"https:\/\/www.sanboni.edu.co\/onu\/wp-content\/uploads\/Isabella-Albarello1.jpg\" class=\"attachment-full size-full wp-image-2469\" alt=\"\" srcset=\"https:\/\/www.sanboni.edu.co\/onu\/wp-content\/uploads\/Isabella-Albarello1.jpg 1248w, https:\/\/www.sanboni.edu.co\/onu\/wp-content\/uploads\/Isabella-Albarello1-600x600.jpg 600w, https:\/\/www.sanboni.edu.co\/onu\/wp-content\/uploads\/Isabella-Albarello1-300x300.jpg 300w, https:\/\/www.sanboni.edu.co\/onu\/wp-content\/uploads\/Isabella-Albarello1-768x768.jpg 768w\" sizes=\"(max-width: 1248px) 100vw, 1248px\" \/>\t\t\t\t\t\t\t\t\t\t\t\t\t\t\t<\/div>\n\t\t\t\t<\/div>\n\t\t\t\t<div class=\"elementor-element elementor-element-bb8a284 elementor-widget elementor-widget-icon-box\" data-id=\"bb8a284\" data-element_type=\"widget\" data-widget_type=\"icon-box.default\">\n\t\t\t\t<div class=\"elementor-widget-container\">\n\t\t\t\t\t\t\t<div class=\"elementor-icon-box-wrapper\">\n\n\t\t\t\n\t\t\t\t\t\t<div class=\"elementor-icon-box-content\">\n\n\t\t\t\t\t\t\t\t\t<h3 class=\"elementor-icon-box-title\">\n\t\t\t\t\t\t<span  >\n\t\t\t\t\t\t\tSECRETARIA DE LOG\u00cdSTICA\t\t\t\t\t\t<\/span>\n\t\t\t\t\t<\/h3>\n\t\t\t\t\n\t\t\t\t\t\t\t\t\t<p class=\"elementor-icon-box-description\">\n\t\t\t\t\t\tISABELLA ALBARELLO\t\t\t\t\t<\/p>\n\t\t\t\t\n\t\t\t<\/div>\n\t\t\t\n\t\t<\/div>\n\t\t\t\t\t\t<\/div>\n\t\t\t\t<\/div>\n\t\t\t\t<div class=\"elementor-element elementor-element-60bff29 elementor-button-info elementor-align-center elementor-widget elementor-widget-button\" data-id=\"60bff29\" data-element_type=\"widget\" data-widget_type=\"button.default\">\n\t\t\t\t<div class=\"elementor-widget-container\">\n\t\t\t\t\t\t\t\t\t<div class=\"elementor-button-wrapper\">\n\t\t\t\t\t<a class=\"elementor-button elementor-button-link elementor-size-sm\" href=\"https:\/\/www.sanboni.edu.co\/onu\/secretaria-de-logistica\/\">\n\t\t\t\t\t\t<span class=\"elementor-button-content-wrapper\">\n\t\t\t\t\t\t\t\t\t<span class=\"elementor-button-text\">PERFIL<\/span>\n\t\t\t\t\t<\/span>\n\t\t\t\t\t<\/a>\n\t\t\t\t<\/div>\n\t\t\t\t\t\t\t\t<\/div>\n\t\t\t\t<\/div>\n\t\t\t\t\t<\/div>\n\t\t<\/div>\n\t\t\t\t\t<\/div>\n\t\t<\/section>\n\t\t\t\t<\/div>\n\t\t","protected":false},"excerpt":{"rendered":"<p>SECRETARIA GENERAL SECRETARIA GENERAL MANUELA BONELO PERFIL DEL ESTUDIANTE La Secretaria General del SBLMUN 2025, Manuela Bonelo, es una de las delegadas m\u00e1s destacadas de su generaci\u00f3n, con una trayectoria sobresaliente en modelos nacionales e internacionales como SAMONU (Colegio Los Samanes), Uniendo Metas (Argentina), y MUNUS de la Universidad de la Sabana. Ha participado en [&hellip;]<\/p>\n","protected":false},"author":1,"featured_media":0,"parent":1150,"menu_order":1,"comment_status":"closed","ping_status":"closed","template":"","meta":{"footnotes":""},"class_list":["post-1337","page","type-page","status-publish","hentry"],"aioseo_notices":[],"_links":{"self":[{"href":"https:\/\/www.sanboni.edu.co\/onu\/wp-json\/wp\/v2\/pages\/1337","targetHints":{"allow":["GET"]}}],"collection":[{"href":"https:\/\/www.sanboni.edu.co\/onu\/wp-json\/wp\/v2\/pages"}],"about":[{"href":"https:\/\/www.sanboni.edu.co\/onu\/wp-json\/wp\/v2\/types\/page"}],"author":[{"embeddable":true,"href":"https:\/\/www.sanboni.edu.co\/onu\/wp-json\/wp\/v2\/users\/1"}],"replies":[{"embeddable":true,"href":"https:\/\/www.sanboni.edu.co\/onu\/wp-json\/wp\/v2\/comments?post=1337"}],"version-history":[{"count":64,"href":"https:\/\/www.sanboni.edu.co\/onu\/wp-json\/wp\/v2\/pages\/1337\/revisions"}],"predecessor-version":[{"id":2578,"href":"https:\/\/www.sanboni.edu.co\/onu\/wp-json\/wp\/v2\/pages\/1337\/revisions\/2578"}],"up":[{"embeddable":true,"href":"https:\/\/www.sanboni.edu.co\/onu\/wp-json\/wp\/v2\/pages\/1150"}],"wp:attachment":[{"href":"https:\/\/www.sanboni.edu.co\/onu\/wp-json\/wp\/v2\/media?parent=1337"}],"curies":[{"name":"wp","href":"https:\/\/api.w.org\/{rel}","templated":true}]}}